{"id":108322,"date":"2021-07-01T00:48:34","date_gmt":"2021-06-30T22:48:34","guid":{"rendered":"https:\/\/shop.metal-badge.ch\/product\/108322\/warnschutz-hoodie-mit-reflexstreifen\/"},"modified":"2022-03-07T11:32:18","modified_gmt":"2022-03-07T10:32:18","slug":"sweat-shirt-a-capuche-haute-visibilite-avec-bandes-reflechissantes","status":"publish","type":"product","link":"https:\/\/metal-badge.ch\/fr\/product\/108322\/sweat-shirt-a-capuche-haute-visibilite-avec-bandes-reflechissantes\/","title":{"rendered":"Sweat-shirt \u00e0 capuche haute visibilit\u00e9 avec bandes r\u00e9fl\u00e9chissantes"},"content":{"rendered":"<p><span style=\"font-weight: 400;\">Sweat-shirt \u00e0 capuche haute visibilit\u00e9 avec fermeture \u00e9clair YKK sur toute la longueur et capuche avec cordon de serrage. La coupe pr\u00e8s du corps assure un ajustement optimal et une grande libert\u00e9 de mouvement. La taille du sweat-shirt peut \u00eatre ajust\u00e9e avec un \u00e9lastique. L&rsquo;avant est \u00e9quip\u00e9 de deux grandes poches. La micro polaire rend le sweat-shirt confortable \u00e0 porter. Ce sweat \u00e0 capuche est fabriqu\u00e9 en 100 % polyester et \u00e9quip\u00e9 de bandes r\u00e9fl\u00e9chissantes 3M tout autour. Le polyester durable est facile \u00e0 entretenir et peut \u00eatre lav\u00e9 en machine \u00e0 40 degr\u00e9s. Le sweat-shirt \u00e0 capuche est \u00e9quip\u00e9 de velcro sur le devant et le dos pour l&rsquo;\u00e9tiquetage. Nous proposons \u00e9galement une large gamme d&rsquo;\u00e9tiquettes. Contactez-nous.&nbsp;&nbsp;&nbsp;&nbsp;&nbsp;<\/span><\/p>\n<p><b>Informations sur le produit :&nbsp;<\/b><\/p>\n<ul>\n<li><span style=\"font-weight: 400;\">D\u00e9signation : Sweat-shirt \u00e0 capuche haute visibilit\u00e9 HI-1002&nbsp;<\/span><\/li>\n<li><span style=\"font-weight: 400;\">Mati\u00e8re&nbsp;: Micro-polaire 100 % polyester<\/span><\/li>\n<li><span style=\"font-weight: 400;\">Couleur : citron \/ noir&nbsp;<\/span><\/li>\n<li><span style=\"font-weight: 400;\">Bandes r\u00e9fl\u00e9chissantes : Bandes r\u00e9fl\u00e9chissantes 3M tout autour&nbsp;<\/span><\/li>\n<li><span style=\"font-weight: 400;\">Poids : \/ grammage : 280 GSM<\/span><\/li>\n<li><span style=\"font-weight: 400;\">2 grandes poches frontales<\/span><\/li>\n<li><span style=\"font-weight: 400;\">Fermeture \u00e9clair YKK<\/span><\/li>\n<li><span style=\"font-weight: 400;\">Capuche avec cordon de serrage&nbsp;<\/span><\/li>\n<li><span style=\"font-weight: 400;\">Respirant et facile d&rsquo;entretien<\/span><\/li>\n<li><span style=\"font-weight: 400;\">Poignets \u00e9lastiqu\u00e9s<\/span><\/li>\n<li><span style=\"font-weight: 400;\">Haute visibilit\u00e9<\/span><\/li>\n<li><span style=\"font-weight: 400;\">Coupe moderne avec une grande libert\u00e9 de mouvement&nbsp;&nbsp;<\/span><\/li>\n<li><span style=\"font-weight: 400;\">Fixation pour velcro dans le dos : 30 cm x 10 cm<\/span><\/li>\n<li><span style=\"font-weight: 400;\">Fixation pour velcro \u00e0 l&rsquo;avant 12 cm x 10 cm<\/span><\/li>\n<li><span style=\"font-weight: 400;\">La veste appartient au groupe de haute visibilit\u00e9 A et est certifi\u00e9e selon la norme EN ISO 20471 &#8211; classe 3.<\/span><\/li>\n<li><span style=\"font-weight: 400;\">Tailles : S, M, L, XL, 2XL <\/span><\/li>\n<\/ul>\n","protected":false},"excerpt":{"rendered":"<p><span style=\"font-weight: 400;\">Sweat-shirt \u00e0 capuche haute visibilit\u00e9 avec fermeture \u00e9clair YKK sur toute la longueur et capuche avec cordon de serrage. La coupe pr\u00e8s du corps assure un ajustement optimal et une grande libert\u00e9 de mouvement. La taille du sweat-shirt peut \u00eatre ajust\u00e9e avec un \u00e9lastique. L&rsquo;avant est \u00e9quip\u00e9 de deux grandes poches. La micro polaire rend le sweat-shirt confortable \u00e0 porter. Ce sweat \u00e0 capuche est fabriqu\u00e9 en 100 % polyester et \u00e9quip\u00e9 de bandes r\u00e9fl\u00e9chissantes 3M tout autour. Le polyester durable est facile \u00e0 entretenir et peut \u00eatre lav\u00e9 en machine \u00e0 40 degr\u00e9s. Le sweat-shirt \u00e0 capuche est \u00e9quip\u00e9 de velcro sur le devant et le dos pour l&rsquo;\u00e9tiquetage. Nous proposons \u00e9galement une large gamme d&rsquo;\u00e9tiquettes. Contactez-nous.&nbsp;&nbsp;<\/span><\/p>\n","protected":false},"featured_media":108178,"comment_status":"closed","ping_status":"closed","template":"","meta":{"inline_featured_image":false},"product_brand":[],"product_cat":[1582,1602,1606],"product_tag":[],"class_list":{"0":"post-108322","1":"product","2":"type-product","3":"status-publish","4":"has-post-thumbnail","6":"product_cat-sweats-a-capuche","7":"product_cat-vestes-en-softshell-pantalons-et-vetements-haute-visibilite","8":"product_cat-vetements-haute-visibilite-et-lumineux","10":"first","11":"instock","12":"taxable","13":"shipping-taxable","14":"purchasable","15":"product-type-simple"},"_links":{"self":[{"href":"https:\/\/metal-badge.ch\/fr\/wp-json\/wp\/v2\/product\/108322","targetHints":{"allow":["GET"]}}],"collection":[{"href":"https:\/\/metal-badge.ch\/fr\/wp-json\/wp\/v2\/product"}],"about":[{"href":"https:\/\/metal-badge.ch\/fr\/wp-json\/wp\/v2\/types\/product"}],"replies":[{"embeddable":true,"href":"https:\/\/metal-badge.ch\/fr\/wp-json\/wp\/v2\/comments?post=108322"}],"wp:featuredmedia":[{"embeddable":true,"href":"https:\/\/metal-badge.ch\/fr\/wp-json\/wp\/v2\/media\/108178"}],"wp:attachment":[{"href":"https:\/\/metal-badge.ch\/fr\/wp-json\/wp\/v2\/media?parent=108322"}],"wp:term":[{"taxonomy":"product_brand","embeddable":true,"href":"https:\/\/metal-badge.ch\/fr\/wp-json\/wp\/v2\/product_brand?post=108322"},{"taxonomy":"product_cat","embeddable":true,"href":"https:\/\/metal-badge.ch\/fr\/wp-json\/wp\/v2\/product_cat?post=108322"},{"taxonomy":"product_tag","embeddable":true,"href":"https:\/\/metal-badge.ch\/fr\/wp-json\/wp\/v2\/product_tag?post=108322"}],"curies":[{"name":"wp","href":"https:\/\/api.w.org\/{rel}","templated":true}]}}