{"id":107907,"date":"2021-06-28T02:56:35","date_gmt":"2021-06-28T00:56:36","guid":{"rendered":"https:\/\/shop.metal-badge.ch\/?post_type=product&#038;p=107907"},"modified":"2025-02-27T18:18:26","modified_gmt":"2025-02-27T17:18:26","slug":"cible-pour-le-tir-a-larc-cible-en-paille","status":"publish","type":"product","link":"https:\/\/metal-badge.ch\/fr\/product\/107907\/cible-pour-le-tir-a-larc-cible-en-paille\/","title":{"rendered":"Cible pour le tir \u00e0 l&rsquo;arc \/ cible en paille"},"content":{"rendered":"<p><span style=\"font-weight: 400;\">Cible naturelle en paille pour le tir \u00e0 l&rsquo;arc. Une cible de 61 cm de diam\u00e8tre et de 14 cm d&rsquo;\u00e9paisseur, remplie de paille et de fibres naturelles tress\u00e9es \u00e0 l&rsquo;ext\u00e9rieur, la mieux adapt\u00e9e au tir de fl\u00e8ches \u00e0 long terme. L&rsquo;avantage de cette cible de paille est que les fl\u00e8ches peuvent \u00eatre facilement retir\u00e9es de la zone cible \u00e0 la main. Avec un poids de 5 kg, la cible de paille peut \u00eatre suspendue ou pos\u00e9e. La cible est divis\u00e9e en cinq anneaux color\u00e9s clairement visibles.<\/span><\/p>\n<p><span style=\"font-weight: 400;\">Rouge, jaune, vert, noir, blanc. Comme cette cible est en paille et fibres naturelles, elle doit \u00eatre recouverte lorsqu&rsquo;il pleut.&nbsp;<\/span><\/p>\n<p><b>Informations du produit :<\/b><\/p>\n<ul>\n<li><span style=\"font-weight: 400;\">Cible en paille en mati\u00e8re naturelle<\/span><\/li>\n<li><span style=\"font-weight: 400;\">Mati\u00e8re&nbsp;: Remplissage avec de la paille et fibres naturelles tiss\u00e9es \u00e0 l&rsquo;ext\u00e9rieur<\/span><\/li>\n<li><span style=\"font-weight: 400;\">Dimensions&nbsp;: Diam\u00e8tre 61 cm \/ \u00e9paisseur 14 cm&nbsp;<\/span><\/li>\n<li><span style=\"font-weight: 400;\">Poids : 5 kg&nbsp;<\/span><\/li>\n<li><span style=\"font-weight: 400;\">Avantage&nbsp;: Les fl\u00e8ches peuvent \u00eatre facilement retir\u00e9es de la cible \u00e0 la main avec cette cible.<\/span><\/li>\n<li><span style=\"font-weight: 400;\">La cible est \u00e9cologique et compostable.&nbsp;<\/span><\/li>\n<li><span style=\"font-weight: 400;\">La cible est divis\u00e9e en cinq anneaux de couleur clairement visibles : rouge, jaune, vert, noir, blanc&nbsp;<\/span><\/li>\n<\/ul>\n","protected":false},"excerpt":{"rendered":"<p><span style=\"font-weight: 400;\">Cible naturelle en paille pour le tir \u00e0 l&rsquo;arc. Une cible de 61 cm de diam\u00e8tre et de 14 cm d&rsquo;\u00e9paisseur, remplie de paille et de fibres naturelles tress\u00e9es \u00e0 l&rsquo;ext\u00e9rieur, la mieux adapt\u00e9e au tir de fl\u00e8ches \u00e0 long terme. L&rsquo;avantage de cette cible de paille est que les fl\u00e8ches peuvent \u00eatre facilement retir\u00e9es de la zone cible \u00e0 la main. Avec un poids de 5 kg, la cible de paille peut \u00eatre suspendue ou pos\u00e9e. La cible est divis\u00e9e en cinq anneaux color\u00e9s clairement visibles.<\/span><\/p>\n","protected":false},"featured_media":107911,"comment_status":"closed","ping_status":"closed","template":"","meta":{"inline_featured_image":false},"product_brand":[],"product_cat":[1475,1347],"product_tag":[],"class_list":{"0":"post-107907","1":"product","2":"type-product","3":"status-publish","4":"has-post-thumbnail","6":"product_cat-tir-a-larc-arbalete-sarbacane","7":"product_cat-accessoires-militaires-de-chasse","8":"product_shipping_class-objets-encombrants","10":"first","11":"instock","12":"taxable","13":"shipping-taxable","14":"purchasable","15":"product-type-simple"},"_links":{"self":[{"href":"https:\/\/metal-badge.ch\/fr\/wp-json\/wp\/v2\/product\/107907","targetHints":{"allow":["GET"]}}],"collection":[{"href":"https:\/\/metal-badge.ch\/fr\/wp-json\/wp\/v2\/product"}],"about":[{"href":"https:\/\/metal-badge.ch\/fr\/wp-json\/wp\/v2\/types\/product"}],"replies":[{"embeddable":true,"href":"https:\/\/metal-badge.ch\/fr\/wp-json\/wp\/v2\/comments?post=107907"}],"wp:featuredmedia":[{"embeddable":true,"href":"https:\/\/metal-badge.ch\/fr\/wp-json\/wp\/v2\/media\/107911"}],"wp:attachment":[{"href":"https:\/\/metal-badge.ch\/fr\/wp-json\/wp\/v2\/media?parent=107907"}],"wp:term":[{"taxonomy":"product_brand","embeddable":true,"href":"https:\/\/metal-badge.ch\/fr\/wp-json\/wp\/v2\/product_brand?post=107907"},{"taxonomy":"product_cat","embeddable":true,"href":"https:\/\/metal-badge.ch\/fr\/wp-json\/wp\/v2\/product_cat?post=107907"},{"taxonomy":"product_tag","embeddable":true,"href":"https:\/\/metal-badge.ch\/fr\/wp-json\/wp\/v2\/product_tag?post=107907"}],"curies":[{"name":"wp","href":"https:\/\/api.w.org\/{rel}","templated":true}]}}