{"id":107604,"date":"2021-05-12T06:36:23","date_gmt":"2021-05-12T04:36:23","guid":{"rendered":"https:\/\/shop.metal-badge.ch\/product\/107604\/etiquette-noir-neutre-pour-vetements-avec-velcro-au-dos\/"},"modified":"2025-07-24T17:56:53","modified_gmt":"2025-07-24T15:56:53","slug":"etiquette-noir-neutre-pour-vetements-avec-velcro-au-dos","status":"publish","type":"product","link":"https:\/\/metal-badge.ch\/fr\/product\/107604\/etiquette-noir-neutre-pour-vetements-avec-velcro-au-dos\/","title":{"rendered":"\u00c9tiquette noir neutre pour v\u00eatements, avec velcro au dos"},"content":{"rendered":"<p>Noir neutre r\u00e9fl\u00e9chissant<\/p>\n<p>\u00c9tiquette neutre en noir r\u00e9fl\u00e9chissant avec un velcro au dos.<\/p>\n<p>Taille du velcro : grand : 10 cm x 30 cm \/ petit : 4 cm x 12 cm<\/p>\n<p>Couleur : noir<\/p>\n<p><strong>Merci de nous consulter pour les inscriptions personnalis\u00e9es.<\/strong><\/p>\n","protected":false},"excerpt":{"rendered":"<p>Noir neutre r\u00e9fl\u00e9chissant<\/p>\n<p>\u00c9tiquette neutre en noir r\u00e9fl\u00e9chissant avec un velcro au dos.<\/p>\n","protected":false},"featured_media":104567,"comment_status":"closed","ping_status":"closed","template":"","meta":{"inline_featured_image":false},"product_brand":[],"product_cat":[2182,1666],"product_tag":[],"class_list":{"0":"post-107604","1":"product","2":"type-product","3":"status-publish","4":"has-post-thumbnail","6":"product_cat-etiquette-de-marquage","7":"product_cat-signes-etiquettes-velcro","9":"first","10":"instock","11":"taxable","12":"shipping-taxable","13":"purchasable","14":"product-type-simple"},"_links":{"self":[{"href":"https:\/\/metal-badge.ch\/fr\/wp-json\/wp\/v2\/product\/107604","targetHints":{"allow":["GET"]}}],"collection":[{"href":"https:\/\/metal-badge.ch\/fr\/wp-json\/wp\/v2\/product"}],"about":[{"href":"https:\/\/metal-badge.ch\/fr\/wp-json\/wp\/v2\/types\/product"}],"replies":[{"embeddable":true,"href":"https:\/\/metal-badge.ch\/fr\/wp-json\/wp\/v2\/comments?post=107604"}],"wp:featuredmedia":[{"embeddable":true,"href":"https:\/\/metal-badge.ch\/fr\/wp-json\/wp\/v2\/media\/104567"}],"wp:attachment":[{"href":"https:\/\/metal-badge.ch\/fr\/wp-json\/wp\/v2\/media?parent=107604"}],"wp:term":[{"taxonomy":"product_brand","embeddable":true,"href":"https:\/\/metal-badge.ch\/fr\/wp-json\/wp\/v2\/product_brand?post=107604"},{"taxonomy":"product_cat","embeddable":true,"href":"https:\/\/metal-badge.ch\/fr\/wp-json\/wp\/v2\/product_cat?post=107604"},{"taxonomy":"product_tag","embeddable":true,"href":"https:\/\/metal-badge.ch\/fr\/wp-json\/wp\/v2\/product_tag?post=107604"}],"curies":[{"name":"wp","href":"https:\/\/api.w.org\/{rel}","templated":true}]}}