{"id":107601,"date":"2021-06-21T07:13:13","date_gmt":"2021-06-21T05:13:13","guid":{"rendered":"https:\/\/shop.metal-badge.ch\/product\/107601\/niveau-a-bulle-en-anneau-pour-lunette-de-visee-30mm-o-cl24-0183\/"},"modified":"2021-06-21T07:13:13","modified_gmt":"2021-06-21T05:13:13","slug":"niveau-a-bulle-en-anneau-pour-lunette-de-visee-30mm-o-cl24-0183","status":"publish","type":"product","link":"https:\/\/metal-badge.ch\/fr\/product\/107601\/niveau-a-bulle-en-anneau-pour-lunette-de-visee-30mm-o-cl24-0183\/","title":{"rendered":"Niveau \u00e0 bulle en anneau pour lunette de vis\u00e9e 30mm \u00d8 CL24-0183"},"content":{"rendered":"<p><span style=\"font-weight: 400;\">Niveau \u00e0 bulle pour l&rsquo;alignement de lunettes de vis\u00e9e<\/span><\/p>\n<p><span style=\"font-weight: 400;\">Adapt\u00e9 : pour toutes les lunettes de vis\u00e9e avec un diam\u00e8tre de vis\u00e9e de 30 \u00e0 35 mm&nbsp;<\/span><\/p>\n<p><b>Fixation d\u2019une lunette de vis\u00e9e<\/b><span style=\"font-weight: 400;\">&nbsp;<\/span><\/p>\n<p><span style=\"font-weight: 400;\">\u00c9tant donn\u00e9 que tr\u00e8s peu d&rsquo;armes \u00e0 feu sont fournies avec une lunette de vis\u00e9e int\u00e9gr\u00e9e (les versions militaires comme le Steyr AUG, le SAR 21 et le H&amp;K G36 constituent des exceptions), la fixation d&rsquo;une lunette sur une une arme \u00e0 feu n\u00e9cessite un \u00e9quipement suppl\u00e9mentaire. L&rsquo;\u00e9quipement pour l&rsquo;installation de lunettes de vis\u00e9e est disponible pour la plupart des armes. Un syst\u00e8me typique de montage de lunette de vis\u00e9e de fusil se compose de deux parties, la douille et les anneaux. En choisissant la combinaison appropri\u00e9e de la douille de l&rsquo;arme \u00e0 feu et des anneaux pour la lunette de vis\u00e9e, une vari\u00e9t\u00e9 de lunettes de vis\u00e9e peuvent \u00eatre fix\u00e9es sur la plupart des armes \u00e0 feu. Avec la combinaison appropri\u00e9e de douilles et d&rsquo;anneaux r\u00e9glables, il est \u00e9galement possible d&rsquo;attacher diff\u00e9rentes lunettes de vis\u00e9e \u00e0 la m\u00eame arme pour augmenter la polyvalence de l&rsquo;arme. Toutefois, il faut faire attention s&rsquo;il est particuli\u00e8rement difficile de l&rsquo;attacher \u00e0 une arme. Si tel est le cas, ou si une arme est destin\u00e9e au tir \u00e0 longue port\u00e9e, la plage de r\u00e9glage vertical peut \u00eatre plus petite que n\u00e9cessaire. Ceci peut \u00eatre corrig\u00e9 en utilisant des douilles verticales inclin\u00e9es ou des anneaux. Les angles d&rsquo;inclinaison typiques offerts par les fabricants de composants de montage sont de 20&prime; et 30&prime;.<\/span><span style=\"font-weight: 400;\">&nbsp;<\/span><\/p>\n<p><b>Les supports ou anneaux pour lunettes de vis\u00e9e<\/b><span style=\"font-weight: 400;\">, un type de rail Weaver, est un syst\u00e8me pour attacher des lunettes de vis\u00e9e, des lampes de poche tactiques et autres accessoires aux fusils, fusils de chasse, pistolets et arbal\u00e8tes. Ils utilisent une paire de rails parall\u00e8les et plusieurs fentes perpendiculaires \u00e0 ces rails.&nbsp;<\/span><\/p>\n<p><span style=\"font-weight: 400;\">Les syst\u00e8mes de montage de lunette de vis\u00e9e Canis Latrans sont con\u00e7us pour garantir la pr\u00e9cision, la robustesse et l&rsquo;esth\u00e9tique de toute lunette de vis\u00e9e Canis Latrans. Choisissez parmi les anneaux et les douilles en acier de la S\u00e9rie S ou les fixations en aluminium de la S\u00e9rie A pour la s\u00e9rie de lunettes de vis\u00e9e BLACK. Tous les articles adh\u00e8rent \u00e0 des tol\u00e9rances extr\u00eamement strictes.&nbsp;<\/span><\/p>\n<p><b>Douille de lunette de vis\u00e9e&nbsp;<\/b><\/p>\n<p><span style=\"font-weight: 400;\">La base est g\u00e9n\u00e9ralement fix\u00e9e \u00e0 la carabine avec des vis et est souvent con\u00e7ue pour avoir un profil bas, permettant l&rsquo;utilisation de viseurs en fer lorsque la lunette n&rsquo;est pas disponible. Certains fabricants offrent des douilles int\u00e9gr\u00e9es pour bon nombre de leurs armes \u00e0 feu. C&rsquo;est par exemple le cas du revolver Ruger Super Redhawk. Les syst\u00e8mes de montage les plus courants sont les rails \u00e0 queue d&rsquo;aronde de 3\/8 de pouce (9,5 mm) et de 11 mm (parfois appel\u00e9s montures de pointe) que l&rsquo;on trouve couramment sur les fusils \u00e0 percussion annulaire et \u00e0 air comprim\u00e9, la douille Weaver et la douille STANAG 2324 (MIL-STD-1913 (\u00ab Picatinny Rail&nbsp;\u00bb ). Ruger utilise un syst\u00e8me propri\u00e9taire de douilles pour lunettes de vis\u00e9e, bien que des adaptateurs sont \u00e9galement disponibles pour convertir les douilles Ruger \u00e0 des douilles Weaver. Les douilles d&rsquo;oscilloscope et les syst\u00e8mes de montage sont \u00e9galement fabriqu\u00e9s en Europe. Les fabricants sp\u00e9cialis\u00e9s offrent une vaste gamme de solutions de montage pour de nombreuses armes diff\u00e9rentes. De nombreux fabricants d&rsquo;armes europ\u00e9ens ont \u00e9galement d\u00e9velopp\u00e9 et proposent leurs propres syst\u00e8mes de douilles de lunette de vis\u00e9e pour leurs armes. Par exemple, Sako a des queues d&rsquo;aronde coniques et Tikka utilise une queue d&rsquo;aronde de 16 mm.<\/span><span style=\"font-weight: 400;\"><br \/>\n<\/span><b><\/b><\/p>\n<p><b>Taille des anneaux pour lunettes de vis\u00e9e<\/b><\/p>\n<p><span style=\"font-weight: 400;\">En plus de la n\u00e9cessit\u00e9 d&rsquo;attacher le bon \u00e9l\u00e9ment de raccord \u00e0 la douille de l&rsquo;arme (par exemple un rail Picatinny), un support de lunette de vis\u00e9e doit \u00e9galement pouvoir \u00eatre fix\u00e9 \u00e0 la lunette elle-m\u00eame. Le montage \u00e0 anneau est la m\u00e9thode la plus courante, et la taille de l&rsquo;anneau doit \u00eatre choisie en fonction de la taille du tube principal ext\u00e9rieur de la lunette de vis\u00e9e. Les lunettes de vis\u00e9e avec un tube plus grand offrent plus d&rsquo;espace pour le montage de la monture, ce qui permet une conception avec r\u00e9glage en hauteur \u00e9tendu.<\/span><\/p>\n<p><span style=\"font-weight: 400;\">Les trois normes les plus courantes sont :<\/span><span style=\"font-weight: 400;\"><br \/>\n<\/span><b>1 pouce (25,4 mm)<\/b><span style=\"font-weight: 400;\">, avec des co\u00fbts de production inf\u00e9rieurs \u00e0 ceux des tubes principaux de 30 mm, mais permettant seulement un r\u00e9glage en hauteur inf\u00e9rieur \u00e0 celui des tubes de 30 mm.<\/span><span style=\"font-weight: 400;\"><br \/>\n<\/span><span style=\"font-weight: 400;\"><br \/>\n<\/span><b>30 mm<\/b><span style=\"font-weight: 400;\">, aujourd&rsquo;hui la norme la plus courante pour les tubes principaux et avec la plus large gamme de solutions de fixation.<\/span><span style=\"font-weight: 400;\"><br \/>\n<\/span><span style=\"font-weight: 400;\"><br \/>\n<\/span><b>34 mm<\/b><span style=\"font-weight: 400;\">, une nouvelle taille standard pour les principales lunettes des armes tactiques qui n\u00e9cessitent plus d&rsquo;\u00e9l\u00e9vation qu&rsquo;une lunette standard de 30 mm. <\/span><span style=\"font-weight: 400;\"><br \/>\n<\/span><span style=\"font-weight: 400;\">Certaines normes moins courantes sont :<\/span><\/p>\n<p><b>0,75 pouce (19,05 mm)<\/b><span style=\"font-weight: 400;\">, que l&rsquo;on trouve sur certains mod\u00e8les tr\u00e8s anciens [information&nbsp; n\u00e9cessaire].<\/span><span style=\"font-weight: 400;\"><br \/>\n<\/span><span style=\"font-weight: 400;\"><br \/>\n<\/span><b>22 mm<\/b><span style=\"font-weight: 400;\"><br \/>\n<\/span><span style=\"font-weight: 400;\"><br \/>\n<\/span><b>26 mm <\/b><span style=\"font-weight: 400;\"><br \/>\n<\/span><span style=\"font-weight: 400;\"><br \/>\n<\/span><b>35 mm<\/b><span style=\"font-weight: 400;\">, une taille de tube rare utilis\u00e9e uniquement sur certains mod\u00e8les actuels de Vortex et Leupold bas\u00e9s aux Etats-Unis et IOR de Roumanie<\/span><span style=\"font-weight: 400;\"><br \/>\n<\/span><span style=\"font-weight: 400;\"><br \/>\n<\/span><b>36 mm<\/b><span style=\"font-weight: 400;\">, seulement pour quelques nouveaux fusils de Zeiss et Hensoldt<\/span><span style=\"font-weight: 400;\"><br \/>\n<\/span><span style=\"font-weight: 400;\"><br \/>\n<\/span><b>40 mm<\/b><span style=\"font-weight: 400;\">, seulement pour certaines lunettes de vis\u00e9e de l&rsquo;IOR roumain et les nouvelles lunettes de vis\u00e9e Swarovski dS<\/span><span style=\"font-weight: 400;\"><br \/>\n<\/span><span style=\"font-weight: 400;\"><br \/>\n<\/span><span style=\"font-weight: 400;\">Les anneaux sont \u00e9galement disponibles dans diff\u00e9rentes hauteurs et mat\u00e9riaux.<\/span><span style=\"font-weight: 400;\"><br \/>\n<\/span><span style=\"font-weight: 400;\">La hauteur de l&rsquo;anneau est choisie de mani\u00e8re \u00e0 ce que la lunette de vis\u00e9e soit suffisamment haute pour se tenir \u00e0 l&rsquo;\u00e9cart de l&rsquo;arme et \u00e0 une hauteur confortable pour le tireur.&nbsp;<\/span><\/p>\n<p><b>Montage d&rsquo;une lampe d&rsquo;arme<\/b><span style=\"font-weight: 400;\">&nbsp;<\/span><\/p>\n<p><span style=\"font-weight: 400;\">Avec les anneaux de lunette de vis\u00e9e de l&rsquo;arme, le tireur peut \u00e9galement attacher une lampe sur l&rsquo;arme.<\/span><span style=\"font-weight: 400;\">&nbsp;<\/span><\/p>\n<p>&nbsp;<\/p>\n<p><b>Niveau \u00e0 bulle en anneau pour lunette de vis\u00e9e 30 mm \u00d8<\/b><\/p>\n<p><span style=\"font-weight: 400;\">Niveau \u00e0 bulle pour l&rsquo;alignement de lunettes de vis\u00e9e<\/span><\/p>\n<p><span style=\"font-weight: 400;\">Adapt\u00e9 : pour toutes les lunettes de vis\u00e9e avec un diam\u00e8tre de vis\u00e9e de 30 \u00e0 35 mm&nbsp;<\/span><\/p>\n<p><b>Informations du produit :&nbsp;<\/b><\/p>\n<ul>\n<li><span style=\"font-weight: 400;\">Mod\u00e8le: CL24-0183<\/span><\/li>\n<li><span style=\"font-weight: 400;\">Mati\u00e8re: <\/span><span style=\"font-weight: 400;\">acier moul\u00e9<\/span><\/li>\n<li><span style=\"font-weight: 400;\">Finition et rev\u00eatement: Oxyde dur<\/span><span style=\"font-weight: 400;\"><br \/>\n<\/span><\/li>\n<li><span style=\"font-weight: 400;\">Couleur: noir<\/span><span style=\"font-weight: 400;\"><br \/>\n<\/span><\/li>\n<li><span style=\"font-weight: 400;\">Longueur: 19 mm<\/span><span style=\"font-weight: 400;\"><br \/>\n<\/span><\/li>\n<li><span style=\"font-weight: 400;\">Largeur: 44 mm<\/span><span style=\"font-weight: 400;\"><br \/>\n<\/span><\/li>\n<li><span style=\"font-weight: 400;\">Hauteur de la pointe: 24.5 mm<\/span><span style=\"font-weight: 400;\"><br \/>\n<\/span><\/li>\n<li><span style=\"font-weight: 400;\">Poids: 216 g \/2x pi\u00e8ce<\/span><span style=\"font-weight: 400;\">&nbsp;<\/span><\/li>\n<li><span style=\"font-weight: 400;\">Impact: 1000 G <\/span><span style=\"font-weight: 400;\"><br \/>\n<\/span><\/li>\n<li><span style=\"font-weight: 400;\">Diam\u00e8tre: 30 mm<\/span><span style=\"font-weight: 400;\"><br \/>\n<\/span><\/li>\n<li><span style=\"font-weight: 400;\">Rail: 21.2 mm<\/span><span style=\"font-weight: 400;\"><br \/>\n<\/span><\/li>\n<li><span style=\"font-weight: 400;\">Syst\u00e8me de serrage: d\u00e9montage normal<\/span><span style=\"font-weight: 400;\">&nbsp;<\/span><\/li>\n<li><span style=\"font-weight: 400;\">Prix pour bo\u00eete avec 2 pi\u00e8ces et cl\u00e9 <\/span><\/li>\n<\/ul>\n","protected":false},"excerpt":{"rendered":"<p><b>Les supports ou anneaux pour lunettes de vis\u00e9e<\/b><span style=\"font-weight: 400;\">, un type de rail Weaver, est un syst\u00e8me pour attacher des lunettes de vis\u00e9e, des lampes de poche tactiques et autres accessoires aux fusils, fusils de chasse, pistolets et arbal\u00e8tes. Ils utilisent une paire de rails parall\u00e8les et plusieurs fentes perpendiculaires \u00e0 ces rails.&nbsp;<\/span><\/p>\n<p><span style=\"font-weight: 400;\">Les syst\u00e8mes de montage de lunette de vis\u00e9e Canis Latrans sont con\u00e7us pour garantir la pr\u00e9cision, la robustesse et l&rsquo;esth\u00e9tique de toute lunette de vis\u00e9e Canis Latrans. Choisissez parmi les anneaux et les douilles en acier de la S\u00e9rie S ou les fixations en aluminium de la S\u00e9rie A pour la s\u00e9rie de lunettes de vis\u00e9e BLACK. Tous les articles adh\u00e8rent \u00e0 des tol\u00e9rances extr\u00eamement strictes.&nbsp;<\/span><\/p>\n<p>&nbsp;<\/p>\n","protected":false},"featured_media":107558,"comment_status":"closed","ping_status":"closed","template":"","meta":{"inline_featured_image":false},"product_brand":[],"product_cat":[1347,1439],"product_tag":[],"class_list":{"0":"post-107601","1":"product","2":"type-product","3":"status-publish","4":"has-post-thumbnail","6":"product_cat-accessoires-militaires-de-chasse","7":"product_cat-lunettes-et-supports","9":"first","10":"instock","11":"taxable","12":"shipping-taxable","13":"purchasable","14":"product-type-simple"},"_links":{"self":[{"href":"https:\/\/metal-badge.ch\/fr\/wp-json\/wp\/v2\/product\/107601","targetHints":{"allow":["GET"]}}],"collection":[{"href":"https:\/\/metal-badge.ch\/fr\/wp-json\/wp\/v2\/product"}],"about":[{"href":"https:\/\/metal-badge.ch\/fr\/wp-json\/wp\/v2\/types\/product"}],"replies":[{"embeddable":true,"href":"https:\/\/metal-badge.ch\/fr\/wp-json\/wp\/v2\/comments?post=107601"}],"wp:featuredmedia":[{"embeddable":true,"href":"https:\/\/metal-badge.ch\/fr\/wp-json\/wp\/v2\/media\/107558"}],"wp:attachment":[{"href":"https:\/\/metal-badge.ch\/fr\/wp-json\/wp\/v2\/media?parent=107601"}],"wp:term":[{"taxonomy":"product_brand","embeddable":true,"href":"https:\/\/metal-badge.ch\/fr\/wp-json\/wp\/v2\/product_brand?post=107601"},{"taxonomy":"product_cat","embeddable":true,"href":"https:\/\/metal-badge.ch\/fr\/wp-json\/wp\/v2\/product_cat?post=107601"},{"taxonomy":"product_tag","embeddable":true,"href":"https:\/\/metal-badge.ch\/fr\/wp-json\/wp\/v2\/product_tag?post=107601"}],"curies":[{"name":"wp","href":"https:\/\/api.w.org\/{rel}","templated":true}]}}