{"id":107357,"date":"2021-06-15T20:07:21","date_gmt":"2021-06-15T18:07:21","guid":{"rendered":"https:\/\/shop.metal-badge.ch\/product\/107357\/piquet-de-bache-200-cm-5-pieces-noir\/"},"modified":"2023-09-20T01:15:15","modified_gmt":"2023-09-19T23:15:15","slug":"piquet-de-bache-200-cm-4-pieces-noir","status":"publish","type":"product","link":"https:\/\/metal-badge.ch\/fr\/product\/107357\/piquet-de-bache-200-cm-4-pieces-noir\/","title":{"rendered":"Piquet de b\u00e2che 200 cm, 4 pi\u00e8ces &#8211; noir"},"content":{"rendered":"<p><span style=\"font-weight: 400;\">Le piquet de b\u00e2che en 4 parties d&rsquo;une longueur de 200 cm est toujours \u00e0 port\u00e9e de main l\u00e0 o\u00f9 la nature n&rsquo;offre aucune possibilit\u00e9 de fixation. Deux ensembles de 4 piquets dans un sachet de 8 piquets. Les poteaux m\u00e9talliques robustes sont dans le syst\u00e8me d&rsquo;enfichage et faciles \u00e0 manipuler.&nbsp;<\/span><\/p>\n<p><b>Informations du produit :<\/b><\/p>\n<ul>\n<li><span style=\"font-weight: 400;\">Deux ensembles de piquets pour b\u00e2ches dans un lot de 8 avec sac<\/span><\/li>\n<li><span style=\"font-weight: 400;\">Couleur : noir&nbsp;<\/span><\/li>\n<li><span style=\"font-weight: 400;\">Ensemble de 4 pi\u00e8ces, longueur totale 2 m<\/span><\/li>\n<li><span style=\"font-weight: 400;\">Longueur pi\u00e8ce individuelle : 55 cm&nbsp;<\/span><\/li>\n<li><span style=\"font-weight: 400;\">Diam\u00e8tre&nbsp;: 16 mm<\/span><\/li>\n<li><span style=\"font-weight: 400;\">Mati\u00e8re&nbsp;: fer<\/span><\/li>\n<li><span style=\"font-weight: 400;\">Poids : Ensemble de 4 piquets 340 g \/ Sac de 8 pi\u00e8ces 680 g<\/span><\/li>\n<\/ul>\n","protected":false},"excerpt":{"rendered":"<p><span style=\"font-weight: 400;\">Le piquet de b\u00e2che en 4 parties d&rsquo;une longueur de 200 cm est toujours \u00e0 port\u00e9e de main l\u00e0 o\u00f9 la nature n&rsquo;offre aucune possibilit\u00e9 de fixation. Deux ensembles de 4 piquets dans un sachet de 8 piquets. Les poteaux m\u00e9talliques robustes sont dans le syst\u00e8me d&rsquo;enfichage et faciles \u00e0 manipuler.&nbsp;<\/span><\/p>\n","protected":false},"featured_media":107334,"comment_status":"closed","ping_status":"closed","template":"","meta":{"inline_featured_image":false},"product_brand":[],"product_cat":[1435,887,2457],"product_tag":[],"class_list":{"0":"post-107357","1":"product","2":"type-product","3":"status-publish","4":"has-post-thumbnail","6":"product_cat-camping-voyage","7":"product_cat-accessoires","8":"product_cat-mat-de-tente-et-piquets-de-tente","10":"first","11":"instock","12":"taxable","13":"shipping-taxable","14":"purchasable","15":"product-type-simple"},"_links":{"self":[{"href":"https:\/\/metal-badge.ch\/fr\/wp-json\/wp\/v2\/product\/107357","targetHints":{"allow":["GET"]}}],"collection":[{"href":"https:\/\/metal-badge.ch\/fr\/wp-json\/wp\/v2\/product"}],"about":[{"href":"https:\/\/metal-badge.ch\/fr\/wp-json\/wp\/v2\/types\/product"}],"replies":[{"embeddable":true,"href":"https:\/\/metal-badge.ch\/fr\/wp-json\/wp\/v2\/comments?post=107357"}],"wp:featuredmedia":[{"embeddable":true,"href":"https:\/\/metal-badge.ch\/fr\/wp-json\/wp\/v2\/media\/107334"}],"wp:attachment":[{"href":"https:\/\/metal-badge.ch\/fr\/wp-json\/wp\/v2\/media?parent=107357"}],"wp:term":[{"taxonomy":"product_brand","embeddable":true,"href":"https:\/\/metal-badge.ch\/fr\/wp-json\/wp\/v2\/product_brand?post=107357"},{"taxonomy":"product_cat","embeddable":true,"href":"https:\/\/metal-badge.ch\/fr\/wp-json\/wp\/v2\/product_cat?post=107357"},{"taxonomy":"product_tag","embeddable":true,"href":"https:\/\/metal-badge.ch\/fr\/wp-json\/wp\/v2\/product_tag?post=107357"}],"curies":[{"name":"wp","href":"https:\/\/api.w.org\/{rel}","templated":true}]}}