{"id":107304,"date":"2021-06-15T19:19:46","date_gmt":"2021-06-15T17:19:46","guid":{"rendered":"https:\/\/shop.metal-badge.ch\/product\/107304\/bache-dabri-toit-anti-pluie-olive\/"},"modified":"2021-06-15T19:19:46","modified_gmt":"2021-06-15T17:19:46","slug":"bache-dabri-toit-anti-pluie-olive","status":"publish","type":"product","link":"https:\/\/metal-badge.ch\/fr\/product\/107304\/bache-dabri-toit-anti-pluie-olive\/","title":{"rendered":"B\u00e2che d&rsquo;abri \/ Toit anti-pluie &#8211; olive"},"content":{"rendered":"<p><span style=\"font-weight: 400;\">Cette b\u00e2che ne p\u00e8se que 200 grammes et, avec ses dimensions de 3,00 m x 2,80 m, elle est id\u00e9ale pour servir d&rsquo;auvent ou d&rsquo;abri contre la pluie lors du camping. L&rsquo;abri contre la pluie tient bon m\u00eame en cas de fortes pr\u00e9cipitations continues. L&rsquo;abri offre \u00e9galement une protection contre le soleil. La b\u00e2che ultral\u00e9g\u00e8re poss\u00e8de huit boucles de fixation qui peuvent \u00eatre fix\u00e9es \u00e0 l&rsquo;aide des cordons de 3 mm fournis. Diverses options de montage sont \u00e9galement disponibles avec nos piquets de tente, non inclus. La b\u00e2che est enduite de PU \u00e0 l&rsquo;int\u00e9rieur et doublement cousue. Un compagnon pr\u00e9cieux pour toutes les activit\u00e9s de plein air. Six chevilles en aluminium et six lignes de paracord sont \u00e9galement incluses.&nbsp;&nbsp;&nbsp;&nbsp;&nbsp;&nbsp;<\/span><\/p>\n<p><b>Informations du produit :<\/b><\/p>\n<ul>\n<li><span style=\"font-weight: 400;\">Toit anti-pluie \/ B\u00e2che d\u2019abri&nbsp;<\/span><\/li>\n<li><span style=\"font-weight: 400;\">Couleur : olive&nbsp;<\/span><\/li>\n<li><span style=\"font-weight: 400;\">Poids : 200 g avec ligne et piquets 580 g&nbsp;<\/span><\/li>\n<li><span style=\"font-weight: 400;\">Dimensions : 3 x 2,80 m&nbsp;<\/span><\/li>\n<li><span style=\"font-weight: 400;\">Dimensions de l\u2019emballage : hauteur 26 cm x 10 cm de diam\u00e8tre<\/span><\/li>\n<li><span style=\"font-weight: 400;\">Mati\u00e8re&nbsp;: 210 T Polyester Taffetas \u00e0 l&rsquo;int\u00e9rieur enduit de PU&nbsp;<\/span><\/li>\n<li><span style=\"font-weight: 400;\">100 % \u00e9tanche<\/span><\/li>\n<li><span style=\"font-weight: 400;\">Id\u00e9al comme auvent ou toit \u00e0 pignon&nbsp;<\/span><\/li>\n<li><span style=\"font-weight: 400;\">Le prix comprend \u00e9galement 6 piquets en aluminium d&rsquo;une longueur de 16 cm<\/span><\/li>\n<li><span style=\"font-weight: 400;\">En outre, 6 cordes de paracordage pour la mise en tension sont incluses<\/span><\/li>\n<li><span style=\"font-weight: 400;\">La b\u00e2che compte 6 boucles de fixation&nbsp; <\/span><\/li>\n<\/ul>\n","protected":false},"excerpt":{"rendered":"<p><span style=\"font-weight: 400;\">Cette b\u00e2che ne p\u00e8se que 200 grammes et, avec ses dimensions de 3,00 m x 2,80 m, elle est id\u00e9ale pour servir d&rsquo;auvent ou d&rsquo;abri contre la pluie lors du camping. L&rsquo;abri contre la pluie tient bon m\u00eame en cas de fortes pr\u00e9cipitations continues. L&rsquo;abri offre \u00e9galement une protection contre le soleil. La b\u00e2che ultral\u00e9g\u00e8re poss\u00e8de huit boucles de fixation qui peuvent \u00eatre fix\u00e9es \u00e0 l&rsquo;aide des cordons de 3 mm fournis. Diverses options de montage sont \u00e9galement disponibles avec nos piquets de tente, non inclus. La b\u00e2che est enduite de PU \u00e0 l&rsquo;int\u00e9rieur et doublement cousue. Un compagnon pr\u00e9cieux pour toutes les activit\u00e9s de plein air. Six chevilles en aluminium et six lignes de paracord sont \u00e9galement incluses.<\/span><\/p>\n","protected":false},"featured_media":107285,"comment_status":"closed","ping_status":"closed","template":"","meta":{"inline_featured_image":false},"product_brand":[],"product_cat":[887,1435],"product_tag":[],"class_list":{"0":"post-107304","1":"product","2":"type-product","3":"status-publish","4":"has-post-thumbnail","6":"product_cat-accessoires","7":"product_cat-camping-voyage","9":"first","10":"instock","11":"taxable","12":"shipping-taxable","13":"purchasable","14":"product-type-simple"},"_links":{"self":[{"href":"https:\/\/metal-badge.ch\/fr\/wp-json\/wp\/v2\/product\/107304","targetHints":{"allow":["GET"]}}],"collection":[{"href":"https:\/\/metal-badge.ch\/fr\/wp-json\/wp\/v2\/product"}],"about":[{"href":"https:\/\/metal-badge.ch\/fr\/wp-json\/wp\/v2\/types\/product"}],"replies":[{"embeddable":true,"href":"https:\/\/metal-badge.ch\/fr\/wp-json\/wp\/v2\/comments?post=107304"}],"wp:featuredmedia":[{"embeddable":true,"href":"https:\/\/metal-badge.ch\/fr\/wp-json\/wp\/v2\/media\/107285"}],"wp:attachment":[{"href":"https:\/\/metal-badge.ch\/fr\/wp-json\/wp\/v2\/media?parent=107304"}],"wp:term":[{"taxonomy":"product_brand","embeddable":true,"href":"https:\/\/metal-badge.ch\/fr\/wp-json\/wp\/v2\/product_brand?post=107304"},{"taxonomy":"product_cat","embeddable":true,"href":"https:\/\/metal-badge.ch\/fr\/wp-json\/wp\/v2\/product_cat?post=107304"},{"taxonomy":"product_tag","embeddable":true,"href":"https:\/\/metal-badge.ch\/fr\/wp-json\/wp\/v2\/product_tag?post=107304"}],"curies":[{"name":"wp","href":"https:\/\/api.w.org\/{rel}","templated":true}]}}