{"id":107121,"date":"2021-06-11T07:06:44","date_gmt":"2021-06-11T05:06:44","guid":{"rendered":"https:\/\/shop.metal-badge.ch\/product\/107121\/cle-usb-de-64-go-de-haute-qualite-avec-ouverture-par-mousqueton-en-tant-que-porte-cles-bleu\/"},"modified":"2021-06-11T07:06:44","modified_gmt":"2021-06-11T05:06:44","slug":"cle-usb-de-64-go-de-haute-qualite-avec-ouverture-par-mousqueton-en-tant-que-porte-cles-bleu","status":"publish","type":"product","link":"https:\/\/metal-badge.ch\/fr\/product\/107121\/cle-usb-de-64-go-de-haute-qualite-avec-ouverture-par-mousqueton-en-tant-que-porte-cles-bleu\/","title":{"rendered":"Cl\u00e9 USB de 64 Go de haute qualit\u00e9 avec ouverture par mousqueton en tant que porte-cl\u00e9s &#8211; bleu"},"content":{"rendered":"<p><span style=\"font-weight: 400;\">Gr\u00e2ce \u00e0 la cl\u00e9 USB de 64 Go, vous aurez toujours avec vous les donn\u00e9es, documents, feuilles de calcul, photos, musique, films, etc. les plus importants. Parfait pour la maison, l&rsquo;\u00e9cole, le travail et les d\u00e9placements. Stockez jusqu&rsquo;\u00e0 64 Go de donn\u00e9es rapidement et facilement et transf\u00e9rez-les vers un autre PC en toute simplicit\u00e9. Support Plug and Play. La cl\u00e9 est aussi pratique qu&rsquo;un porte-cl\u00e9s : robuste et petite. Une m\u00e9moire flash moderne pour toutes les poches. Aucune alimentation \u00e9lectrique externe n&rsquo;est n\u00e9cessaire.<\/span><span style=\"font-weight: 400;\"><br \/>\n<\/span><span style=\"font-weight: 400;\"><br \/>\n<\/span><b>Donn\u00e9es techniques :<\/b><span style=\"font-weight: 400;\"><br \/>\n<\/span><\/p>\n<ul>\n<li><span style=\"font-weight: 400;\">Degr\u00e9 : A Qualit\u00e9 \u00e9lev\u00e9e<\/span><\/li>\n<li><span style=\"font-weight: 400;\">Type : Porte-cl\u00e9s<\/span><\/li>\n<li><span style=\"font-weight: 400;\">Couleur : bleu&nbsp;<\/span><\/li>\n<li><span style=\"font-weight: 400;\">Capacit\u00e9 : 64 Go<\/span><span style=\"font-weight: 400;\"><br \/>\n<\/span><\/li>\n<li><span style=\"font-weight: 400;\">Interface USB : USB 2.0<\/span><\/li>\n<li><span style=\"font-weight: 400;\">Vitesse de transfert des donn\u00e9es rapide<\/span><\/li>\n<li><span style=\"font-weight: 400;\">Supporte la plupart des syst\u00e8mes d&rsquo;exploitation, Windows 98 \/ ME \/ 2000 \/ XP \/Vista \/ WIN 7 \/ MAC \/Linux, ordinateurs portables etc.<\/span><\/li>\n<li><span style=\"font-weight: 400;\">Poids : 25 g<\/span><span style=\"font-weight: 400;\"><br \/>\n<\/span><\/li>\n<li><span style=\"font-weight: 400;\">Dimensions : 5,3 x 1,3 cm x 4 mm<\/span><span style=\"font-weight: 400;\"><br \/>\n<\/span><span style=\"font-weight: 400;\"><br \/>\n<\/span><span style=\"font-weight: 400;\">Option : Vous souhaitez imprimer votre logo sur une cl\u00e9 USB afin de l&rsquo;offrir pour vos clients et partenaires commerciaux ? Comme un article promotionnel avec logo imprim\u00e9 ou grav\u00e9. L&rsquo;article de cl\u00e9 USB peut \u00eatre d\u00e9cor\u00e9 par tampographie ou la gravure laser. <\/span><span style=\"font-weight: 400;\">Vous avez des questions sur les cadeaux promotionnels ou l<\/span><span style=\"font-weight: 400;\">\u2019impression du logo ?<\/span><\/li>\n<\/ul>\n","protected":false},"excerpt":{"rendered":"<p><span style=\"font-weight: 400;\">Gr\u00e2ce \u00e0 la cl\u00e9 USB de 64 Go, vous aurez toujours avec vous les donn\u00e9es, documents, feuilles de calcul, photos, musique, films, etc. les plus importants. Parfait pour la maison, l&rsquo;\u00e9cole, le travail et les d\u00e9placements. Stockez jusqu&rsquo;\u00e0 64 Go de donn\u00e9es rapidement et facilement et transf\u00e9rez-les vers un autre PC en toute simplicit\u00e9. Support Plug and Play. La cl\u00e9 est aussi pratique qu&rsquo;un porte-cl\u00e9s : robuste et petite. Une m\u00e9moire flash moderne pour toutes les poches. Aucune alimentation \u00e9lectrique externe n&rsquo;est n\u00e9cessaire.<\/span><span style=\"font-weight: 400;\"><br \/>\n<\/span><\/p>\n","protected":false},"featured_media":107098,"comment_status":"closed","ping_status":"closed","template":"","meta":{"inline_featured_image":false},"product_brand":[],"product_cat":[887],"product_tag":[1777],"class_list":{"0":"post-107121","1":"product","2":"type-product","3":"status-publish","4":"has-post-thumbnail","6":"product_cat-accessoires","7":"product_tag-camping-voyage","9":"first","10":"instock","11":"taxable","12":"shipping-taxable","13":"purchasable","14":"product-type-simple"},"_links":{"self":[{"href":"https:\/\/metal-badge.ch\/fr\/wp-json\/wp\/v2\/product\/107121","targetHints":{"allow":["GET"]}}],"collection":[{"href":"https:\/\/metal-badge.ch\/fr\/wp-json\/wp\/v2\/product"}],"about":[{"href":"https:\/\/metal-badge.ch\/fr\/wp-json\/wp\/v2\/types\/product"}],"replies":[{"embeddable":true,"href":"https:\/\/metal-badge.ch\/fr\/wp-json\/wp\/v2\/comments?post=107121"}],"wp:featuredmedia":[{"embeddable":true,"href":"https:\/\/metal-badge.ch\/fr\/wp-json\/wp\/v2\/media\/107098"}],"wp:attachment":[{"href":"https:\/\/metal-badge.ch\/fr\/wp-json\/wp\/v2\/media?parent=107121"}],"wp:term":[{"taxonomy":"product_brand","embeddable":true,"href":"https:\/\/metal-badge.ch\/fr\/wp-json\/wp\/v2\/product_brand?post=107121"},{"taxonomy":"product_cat","embeddable":true,"href":"https:\/\/metal-badge.ch\/fr\/wp-json\/wp\/v2\/product_cat?post=107121"},{"taxonomy":"product_tag","embeddable":true,"href":"https:\/\/metal-badge.ch\/fr\/wp-json\/wp\/v2\/product_tag?post=107121"}],"curies":[{"name":"wp","href":"https:\/\/api.w.org\/{rel}","templated":true}]}}