{"id":107081,"date":"2021-06-11T02:32:18","date_gmt":"2021-06-11T00:32:18","guid":{"rendered":"https:\/\/shop.metal-badge.ch\/product\/107081\/bandouliere-pour-sacs-appareils-photo-jumelles\/"},"modified":"2021-06-11T06:38:52","modified_gmt":"2021-06-11T04:38:52","slug":"bandouliere-pour-sacs-appareils-photo-jumelles-brun","status":"publish","type":"product","link":"https:\/\/metal-badge.ch\/fr\/product\/107081\/bandouliere-pour-sacs-appareils-photo-jumelles-brun\/","title":{"rendered":"Bandouli\u00e8re pour sacs, appareils photo, jumelles &#8211; brun\u00a0"},"content":{"rendered":"<p><span style=\"font-weight: 400;\">Cette bandouli\u00e8re en nylon r\u00e9sistant, d&rsquo;une largeur de 2,5 cm et r\u00e9glable de 76 cm \u00e0 149 cm, est polyvalente et peut \u00eatre utilis\u00e9e comme bandouli\u00e8re pour les sacs, les jumelles et bien d&rsquo;autres choses encore. Munie de deux crochets en plastique. La bandouli\u00e8re de transport est disponible en noir et en marron.<\/span><\/p>\n<p><b>Informations du produit :&nbsp;<\/b><\/p>\n<ul>\n<li><span style=\"font-weight: 400;\">Mati\u00e8re&nbsp;: nylon&nbsp;<\/span><\/li>\n<li><span style=\"font-weight: 400;\">Couleurs : brun&nbsp;<\/span><\/li>\n<li><span style=\"font-weight: 400;\">R\u00e9glable<\/span><\/li>\n<li><span style=\"font-weight: 400;\">Largeur&nbsp;: 2,5 cm&nbsp;<\/span><\/li>\n<li><span style=\"font-weight: 400;\">Longueur r\u00e9glable de 76 cm \u00e0 149 cm<\/span><\/li>\n<li><span style=\"font-weight: 400;\">Fixation avec 2 crochets en plastique&nbsp;&nbsp;<\/span><\/li>\n<li><span style=\"font-weight: 400;\">Usage pr\u00e9vu : pour tous les sacs, jumelles, courroies de fusil<\/span><\/li>\n<\/ul>\n","protected":false},"excerpt":{"rendered":"<p><span style=\"font-weight: 400;\">Cette bandouli\u00e8re en nylon r\u00e9sistant, d&rsquo;une largeur de 2,5 cm et r\u00e9glable de 76 cm \u00e0 149 cm, est polyvalente et peut \u00eatre utilis\u00e9e comme bandouli\u00e8re pour les sacs, les jumelles et bien d&rsquo;autres choses encore. Munie de deux crochets en plastique. La bandouli\u00e8re de transport est disponible en noir et en marron.<\/span><\/p>\n","protected":false},"featured_media":107074,"comment_status":"closed","ping_status":"closed","template":"","meta":{"inline_featured_image":false},"product_brand":[],"product_cat":[887,1059],"product_tag":[1777],"class_list":{"0":"post-107081","1":"product","2":"type-product","3":"status-publish","4":"has-post-thumbnail","6":"product_cat-accessoires","7":"product_cat-sacs","8":"product_tag-camping-voyage","10":"first","11":"instock","12":"taxable","13":"shipping-taxable","14":"purchasable","15":"product-type-simple"},"_links":{"self":[{"href":"https:\/\/metal-badge.ch\/fr\/wp-json\/wp\/v2\/product\/107081","targetHints":{"allow":["GET"]}}],"collection":[{"href":"https:\/\/metal-badge.ch\/fr\/wp-json\/wp\/v2\/product"}],"about":[{"href":"https:\/\/metal-badge.ch\/fr\/wp-json\/wp\/v2\/types\/product"}],"replies":[{"embeddable":true,"href":"https:\/\/metal-badge.ch\/fr\/wp-json\/wp\/v2\/comments?post=107081"}],"wp:featuredmedia":[{"embeddable":true,"href":"https:\/\/metal-badge.ch\/fr\/wp-json\/wp\/v2\/media\/107074"}],"wp:attachment":[{"href":"https:\/\/metal-badge.ch\/fr\/wp-json\/wp\/v2\/media?parent=107081"}],"wp:term":[{"taxonomy":"product_brand","embeddable":true,"href":"https:\/\/metal-badge.ch\/fr\/wp-json\/wp\/v2\/product_brand?post=107081"},{"taxonomy":"product_cat","embeddable":true,"href":"https:\/\/metal-badge.ch\/fr\/wp-json\/wp\/v2\/product_cat?post=107081"},{"taxonomy":"product_tag","embeddable":true,"href":"https:\/\/metal-badge.ch\/fr\/wp-json\/wp\/v2\/product_tag?post=107081"}],"curies":[{"name":"wp","href":"https:\/\/api.w.org\/{rel}","templated":true}]}}