{"id":107069,"date":"2021-06-11T01:54:20","date_gmt":"2021-06-10T23:54:20","guid":{"rendered":"https:\/\/shop.metal-badge.ch\/product\/107069\/lampe-de-poche-tactique-t4-trustfire-avec-batterie-rechargeable\/"},"modified":"2021-06-11T01:54:20","modified_gmt":"2021-06-10T23:54:20","slug":"lampe-de-poche-tactique-t4-trustfire-avec-batterie-rechargeable","status":"publish","type":"product","link":"https:\/\/metal-badge.ch\/fr\/product\/107069\/lampe-de-poche-tactique-t4-trustfire-avec-batterie-rechargeable\/","title":{"rendered":"Lampe de poche tactique T4 Trustfire avec batterie rechargeable."},"content":{"rendered":"<p><span style=\"font-weight: 400;\">La lampe de poche tactique TrustFire T4 1000 lumens avec Led Cree est con\u00e7ue de mani\u00e8re optimale pour la chasse et les sports de plein air. Une petite lampe de poche robuste avec une puissance lumineuse \u00e9lev\u00e9s. Les lumens max. sont de 1000 LM avec 1 pile 18650 ou 2 piles CR123A \/ RCR123A. En outre, la lampe se caract\u00e9rise par d&rsquo;excellentes performances et une grande fiabilit\u00e9. Trustfire, la lampe qui tient bien en main.<\/span><\/p>\n<p><b>Informations du produit&nbsp;<\/b><span style=\"font-weight: 400;\"><br \/>\n<\/span><\/p>\n<ul>\n<li><span style=\"font-weight: 400;\">D\u00e9nomination&nbsp;: Lampe de poche tactique avec batterie<\/span><span style=\"font-weight: 400;\"><br \/>\n<\/span><\/li>\n<li><span style=\"font-weight: 400;\">Marque . Trustfire<\/span><\/li>\n<li><span style=\"font-weight: 400;\">Mod\u00e8le : T4<\/span><\/li>\n<li><span style=\"font-weight: 400;\">Couleur : noir&nbsp;<\/span><\/li>\n<li><span style=\"font-weight: 400;\">Poids : 128 g sans piles, 174 g avec piles<\/span><\/li>\n<li><span style=\"font-weight: 400;\">Lumen : 1000 Lm<\/span><\/li>\n<li><span style=\"font-weight: 400;\">Port\u00e9e : 380 m\u00e8tres<\/span><\/li>\n<li><span style=\"font-weight: 400;\">\u00c9tanch\u00e9it\u00e9 : IPX-8<\/span><\/li>\n<li><span style=\"font-weight: 400;\">Dimension : longueur 14,5 cm \/ diam\u00e8tre arri\u00e8re (manche) 2,5 cm \/ diam\u00e8tre avant 4,0 cm (t\u00eate).<\/span><\/li>\n<li><span style=\"font-weight: 400;\">R\u00e9alisation en cylindre antid\u00e9rapant.<\/span><span style=\"font-weight: 400;\"><br \/>\n<\/span><span style=\"font-weight: 400;\">Mat\u00e9riau : fabriqu\u00e9 en aluminium a\u00e9rospatial et avec une couche d&rsquo;oxydation anodis\u00e9e contre l&rsquo;usure.<\/span><span style=\"font-weight: 400;\"><br \/>\n<\/span><\/li>\n<li><span style=\"font-weight: 400;\">5 modes de travail : (High&gt; Mid&gt; Low&gt; Strobe&gt; SOS).<\/span><\/li>\n<li><span style=\"font-weight: 400;\">Rev\u00eatement anti-reflets double face pour durcir les verres et r\u00e9duire efficacement la perte de lumi\u00e8re.<\/span><\/li>\n<li><span style=\"font-weight: 400;\">Gr\u00e2ce \u00e0 la LED CREE, brevet\u00e9e au niveau international, la dur\u00e9e de vie peut atteindre 50 000 heures.<\/span><\/li>\n<\/ul>\n<p><b>\u00c9L\u00c9MENTS FOURNIS<\/b><span style=\"font-weight: 400;\"> :<\/span><span style=\"font-weight: 400;\"><br \/>\n<\/span><\/p>\n<ul>\n<li><span style=\"font-weight: 400;\">1 lampe de poche LED TrustFire T4<\/span><\/li>\n<li><span style=\"font-weight: 400;\">1 batterie 18650 3000 mAh<\/span><\/li>\n<li><span style=\"font-weight: 400;\">1 dragonne<\/span><\/li>\n<li><span style=\"font-weight: 400;\">1 \u00e9tui<\/span><\/li>\n<li><span style=\"font-weight: 400;\">2 anneaux de remplacement<\/span><\/li>\n<li><span style=\"font-weight: 400;\">1 mode d&#8217;emploi<\/span><\/li>\n<\/ul>\n<p><b>Comme toujours, une excellente qualit\u00e9 \u00e0 des prix justes<\/b><\/p>\n","protected":false},"excerpt":{"rendered":"<p><span style=\"font-weight: 400;\">La lampe de poche tactique TrustFire T4 1000 lumens avec Led Cree est con\u00e7ue de mani\u00e8re optimale pour la chasse et les sports de plein air. Une petite lampe de poche robuste avec une puissance lumineuse \u00e9lev\u00e9s. Les lumens max. sont de 1000 LM avec 1 pile 18650 ou 2 piles CR123A \/ RCR123A. En outre, la lampe se caract\u00e9rise par d&rsquo;excellentes performances et une grande fiabilit\u00e9. Trustfire, la lampe qui tient bien en main.<\/span><\/p>\n","protected":false},"featured_media":107034,"comment_status":"closed","ping_status":"closed","template":"","meta":{"inline_featured_image":false},"product_brand":[],"product_cat":[1343,1946],"product_tag":[1777],"class_list":{"0":"post-107069","1":"product","2":"type-product","3":"status-publish","4":"has-post-thumbnail","6":"product_cat-lampes-lampes-de-poche","7":"product_cat-organisations-lumiere-bleue-securite","8":"product_tag-camping-voyage","10":"first","11":"instock","12":"taxable","13":"shipping-taxable","14":"purchasable","15":"product-type-simple"},"_links":{"self":[{"href":"https:\/\/metal-badge.ch\/fr\/wp-json\/wp\/v2\/product\/107069","targetHints":{"allow":["GET"]}}],"collection":[{"href":"https:\/\/metal-badge.ch\/fr\/wp-json\/wp\/v2\/product"}],"about":[{"href":"https:\/\/metal-badge.ch\/fr\/wp-json\/wp\/v2\/types\/product"}],"replies":[{"embeddable":true,"href":"https:\/\/metal-badge.ch\/fr\/wp-json\/wp\/v2\/comments?post=107069"}],"wp:featuredmedia":[{"embeddable":true,"href":"https:\/\/metal-badge.ch\/fr\/wp-json\/wp\/v2\/media\/107034"}],"wp:attachment":[{"href":"https:\/\/metal-badge.ch\/fr\/wp-json\/wp\/v2\/media?parent=107069"}],"wp:term":[{"taxonomy":"product_brand","embeddable":true,"href":"https:\/\/metal-badge.ch\/fr\/wp-json\/wp\/v2\/product_brand?post=107069"},{"taxonomy":"product_cat","embeddable":true,"href":"https:\/\/metal-badge.ch\/fr\/wp-json\/wp\/v2\/product_cat?post=107069"},{"taxonomy":"product_tag","embeddable":true,"href":"https:\/\/metal-badge.ch\/fr\/wp-json\/wp\/v2\/product_tag?post=107069"}],"curies":[{"name":"wp","href":"https:\/\/api.w.org\/{rel}","templated":true}]}}