{"id":107029,"date":"2021-06-10T23:09:42","date_gmt":"2021-06-10T21:09:42","guid":{"rendered":"https:\/\/shop.metal-badge.ch\/product\/107029\/lampe-de-poche-tactique-t3-trustfire-avec-batterie-rechargeable\/"},"modified":"2021-06-10T23:09:42","modified_gmt":"2021-06-10T21:09:42","slug":"lampe-de-poche-tactique-t3-trustfire-avec-batterie-rechargeable","status":"publish","type":"product","link":"https:\/\/metal-badge.ch\/fr\/product\/107029\/lampe-de-poche-tactique-t3-trustfire-avec-batterie-rechargeable\/","title":{"rendered":"Lampe de poche tactique T3 Trustfire avec batterie rechargeable"},"content":{"rendered":"<p><span style=\"font-weight: 400;\">La lampe de poche tactique TrustFire T3 1000 lumens avec Led Cree est con\u00e7ue de mani\u00e8re optimale pour la chasse et les sports de plein air. Une petite lampe de poche robuste avec une puissance lumineuse \u00e9lev\u00e9s. Les lumens max. sont de 1000LM avec 1 piles 18650 ou 2 piles CR123A \/ RCR123A. En outre, la lampe se caract\u00e9rise par d&rsquo;excellentes performances et une grande fiabilit\u00e9. Trustfire, la lampe qui tient bien en main.<\/span><\/p>\n<p><b>Informations du produit :<\/b><span style=\"font-weight: 400;\"><br \/>\n<\/span><\/p>\n<ul>\n<li><span style=\"font-weight: 400;\">D\u00e9nomination&nbsp;: Lampe de poche tactique avec batterie<\/span><span style=\"font-weight: 400;\"><br \/>\n<\/span><\/li>\n<li><span style=\"font-weight: 400;\">Marque . Trustfire<\/span><\/li>\n<li><span style=\"font-weight: 400;\">Mod\u00e8le : T3<\/span><\/li>\n<li><span style=\"font-weight: 400;\">Couleur : noir&nbsp;<\/span><\/li>\n<li><span style=\"font-weight: 400;\">Poids : 60 g sans piles, 108 g avec piles<\/span><\/li>\n<li><span style=\"font-weight: 400;\">Lumen : 1000 Lm<\/span><\/li>\n<li><span style=\"font-weight: 400;\">Port\u00e9e : 140 m\u00e8tres<\/span><\/li>\n<li><span style=\"font-weight: 400;\">\u00c9tanch\u00e9it\u00e9 : IPX-8<\/span><\/li>\n<li><span style=\"font-weight: 400;\">Dimensions : longueur 12 cm \/ diam\u00e8tre 2.3 cm<\/span><\/li>\n<li><span style=\"font-weight: 400;\">Mat\u00e9riau : fabriqu\u00e9 en aluminium a\u00e9rospatial et avec une couche d&rsquo;oxydation anodis\u00e9e contre l&rsquo;usure.<\/span><span style=\"font-weight: 400;\"><br \/>\n<\/span><span style=\"font-weight: 400;\">5 modes de travail : (High&gt; Mid&gt; Low&gt; Strobe&gt; SOS).<\/span><\/li>\n<li><span style=\"font-weight: 400;\">Rev\u00eatement anti-reflets double face pour durcir les verres et r\u00e9duire efficacement la perte de lumi\u00e8re.<\/span><\/li>\n<li><span style=\"font-weight: 400;\">Gr\u00e2ce \u00e0 la LED CREE, brevet\u00e9e au niveau international, la dur\u00e9e de vie peut atteindre 50 000 heures.<\/span><\/li>\n<li><span style=\"font-weight: 400;\">Lorsque la pile est presque vide (moins de 10 %), la lampe de poche clignote lentement trois fois par minute pour rappeler \u00e0 l&rsquo;utilisateur de remplacer la nouvelle pile.<\/span><\/li>\n<\/ul>\n<p><b>\u00c9L\u00c9MENTS FOURNIS<\/b><span style=\"font-weight: 400;\"> :<\/span><span style=\"font-weight: 400;\"><br \/>\n<\/span><\/p>\n<ul>\n<li><span style=\"font-weight: 400;\">1&nbsp;lampe tactique LED&nbsp;TrustFire&nbsp;T3<\/span><span style=\"font-weight: 400;\"><br \/>\n<\/span><\/li>\n<li><span style=\"font-weight: 400;\">1&nbsp;dragonne<\/span><span style=\"font-weight: 400;\"><br \/>\n<\/span><\/li>\n<li><span style=\"font-weight: 400;\">1&nbsp;anneau de remplacement<\/span><span style=\"font-weight: 400;\"><br \/>\n<\/span><\/li>\n<li><span style=\"font-weight: 400;\">1&nbsp;\u00e9tui<\/span><\/li>\n<li><span style=\"font-weight: 400;\">Instructions d&rsquo;utilisation&nbsp;<\/span><\/li>\n<\/ul>\n<p><b>Comme toujours, une excellente qualit\u00e9 \u00e0 des prix justes<\/b><\/p>\n","protected":false},"excerpt":{"rendered":"<p><span style=\"font-weight: 400;\">La lampe de poche tactique TrustFire T3 1000 lumens avec Led Cree est con\u00e7ue de mani\u00e8re optimale pour la chasse et les sports de plein air. Une petite lampe de poche robuste avec une puissance lumineuse \u00e9lev\u00e9s. Les lumens max. sont de 1000LM avec 1 piles 18650 ou 2 piles CR123A \/ RCR123A. En outre, la lampe se caract\u00e9rise par d&rsquo;excellentes performances et une grande fiabilit\u00e9. Trustfire, la lampe qui tient bien en main.<\/span><\/p>\n","protected":false},"featured_media":106994,"comment_status":"closed","ping_status":"closed","template":"","meta":{"inline_featured_image":false},"product_brand":[],"product_cat":[1343],"product_tag":[1777],"class_list":{"0":"post-107029","1":"product","2":"type-product","3":"status-publish","4":"has-post-thumbnail","6":"product_cat-lampes-lampes-de-poche","7":"product_tag-camping-voyage","9":"first","10":"instock","11":"taxable","12":"shipping-taxable","13":"purchasable","14":"product-type-simple"},"_links":{"self":[{"href":"https:\/\/metal-badge.ch\/fr\/wp-json\/wp\/v2\/product\/107029","targetHints":{"allow":["GET"]}}],"collection":[{"href":"https:\/\/metal-badge.ch\/fr\/wp-json\/wp\/v2\/product"}],"about":[{"href":"https:\/\/metal-badge.ch\/fr\/wp-json\/wp\/v2\/types\/product"}],"replies":[{"embeddable":true,"href":"https:\/\/metal-badge.ch\/fr\/wp-json\/wp\/v2\/comments?post=107029"}],"wp:featuredmedia":[{"embeddable":true,"href":"https:\/\/metal-badge.ch\/fr\/wp-json\/wp\/v2\/media\/106994"}],"wp:attachment":[{"href":"https:\/\/metal-badge.ch\/fr\/wp-json\/wp\/v2\/media?parent=107029"}],"wp:term":[{"taxonomy":"product_brand","embeddable":true,"href":"https:\/\/metal-badge.ch\/fr\/wp-json\/wp\/v2\/product_brand?post=107029"},{"taxonomy":"product_cat","embeddable":true,"href":"https:\/\/metal-badge.ch\/fr\/wp-json\/wp\/v2\/product_cat?post=107029"},{"taxonomy":"product_tag","embeddable":true,"href":"https:\/\/metal-badge.ch\/fr\/wp-json\/wp\/v2\/product_tag?post=107029"}],"curies":[{"name":"wp","href":"https:\/\/api.w.org\/{rel}","templated":true}]}}