{"id":106989,"date":"2021-06-10T22:28:26","date_gmt":"2021-06-10T20:28:26","guid":{"rendered":"https:\/\/shop.metal-badge.ch\/product\/106989\/lampe-de-poche-tactique-mini-08-de-trustfire\/"},"modified":"2021-06-10T22:28:26","modified_gmt":"2021-06-10T20:28:26","slug":"lampe-de-poche-tactique-mini-08-de-trustfire","status":"publish","type":"product","link":"https:\/\/metal-badge.ch\/fr\/product\/106989\/lampe-de-poche-tactique-mini-08-de-trustfire\/","title":{"rendered":"Lampe de poche tactique Mini 08 de Trustfire"},"content":{"rendered":"<p><span style=\"font-weight: 400;\">Lampe Mini08 TrustFire 1850 lumen, avec porte-cl\u00e9 Cette petite lampe vous permettra d&rsquo;\u00e9clairer une pi\u00e8ce compl\u00e8tement jusqu&rsquo;\u00e0 48 m\u00e8tres de distance. D\u00e9visser la lampe et branchez la prise USB pour charger la batterie. Charger la batterie avec le c\u00e2ble USB. Temps de charge court de 1,5 h. La lampe a une dur\u00e9e de fonctionnement de 65 \u00e0 70 minutes jusqu&rsquo;\u00e0 ce que la batterie doive \u00eatre recharg\u00e9e. La port\u00e9e de la lampe est con\u00e7ue pour aller jusqu&rsquo;\u00e0 48 m\u00e8tres.&nbsp;&nbsp;<\/span><\/p>\n<p><b>Informations du produit :<\/b><span style=\"font-weight: 400;\"><br \/>\n<\/span><\/p>\n<ul>\n<li><span style=\"font-weight: 400;\">D\u00e9nomination&nbsp;: Porte-cl\u00e9 lampe mini avec batterie<\/span><span style=\"font-weight: 400;\"><br \/>\n<\/span><\/li>\n<li><span style=\"font-weight: 400;\">Marque: Trustfire<\/span><\/li>\n<li><span style=\"font-weight: 400;\">Mod\u00e8le : Mini08<\/span><\/li>\n<li><span style=\"font-weight: 400;\">Couleur : argent\u00e9.&nbsp;<\/span><\/li>\n<li><span style=\"font-weight: 400;\">Poids : 62 g avec batterie<\/span><\/li>\n<li><span style=\"font-weight: 400;\">Batterie : 1 batterie Li-ion 16340 avec prise USB, rechargeable&nbsp;<\/span><\/li>\n<li><span style=\"font-weight: 400;\">Pour charger la batterie, il suffit de d\u00e9visser la partie centrale de la lampe et de brancher le c\u00e2ble USB.<\/span><span style=\"font-weight: 400;\"><br \/>\n<\/span><\/li>\n<li><span style=\"font-weight: 400;\">Dur\u00e9e de chargement : 1,5 heure. Le voyant vert indique lorsque la batterie est charg\u00e9e. Si le voyant est rouge, le chargement de la batterie n&rsquo;est pas termin\u00e9.&nbsp;<\/span><\/li>\n<li><span style=\"font-weight: 400;\">Lumen : 180 Lm<\/span><\/li>\n<li><span style=\"font-weight: 400;\">Dur\u00e9e de la mission : 65 \u00e0 70 minutes<\/span><\/li>\n<li><span style=\"font-weight: 400;\">Port\u00e9e : 48 m\u00e8tres<\/span><\/li>\n<li><span style=\"font-weight: 400;\">\u00c9tanch\u00e9it\u00e9 : IPX-4<\/span><\/li>\n<li><span style=\"font-weight: 400;\">Dimensions : longueur 7.0 cm \/ diam\u00e8tre 2.0 cm<\/span><\/li>\n<li><span style=\"font-weight: 400;\">Mati\u00e8re&nbsp;: 304 acier inoxydable<\/span><span style=\"font-weight: 400;\"><br \/>\n<\/span><span style=\"font-weight: 400;\">3 modes de travail (High&gt; Low&gt; Strobe).<\/span><\/li>\n<li><span style=\"font-weight: 400;\">Rev\u00eatement anti-reflets double face pour durcir les verres et r\u00e9duire efficacement la perte de lumi\u00e8re.<\/span><\/li>\n<li><span style=\"font-weight: 400;\">Gr\u00e2ce \u00e0 la LED CREE, brevet\u00e9e au niveau international, la dur\u00e9e de vie peut atteindre 50 000 heures.<\/span><\/li>\n<\/ul>\n<p><b>\u00c9L\u00c9MENTS FOURNIS<\/b><span style=\"font-weight: 400;\"> :&nbsp;<\/span><\/p>\n<ul>\n<li><span style=\"font-weight: 400;\">1&nbsp;mini-lampe&nbsp;Mini08 TrustFire <\/span><span style=\"font-weight: 400;\"><br \/>\n<\/span><\/li>\n<li><span style=\"font-weight: 400;\">1 mode d\u2019emploi&nbsp;<\/span><\/li>\n<\/ul>\n<p><b>Comme toujours, une excellente qualit\u00e9 \u00e0 des prix justes<\/b><\/p>\n","protected":false},"excerpt":{"rendered":"<p><span style=\"font-weight: 400;\">Lampe Mini08 TrustFire 1850 lumen, avec porte-cl\u00e9 Cette petite lampe vous permettra d&rsquo;\u00e9clairer une pi\u00e8ce compl\u00e8tement jusqu&rsquo;\u00e0 48 m\u00e8tres de distance. D\u00e9visser la lampe et branchez la prise USB pour charger la batterie. Charger la batterie avec le c\u00e2ble USB. Temps de charge court de 1,5 h. La lampe a une dur\u00e9e de fonctionnement de 65 \u00e0 70 minutes jusqu&rsquo;\u00e0 ce que la batterie doive \u00eatre recharg\u00e9e. La port\u00e9e de la lampe est con\u00e7ue pour aller jusqu&rsquo;\u00e0 48 m\u00e8tres.&nbsp;&nbsp;<\/span><\/p>\n","protected":false},"featured_media":106966,"comment_status":"closed","ping_status":"closed","template":"","meta":{"inline_featured_image":false},"product_brand":[],"product_cat":[1343],"product_tag":[1777],"class_list":{"0":"post-106989","1":"product","2":"type-product","3":"status-publish","4":"has-post-thumbnail","6":"product_cat-lampes-lampes-de-poche","7":"product_tag-camping-voyage","9":"first","10":"instock","11":"taxable","12":"shipping-taxable","13":"purchasable","14":"product-type-simple"},"_links":{"self":[{"href":"https:\/\/metal-badge.ch\/fr\/wp-json\/wp\/v2\/product\/106989","targetHints":{"allow":["GET"]}}],"collection":[{"href":"https:\/\/metal-badge.ch\/fr\/wp-json\/wp\/v2\/product"}],"about":[{"href":"https:\/\/metal-badge.ch\/fr\/wp-json\/wp\/v2\/types\/product"}],"replies":[{"embeddable":true,"href":"https:\/\/metal-badge.ch\/fr\/wp-json\/wp\/v2\/comments?post=106989"}],"wp:featuredmedia":[{"embeddable":true,"href":"https:\/\/metal-badge.ch\/fr\/wp-json\/wp\/v2\/media\/106966"}],"wp:attachment":[{"href":"https:\/\/metal-badge.ch\/fr\/wp-json\/wp\/v2\/media?parent=106989"}],"wp:term":[{"taxonomy":"product_brand","embeddable":true,"href":"https:\/\/metal-badge.ch\/fr\/wp-json\/wp\/v2\/product_brand?post=106989"},{"taxonomy":"product_cat","embeddable":true,"href":"https:\/\/metal-badge.ch\/fr\/wp-json\/wp\/v2\/product_cat?post=106989"},{"taxonomy":"product_tag","embeddable":true,"href":"https:\/\/metal-badge.ch\/fr\/wp-json\/wp\/v2\/product_tag?post=106989"}],"curies":[{"name":"wp","href":"https:\/\/api.w.org\/{rel}","templated":true}]}}