{"id":106961,"date":"2021-06-10T21:22:15","date_gmt":"2021-06-10T19:22:15","guid":{"rendered":"https:\/\/shop.metal-badge.ch\/product\/106961\/lampe-de-poche-tactique-mini-2-de-trustfire\/"},"modified":"2021-06-10T21:22:15","modified_gmt":"2021-06-10T19:22:15","slug":"lampe-de-poche-tactique-mini-2-de-trustfire","status":"publish","type":"product","link":"https:\/\/metal-badge.ch\/fr\/product\/106961\/lampe-de-poche-tactique-mini-2-de-trustfire\/","title":{"rendered":"Lampe de poche tactique Mini 2 de Trustfire"},"content":{"rendered":"<p><span style=\"font-weight: 400;\">La lampe TrustFire Mini2 de 220 lumens va sur tous les porte-cl\u00e9s et se glisse dans toutes les poches. La lampe est tr\u00e8s petite mais extr\u00eamement brillante, et peut \u00eatre r\u00e9gl\u00e9e en une seule \u00e9tape pour r\u00e9duire la luminosit\u00e9 et \u00e9conomiser la batterie. <\/span><span style=\"font-weight: 400;\">Logique de commutation optimale : Tournez la t\u00eate de la lampe : la lampe s&rsquo;allume d&rsquo;abord avec une lumi\u00e8re t\u00e9nue, puis au maximum si vous continuez de tourner. <\/span><span style=\"font-weight: 400;\">Cette petite lampe vous permettra d&rsquo;\u00e9clairer une pi\u00e8ce compl\u00e8tement jusqu&rsquo;\u00e0 55 m\u00e8tres de distance. Il suffit de charger la batterie avec le c\u00e2ble USB. Avec des temps de charge courts, la lampe peut \u00eatre utilis\u00e9e jusqu&rsquo;\u00e0 25 minutes sur le r\u00e9glage le plus \u00e9lev\u00e9 et jusqu&rsquo;\u00e0 7,5 heures sur le r\u00e9glage le plus bas, apr\u00e8s quoi la batterie doit \u00eatre charg\u00e9e. <\/span><span style=\"font-weight: 400;\">LUMENS, DUR\u00c9E DE FONCTIONNEMENT ET PORT\u00c9E : La puissance maximale en mode turbo peut atteindre jusqu&rsquo;\u00e0 220 lumens, 25 minutes d&rsquo;autonomie et une port\u00e9e maximale de 55 m\u00e8tres ; en mode faible, elle peut atteindre 5 lumens, 7,5 heures d&rsquo;autonomie et 15 m\u00e8tres. (2 MODES)<\/span><\/p>\n<p><b>Informations du produit :<\/b><span style=\"font-weight: 400;\"><br \/>\n<\/span><\/p>\n<ul>\n<li><span style=\"font-weight: 400;\">D\u00e9nomination&nbsp;: Porte-cl\u00e9s mini lampe avec batterie et c\u00e2ble USB&nbsp;<\/span><\/li>\n<li><span style=\"font-weight: 400;\">Marque : Trustfire<\/span><\/li>\n<li><span style=\"font-weight: 400;\">Mod\u00e8le : Mini2<\/span><\/li>\n<li><span style=\"font-weight: 400;\">Couleur : noir&nbsp;<\/span><\/li>\n<li><span style=\"font-weight: 400;\">Poids : 12 g avec batterie<\/span><\/li>\n<li><span style=\"font-weight: 400;\">Batterie : Batterie Li-ion 10180 rechargeable par c\u00e2ble micro-USB<\/span><\/li>\n<li><span style=\"font-weight: 400;\">Lumen : 220 Lm<\/span><\/li>\n<li><span style=\"font-weight: 400;\">Port\u00e9e : 55 m\u00e8tres<\/span><\/li>\n<li><span style=\"font-weight: 400;\">\u00c9tanch\u00e9it\u00e9 : IPX-8<\/span><\/li>\n<li><span style=\"font-weight: 400;\">Dimensions : longueur 3,8 cm \/ diam\u00e8tre 1,2 cm<\/span><\/li>\n<li><span style=\"font-weight: 400;\">Mat\u00e9riau : fabriqu\u00e9 en aluminium a\u00e9rospatial et avec une couche d&rsquo;oxydation anodis\u00e9e contre l&rsquo;usure.<\/span><span style=\"font-weight: 400;\"><br \/>\n<\/span><span style=\"font-weight: 400;\">2 modes de travail : (High&gt; Low&gt;).<\/span><\/li>\n<li><span style=\"font-weight: 400;\">Rev\u00eatement anti-reflets double face pour durcir les verres et r\u00e9duire efficacement la perte de lumi\u00e8re.<\/span><\/li>\n<li><span style=\"font-weight: 400;\">Gr\u00e2ce \u00e0 la LED CREE, brevet\u00e9e au niveau international, la dur\u00e9e de vie peut atteindre 50 000 heures.<\/span><\/li>\n<\/ul>\n<p><b>\u00c9L\u00c9MENTS FOURNIS<\/b><span style=\"font-weight: 400;\"> :<\/span><\/p>\n<ul>\n<li><span style=\"font-weight: 400;\">1&nbsp;mini-lampe TrustFire&nbsp;Mini2 <\/span><span style=\"font-weight: 400;\"><br \/>\n<\/span><\/li>\n<li><span style=\"font-weight: 400;\">1&nbsp;anneau de remplacement<\/span><span style=\"font-weight: 400;\"><br \/>\n<\/span><\/li>\n<li><span style=\"font-weight: 400;\">1 mode d\u2019emploi&nbsp;<\/span><\/li>\n<li>&nbsp;<\/li>\n<\/ul>\n<p><b>Comme toujours, une excellente qualit\u00e9 \u00e0 des prix justes<\/b><\/p>\n","protected":false},"excerpt":{"rendered":"<p><span style=\"font-weight: 400;\">La lampe TrustFire Mini2 de 220 lumens va sur tous les porte-cl\u00e9s et se glisse dans toutes les poches. La lampe est tr\u00e8s petite mais extr\u00eamement brillante, et peut \u00eatre r\u00e9gl\u00e9e en une seule \u00e9tape pour r\u00e9duire la luminosit\u00e9 et \u00e9conomiser la batterie. <\/span><span style=\"font-weight: 400;\">Logique de commutation optimale : Tournez la t\u00eate de la lampe : la lampe s&rsquo;allume d&rsquo;abord avec une lumi\u00e8re t\u00e9nue, puis au maximum si vous continuez de tourner. <\/span><span style=\"font-weight: 400;\">Cette petite lampe vous permettra d&rsquo;\u00e9clairer une pi\u00e8ce compl\u00e8tement jusqu&rsquo;\u00e0 55 m\u00e8tres de distance.<\/span><\/p>\n","protected":false},"featured_media":106928,"comment_status":"closed","ping_status":"closed","template":"","meta":{"inline_featured_image":false},"product_brand":[],"product_cat":[1343],"product_tag":[1777],"class_list":{"0":"post-106961","1":"product","2":"type-product","3":"status-publish","4":"has-post-thumbnail","6":"product_cat-lampes-lampes-de-poche","7":"product_tag-camping-voyage","9":"first","10":"instock","11":"taxable","12":"shipping-taxable","13":"purchasable","14":"product-type-simple"},"_links":{"self":[{"href":"https:\/\/metal-badge.ch\/fr\/wp-json\/wp\/v2\/product\/106961","targetHints":{"allow":["GET"]}}],"collection":[{"href":"https:\/\/metal-badge.ch\/fr\/wp-json\/wp\/v2\/product"}],"about":[{"href":"https:\/\/metal-badge.ch\/fr\/wp-json\/wp\/v2\/types\/product"}],"replies":[{"embeddable":true,"href":"https:\/\/metal-badge.ch\/fr\/wp-json\/wp\/v2\/comments?post=106961"}],"wp:featuredmedia":[{"embeddable":true,"href":"https:\/\/metal-badge.ch\/fr\/wp-json\/wp\/v2\/media\/106928"}],"wp:attachment":[{"href":"https:\/\/metal-badge.ch\/fr\/wp-json\/wp\/v2\/media?parent=106961"}],"wp:term":[{"taxonomy":"product_brand","embeddable":true,"href":"https:\/\/metal-badge.ch\/fr\/wp-json\/wp\/v2\/product_brand?post=106961"},{"taxonomy":"product_cat","embeddable":true,"href":"https:\/\/metal-badge.ch\/fr\/wp-json\/wp\/v2\/product_cat?post=106961"},{"taxonomy":"product_tag","embeddable":true,"href":"https:\/\/metal-badge.ch\/fr\/wp-json\/wp\/v2\/product_tag?post=106961"}],"curies":[{"name":"wp","href":"https:\/\/api.w.org\/{rel}","templated":true}]}}