{"id":106901,"date":"2021-06-08T04:45:05","date_gmt":"2021-06-08T02:48:07","guid":{"rendered":"https:\/\/shop.metal-badge.ch\/?post_type=product&#038;p=106901"},"modified":"2021-06-08T05:02:53","modified_gmt":"2021-06-08T03:02:53","slug":"sifflet-de-signalisation-durgence-avec-porte-cles-argente-mat","status":"publish","type":"product","link":"https:\/\/metal-badge.ch\/fr\/product\/106901\/sifflet-de-signalisation-durgence-avec-porte-cles-argente-mat\/","title":{"rendered":"Sifflet de signalisation d&rsquo;urgence avec porte-cl\u00e9s &#8211; argent\u00e9 mat"},"content":{"rendered":"<p><span style=\"font-weight: 400;\">Il s&rsquo;agit d&rsquo;un sifflet de signalisation qui peut \u00eatre port\u00e9 \u00e0 tout moment. Dans les situations d&rsquo;urgence, un son fort d&rsquo;une intensit\u00e9 maximale de 120 d\u00e9cibels \u00e0 3-4 kHz peut \u00eatre \u00e9mis par la double chambre. Gr\u00e2ce \u00e0 sa chambre sonore unique, ce sifflet n\u00e9cessite moins de force que les sifflets classiques. Le sifflet de signalisation est en acier inoxydable et ne comporte aucune pi\u00e8ce mobile. Le sifflet d&rsquo;urgence fonctionne dans toutes les conditions m\u00e9t\u00e9orologiques : sec, chaud, humide, altitude.&nbsp;Le sifflet d&rsquo;urgence doit toujours \u00eatre \u00e0 port\u00e9e de main dans toutes vos aventures en plein air car il offre une garantie de s\u00e9curit\u00e9 indispensable et importante. En outre, le sifflet peut \u00e9galement \u00eatre utilis\u00e9 pour \u00e9loigner les animaux.&nbsp;La temp\u00e9rature recommand\u00e9e pour l&rsquo;utilisation est comprise entre -10 et +48 degr\u00e9s Celsius.<\/span><\/p>\n<p><b>Informations du produit :<\/b><\/p>\n<ul>\n<li><span style=\"font-weight: 400;\">Fabriqu\u00e9 en acier inoxydable&nbsp;&nbsp;<\/span><\/li>\n<li><span style=\"font-weight: 400;\">Non toxique et non nocif pour la peau&nbsp;<\/span><\/li>\n<li><span style=\"font-weight: 400;\">Peut \u00eatre port\u00e9 comme un porte-cl\u00e9s avec anneau ou autour du cou&nbsp;<\/span><\/li>\n<li><span style=\"font-weight: 400;\">Durable, robuste et r\u00e9sistant \u00e0 la corrosion&nbsp;<\/span><\/li>\n<li><span style=\"font-weight: 400;\">Poids : 25 g.&nbsp;<\/span><\/li>\n<li><span style=\"font-weight: 400;\">Couleur : argent\u00e9 mat<\/span><\/li>\n<li><span style=\"font-weight: 400;\">Dimensions : longueur 5,5 cm \/ largeur : 1,8 cm, hauteur : 0,9 cm<\/span><\/li>\n<li><span style=\"font-weight: 400;\">Design \u00e0 double chambre&nbsp;<\/span><\/li>\n<li><span style=\"font-weight: 400;\">Chambres acoustiques uniques, demandant 30 % de force en moins que les sifflets conventionnels&nbsp;&nbsp;<\/span><\/li>\n<li><span style=\"font-weight: 400;\">Intensit\u00e9 sonore maximale de 120 d\u00e9cibels&nbsp;<\/span><\/li>\n<li><span style=\"font-weight: 400;\">Fr\u00e9quence sonore 3 \u00e0 4 kHz&nbsp;<\/span><\/li>\n<li><span style=\"font-weight: 400;\">Design simple et extr\u00eamement fonctionnel&nbsp;<\/span><\/li>\n<li><span style=\"font-weight: 400;\">Peut fonctionner mouill\u00e9 ou sec&nbsp;&nbsp;<\/span><\/li>\n<\/ul>\n","protected":false},"excerpt":{"rendered":"<p><span style=\"font-weight: 400;\">Il s&rsquo;agit d&rsquo;un sifflet de signalisation qui peut \u00eatre port\u00e9 \u00e0 tout moment. Dans les situations d&rsquo;urgence, un son fort d&rsquo;une intensit\u00e9 maximale de 120 d\u00e9cibels \u00e0 3-4 kHz peut \u00eatre \u00e9mis par la double chambre. Gr\u00e2ce \u00e0 sa chambre sonore unique, ce sifflet n\u00e9cessite moins de force que les sifflets classiques.<\/span><\/p>\n","protected":false},"featured_media":106882,"comment_status":"closed","ping_status":"closed","template":"","meta":{"inline_featured_image":false},"product_brand":[],"product_cat":[1714],"product_tag":[1769],"class_list":{"0":"post-106901","1":"product","2":"type-product","3":"status-publish","4":"has-post-thumbnail","6":"product_cat-sifflets-davertissement-de-signalisation","7":"product_tag-army-survival-fr","9":"first","10":"instock","11":"taxable","12":"shipping-taxable","13":"purchasable","14":"product-type-simple"},"_links":{"self":[{"href":"https:\/\/metal-badge.ch\/fr\/wp-json\/wp\/v2\/product\/106901","targetHints":{"allow":["GET"]}}],"collection":[{"href":"https:\/\/metal-badge.ch\/fr\/wp-json\/wp\/v2\/product"}],"about":[{"href":"https:\/\/metal-badge.ch\/fr\/wp-json\/wp\/v2\/types\/product"}],"replies":[{"embeddable":true,"href":"https:\/\/metal-badge.ch\/fr\/wp-json\/wp\/v2\/comments?post=106901"}],"wp:featuredmedia":[{"embeddable":true,"href":"https:\/\/metal-badge.ch\/fr\/wp-json\/wp\/v2\/media\/106882"}],"wp:attachment":[{"href":"https:\/\/metal-badge.ch\/fr\/wp-json\/wp\/v2\/media?parent=106901"}],"wp:term":[{"taxonomy":"product_brand","embeddable":true,"href":"https:\/\/metal-badge.ch\/fr\/wp-json\/wp\/v2\/product_brand?post=106901"},{"taxonomy":"product_cat","embeddable":true,"href":"https:\/\/metal-badge.ch\/fr\/wp-json\/wp\/v2\/product_cat?post=106901"},{"taxonomy":"product_tag","embeddable":true,"href":"https:\/\/metal-badge.ch\/fr\/wp-json\/wp\/v2\/product_tag?post=106901"}],"curies":[{"name":"wp","href":"https:\/\/api.w.org\/{rel}","templated":true}]}}