{"id":106877,"date":"2021-06-08T09:47:22","date_gmt":"2021-06-08T07:47:22","guid":{"rendered":"https:\/\/shop.metal-badge.ch\/?post_type=product&#038;p=106877"},"modified":"2021-06-08T09:47:22","modified_gmt":"2021-06-08T07:47:22","slug":"sifflet-darbitre-noir","status":"publish","type":"product","link":"https:\/\/metal-badge.ch\/fr\/product\/106877\/sifflet-darbitre-noir\/","title":{"rendered":"Sifflet d&rsquo;arbitre &#8211; noir"},"content":{"rendered":"<p><span style=\"font-weight: 400;\">Le sifflet produit un son clair et fort. Ainsi, le sifflet de l&rsquo;arbitre est facile \u00e0 entendre sur un terrain de sport ou dans une salle, m\u00eame dans un environnement bruyant. Le sifflet en m\u00e9tal est \u00e9quip\u00e9 d&rsquo;une sangle en polyester \u00e0 accrocher autour du cou.&nbsp;<\/span><\/p>\n<p><b>Convient pour : Arbitres, police, enseignants, \u00e9cole, sifflet de signalisation d&rsquo;urgence, dressage de chiens, etc.<\/b><\/p>\n<p><b>D\u00e9tails du produit :&nbsp;<\/b><\/p>\n<ul>\n<li style=\"font-weight: 400;\" aria-level=\"1\"><span style=\"font-weight: 400;\">Sifflet au design classique<\/span><\/li>\n<li style=\"font-weight: 400;\" aria-level=\"1\"><span style=\"font-weight: 400;\">Tonalit\u00e9 claire \/ effet de trille<\/span><\/li>\n<li style=\"font-weight: 400;\" aria-level=\"1\"><span style=\"font-weight: 400;\">Haute valeur qualitative<\/span><\/li>\n<li style=\"font-weight: 400;\" aria-level=\"1\"><span style=\"font-weight: 400;\">Impossible \u00e0 ne pas entendre<\/span><\/li>\n<li style=\"font-weight: 400;\" aria-level=\"1\"><span style=\"font-weight: 400;\">En m\u00e9tal nickel\u00e9<\/span><\/li>\n<li style=\"font-weight: 400;\" aria-level=\"1\"><span style=\"font-weight: 400;\">Avec cordon&nbsp;<\/span><\/li>\n<li style=\"font-weight: 400;\" aria-level=\"1\"><span style=\"font-weight: 400;\">Couleur : noir<\/span><\/li>\n<li style=\"font-weight: 400;\" aria-level=\"1\"><span style=\"font-weight: 400;\">Poids : 13 g<\/span><\/li>\n<\/ul>\n","protected":false},"excerpt":{"rendered":"<p><span style=\"font-weight: 400;\">Le sifflet produit un son clair et fort. Ainsi, le sifflet de l&rsquo;arbitre est facile \u00e0 entendre sur un terrain de sport ou dans une salle, m\u00eame dans un environnement bruyant. Le sifflet en m\u00e9tal est \u00e9quip\u00e9 d&rsquo;une sangle en polyester \u00e0 accrocher autour du cou.&nbsp;<\/span><\/p>\n<p><b>Convient pour : Arbitres, police, enseignants, \u00e9cole, sifflet de signalisation d&rsquo;urgence, dressage de chiens, etc.<\/b><\/p>\n","protected":false},"featured_media":106866,"comment_status":"closed","ping_status":"closed","template":"","meta":{"inline_featured_image":false},"product_brand":[],"product_cat":[1714],"product_tag":[1769],"class_list":{"0":"post-106877","1":"product","2":"type-product","3":"status-publish","4":"has-post-thumbnail","6":"product_cat-sifflets-davertissement-de-signalisation","7":"product_tag-army-survival-fr","9":"first","10":"instock","11":"taxable","12":"shipping-taxable","13":"purchasable","14":"product-type-simple"},"_links":{"self":[{"href":"https:\/\/metal-badge.ch\/fr\/wp-json\/wp\/v2\/product\/106877","targetHints":{"allow":["GET"]}}],"collection":[{"href":"https:\/\/metal-badge.ch\/fr\/wp-json\/wp\/v2\/product"}],"about":[{"href":"https:\/\/metal-badge.ch\/fr\/wp-json\/wp\/v2\/types\/product"}],"replies":[{"embeddable":true,"href":"https:\/\/metal-badge.ch\/fr\/wp-json\/wp\/v2\/comments?post=106877"}],"wp:featuredmedia":[{"embeddable":true,"href":"https:\/\/metal-badge.ch\/fr\/wp-json\/wp\/v2\/media\/106866"}],"wp:attachment":[{"href":"https:\/\/metal-badge.ch\/fr\/wp-json\/wp\/v2\/media?parent=106877"}],"wp:term":[{"taxonomy":"product_brand","embeddable":true,"href":"https:\/\/metal-badge.ch\/fr\/wp-json\/wp\/v2\/product_brand?post=106877"},{"taxonomy":"product_cat","embeddable":true,"href":"https:\/\/metal-badge.ch\/fr\/wp-json\/wp\/v2\/product_cat?post=106877"},{"taxonomy":"product_tag","embeddable":true,"href":"https:\/\/metal-badge.ch\/fr\/wp-json\/wp\/v2\/product_tag?post=106877"}],"curies":[{"name":"wp","href":"https:\/\/api.w.org\/{rel}","templated":true}]}}