{"id":106817,"date":"2021-06-09T07:15:28","date_gmt":"2021-06-09T05:15:28","guid":{"rendered":"https:\/\/shop.metal-badge.ch\/?post_type=product&#038;p=106817"},"modified":"2021-06-09T07:15:28","modified_gmt":"2021-06-09T05:15:28","slug":"sifflet-de-signalement-bobby-whistle-anglais","status":"publish","type":"product","link":"https:\/\/metal-badge.ch\/fr\/product\/106817\/sifflet-de-signalement-bobby-whistle-anglais\/","title":{"rendered":"Sifflet de signalement Bobby Whistle anglais"},"content":{"rendered":"<p><span style=\"font-weight: 400;\">Ce sifflet de signalisation ou d&rsquo;avertissement en laiton nickel\u00e9 est \u00e9galement utilis\u00e9 par la police m\u00e9tropolitaine de Londres. Connu pour son son distinctif qui atteint jusqu&rsquo;\u00e0 1,5 km.&nbsp;<\/span><\/p>\n<p><b>Informations du produit :<\/b><\/p>\n<ul>\n<li><span style=\"font-weight: 400;\">Fr\u00e9quence&nbsp;: 1860 &#8211; 2135 Hz<\/span><\/li>\n<li><span style=\"font-weight: 400;\">Tonalit\u00e9 : tr\u00e8s \u00e9lev\u00e9e<\/span><\/li>\n<li><span style=\"font-weight: 400;\">Niveau de pression acoustique&nbsp;: 87 db<\/span><\/li>\n<li><span style=\"font-weight: 400;\">Volume : tr\u00e8s fort<\/span><\/li>\n<li><span style=\"font-weight: 400;\">Couleur : argent\u00e9.<\/span><\/li>\n<li><span style=\"font-weight: 400;\">Poids : 20 g<\/span><\/li>\n<li><span style=\"font-weight: 400;\">Dimensions : longueur 6,5 cm&nbsp;<\/span><\/li>\n<li><span style=\"font-weight: 400;\">Diam\u00e8tre&nbsp;: 2.0 cm<\/span><\/li>\n<li><span style=\"font-weight: 400;\">Mati\u00e8re&nbsp;: laiton nickel\u00e9<\/span><\/li>\n<\/ul>\n","protected":false},"excerpt":{"rendered":"<p><span style=\"font-weight: 400;\">Ce sifflet de signalisation ou d&rsquo;avertissement en laiton nickel\u00e9 est \u00e9galement utilis\u00e9 par la police m\u00e9tropolitaine de Londres. Connu pour son son distinctif qui atteint jusqu&rsquo;\u00e0 1,5 km.&nbsp;<\/span><\/p>\n","protected":false},"featured_media":106798,"comment_status":"closed","ping_status":"closed","template":"","meta":{"inline_featured_image":false},"product_brand":[],"product_cat":[1714],"product_tag":[1769],"class_list":{"0":"post-106817","1":"product","2":"type-product","3":"status-publish","4":"has-post-thumbnail","6":"product_cat-sifflets-davertissement-de-signalisation","7":"product_tag-army-survival-fr","9":"first","10":"instock","11":"taxable","12":"shipping-taxable","13":"purchasable","14":"product-type-simple"},"_links":{"self":[{"href":"https:\/\/metal-badge.ch\/fr\/wp-json\/wp\/v2\/product\/106817","targetHints":{"allow":["GET"]}}],"collection":[{"href":"https:\/\/metal-badge.ch\/fr\/wp-json\/wp\/v2\/product"}],"about":[{"href":"https:\/\/metal-badge.ch\/fr\/wp-json\/wp\/v2\/types\/product"}],"replies":[{"embeddable":true,"href":"https:\/\/metal-badge.ch\/fr\/wp-json\/wp\/v2\/comments?post=106817"}],"wp:featuredmedia":[{"embeddable":true,"href":"https:\/\/metal-badge.ch\/fr\/wp-json\/wp\/v2\/media\/106798"}],"wp:attachment":[{"href":"https:\/\/metal-badge.ch\/fr\/wp-json\/wp\/v2\/media?parent=106817"}],"wp:term":[{"taxonomy":"product_brand","embeddable":true,"href":"https:\/\/metal-badge.ch\/fr\/wp-json\/wp\/v2\/product_brand?post=106817"},{"taxonomy":"product_cat","embeddable":true,"href":"https:\/\/metal-badge.ch\/fr\/wp-json\/wp\/v2\/product_cat?post=106817"},{"taxonomy":"product_tag","embeddable":true,"href":"https:\/\/metal-badge.ch\/fr\/wp-json\/wp\/v2\/product_tag?post=106817"}],"curies":[{"name":"wp","href":"https:\/\/api.w.org\/{rel}","templated":true}]}}