{"id":106793,"date":"2021-06-09T07:18:36","date_gmt":"2021-06-09T05:18:36","guid":{"rendered":"https:\/\/shop.metal-badge.ch\/?post_type=product&#038;p=106793"},"modified":"2021-06-09T07:18:36","modified_gmt":"2021-06-09T05:18:36","slug":"sifflet-pour-chien-sifflet-durgence-noir","status":"publish","type":"product","link":"https:\/\/metal-badge.ch\/fr\/product\/106793\/sifflet-pour-chien-sifflet-durgence-noir\/","title":{"rendered":"Sifflet pour chien \/ sifflet d&rsquo;urgence noir"},"content":{"rendered":"<p><span style=\"font-weight: 400;\">Le sifflet d&rsquo;urgence pratique en noir, avec porte-cl\u00e9s en aluminium anodis\u00e9. Convient comme sifflet de signalisation \u00e0 l&rsquo;ext\u00e9rieur, sifflet d&rsquo;urgence, sifflet pour chien ou comme sifflet d&rsquo;entra\u00eenement. Petit et solide, il s\u2019adapte \u00e0 tous les porte-cl\u00e9s.&nbsp;<\/span><\/p>\n<p><b>Informations du produit :<\/b><\/p>\n<ul>\n<li><span style=\"font-weight: 400;\">Avec anneau de porte-cl\u00e9<\/span><\/li>\n<li><span style=\"font-weight: 400;\">Petit et pratique<\/span><\/li>\n<li><span style=\"font-weight: 400;\">Mati\u00e8re&nbsp;: Aluminium anodis\u00e9<\/span><\/li>\n<li><span style=\"font-weight: 400;\">Couleur : noir&nbsp;<\/span><\/li>\n<li><span style=\"font-weight: 400;\">Poids : 4 g<\/span><\/li>\n<li><span style=\"font-weight: 400;\">Longueur : 4.5 cm&nbsp;<\/span><\/li>\n<li><span style=\"font-weight: 400;\">Diam\u00e8tre&nbsp;: 0.8 cm<\/span><\/li>\n<\/ul>\n","protected":false},"excerpt":{"rendered":"<p><span style=\"font-weight: 400;\">Le sifflet d&rsquo;urgence pratique en noir, avec porte-cl\u00e9s en aluminium anodis\u00e9. Convient comme sifflet de signalisation \u00e0 l&rsquo;ext\u00e9rieur, sifflet d&rsquo;urgence, sifflet pour chien ou comme sifflet d&rsquo;entra\u00eenement. Petit et solide, il s\u2019adapte \u00e0 tous les porte-cl\u00e9s.&nbsp;<\/span><\/p>\n","protected":false},"featured_media":106786,"comment_status":"closed","ping_status":"closed","template":"","meta":{"inline_featured_image":false},"product_brand":[],"product_cat":[1714],"product_tag":[1769],"class_list":{"0":"post-106793","1":"product","2":"type-product","3":"status-publish","4":"has-post-thumbnail","6":"product_cat-sifflets-davertissement-de-signalisation","7":"product_tag-army-survival-fr","9":"first","10":"instock","11":"taxable","12":"shipping-taxable","13":"purchasable","14":"product-type-simple"},"_links":{"self":[{"href":"https:\/\/metal-badge.ch\/fr\/wp-json\/wp\/v2\/product\/106793","targetHints":{"allow":["GET"]}}],"collection":[{"href":"https:\/\/metal-badge.ch\/fr\/wp-json\/wp\/v2\/product"}],"about":[{"href":"https:\/\/metal-badge.ch\/fr\/wp-json\/wp\/v2\/types\/product"}],"replies":[{"embeddable":true,"href":"https:\/\/metal-badge.ch\/fr\/wp-json\/wp\/v2\/comments?post=106793"}],"wp:featuredmedia":[{"embeddable":true,"href":"https:\/\/metal-badge.ch\/fr\/wp-json\/wp\/v2\/media\/106786"}],"wp:attachment":[{"href":"https:\/\/metal-badge.ch\/fr\/wp-json\/wp\/v2\/media?parent=106793"}],"wp:term":[{"taxonomy":"product_brand","embeddable":true,"href":"https:\/\/metal-badge.ch\/fr\/wp-json\/wp\/v2\/product_brand?post=106793"},{"taxonomy":"product_cat","embeddable":true,"href":"https:\/\/metal-badge.ch\/fr\/wp-json\/wp\/v2\/product_cat?post=106793"},{"taxonomy":"product_tag","embeddable":true,"href":"https:\/\/metal-badge.ch\/fr\/wp-json\/wp\/v2\/product_tag?post=106793"}],"curies":[{"name":"wp","href":"https:\/\/api.w.org\/{rel}","templated":true}]}}