{"id":106657,"date":"2021-06-07T20:23:22","date_gmt":"2021-06-07T18:36:05","guid":{"rendered":"https:\/\/shop.metal-badge.ch\/?post_type=product&#038;p=106657"},"modified":"2021-06-07T20:36:05","modified_gmt":"2021-06-07T18:36:05","slug":"lampe-de-poche-de-signalisation-rouge-verte-version-longue-batterie","status":"publish","type":"product","link":"https:\/\/metal-badge.ch\/fr\/product\/106657\/lampe-de-poche-de-signalisation-rouge-verte-version-longue-batterie\/","title":{"rendered":"Lampe de poche de signalisation rouge \/ verte version longue, batterie"},"content":{"rendered":"<p><span style=\"font-weight: 400;\">Cette lampe de poche est \u00e9quip\u00e9e de trois niveaux de lumi\u00e8re diff\u00e9rents, rouge clignotant \/ rouge continu et vert continu. Cette lampe de signalisation est tr\u00e8s l\u00e9g\u00e8re et maniable malgr\u00e9 sa longueur de 53 cm et convainc par son poids de seulement 220 grammes. <\/span><\/p>\n<p><span style=\"font-weight: 400;\">La lampe de poche est munie d&rsquo;une dragonne sur la poign\u00e9e. Les piles sont rechargeables et sont fournies avec la batterie.&nbsp;<\/span><\/p>\n<p><b>Description du produit&nbsp;:<\/b><span style=\"font-weight: 400;\"><br \/>\n<\/span><\/p>\n<ul>\n<li><span style=\"font-weight: 400;\">Mod\u00e8le : ST-S900<\/span><\/li>\n<li><span style=\"font-weight: 400;\">Piles rechargeables avec batterie&nbsp;<\/span><\/li>\n<li><span style=\"font-weight: 400;\">Dur\u00e9e de chargement d\u2019environ 3 h&nbsp;&nbsp;<\/span><\/li>\n<li><span style=\"font-weight: 400;\">Poids : 220 g&nbsp;<\/span><\/li>\n<li><span style=\"font-weight: 400;\">Avec dragonne sur la poign\u00e9e<\/span><\/li>\n<li><span style=\"font-weight: 400;\">Avec 3 modes d&rsquo;\u00e9clairage : lumi\u00e8re rouge fixe, rouge clignotant, lumi\u00e8re verte fixe.&nbsp;<\/span><\/li>\n<li><span style=\"font-weight: 400;\">Diam\u00e8tre : 4,0 cm<\/span><span style=\"font-weight: 400;\"><br \/>\n<\/span><\/li>\n<li><span style=\"font-weight: 400;\">Longueur totale : 53 cm&nbsp;<\/span><\/li>\n<li>Longueur du c\u00f4ne : 35 cm<\/li>\n<\/ul>\n","protected":false},"excerpt":{"rendered":"<p><span style=\"font-weight: 400;\">Cette lampe de poche est \u00e9quip\u00e9e de trois niveaux de lumi\u00e8re diff\u00e9rents, rouge clignotant \/ rouge continu et vert continu. Cette lampe de signalisation est tr\u00e8s l\u00e9g\u00e8re et maniable malgr\u00e9 sa longueur de 53 cm et convainc par son poids de seulement 220 grammes. <\/span><\/p>\n","protected":false},"featured_media":106634,"comment_status":"closed","ping_status":"closed","template":"","meta":{"inline_featured_image":false},"product_brand":[],"product_cat":[1343,1946],"product_tag":[1793],"class_list":{"0":"post-106657","1":"product","2":"type-product","3":"status-publish","4":"has-post-thumbnail","6":"product_cat-lampes-lampes-de-poche","7":"product_cat-organisations-lumiere-bleue-securite","8":"product_tag-vehicule-route","10":"first","11":"instock","12":"taxable","13":"shipping-taxable","14":"purchasable","15":"product-type-simple"},"_links":{"self":[{"href":"https:\/\/metal-badge.ch\/fr\/wp-json\/wp\/v2\/product\/106657","targetHints":{"allow":["GET"]}}],"collection":[{"href":"https:\/\/metal-badge.ch\/fr\/wp-json\/wp\/v2\/product"}],"about":[{"href":"https:\/\/metal-badge.ch\/fr\/wp-json\/wp\/v2\/types\/product"}],"replies":[{"embeddable":true,"href":"https:\/\/metal-badge.ch\/fr\/wp-json\/wp\/v2\/comments?post=106657"}],"wp:featuredmedia":[{"embeddable":true,"href":"https:\/\/metal-badge.ch\/fr\/wp-json\/wp\/v2\/media\/106634"}],"wp:attachment":[{"href":"https:\/\/metal-badge.ch\/fr\/wp-json\/wp\/v2\/media?parent=106657"}],"wp:term":[{"taxonomy":"product_brand","embeddable":true,"href":"https:\/\/metal-badge.ch\/fr\/wp-json\/wp\/v2\/product_brand?post=106657"},{"taxonomy":"product_cat","embeddable":true,"href":"https:\/\/metal-badge.ch\/fr\/wp-json\/wp\/v2\/product_cat?post=106657"},{"taxonomy":"product_tag","embeddable":true,"href":"https:\/\/metal-badge.ch\/fr\/wp-json\/wp\/v2\/product_tag?post=106657"}],"curies":[{"name":"wp","href":"https:\/\/api.w.org\/{rel}","templated":true}]}}