{"id":106212,"date":"2021-06-08T06:35:04","date_gmt":"2021-06-08T04:35:04","guid":{"rendered":"https:\/\/shop.metal-badge.ch\/?post_type=product&#038;p=106212"},"modified":"2021-06-08T06:35:04","modified_gmt":"2021-06-08T04:35:04","slug":"veste-softshell-sable-2","status":"publish","type":"product","link":"https:\/\/metal-badge.ch\/fr\/product\/106212\/veste-softshell-sable-2\/","title":{"rendered":"Veste Softshell sable"},"content":{"rendered":"<p><span style=\"font-weight: 400;\">Cette veste softshell fonctionnelle \u00absable\u00bb \u00e0 la coupe sportive est coupe-vent, respirante, d\u00e9perlante et tr\u00e8s confortable \u00e0 porter. La veste Softshell est un compagnon fonctionnel par tous les temps avec sa doublure polaire, vous vous sentirez au chaud m\u00eame par temps froid. Que ce soit au bord de la mer ou en montagne, cette veste en softshell fait partie de l\u2019\u00e9quipement d\u2019ext\u00e9rieur id\u00e9al. Les fermetures des manches sont \u00e9lastiques et peuvent \u00eatre ajust\u00e9es avec un velcro caoutchout\u00e9. Le veste peut facilement \u00eatre r\u00e9gl\u00e9e au col et \u00e0 la taille avec un cordon \u00e9lastique avec arr\u00eateur pour l\u2019ajuster de mani\u00e8re personnalis\u00e9e. La veste softshell est \u00e9quip\u00e9e d&rsquo;une capuche amovible. Il y a des fentes d&rsquo;a\u00e9ration \u00e0 fermeture \u00e9clair de 25 cm de long sous les aisselles. Deux grandes poches zipp\u00e9es de 25 cm de long se trouvent \u00e0 l&rsquo;avant. Sur le bras droit et gauche, vous trouverez une poche \u00e0 fermeture \u00e9clair de 12 cm x 15 cm et sur l&rsquo;avant-bras gauche une autre poche \u00e0 fermeture \u00e9clair plus petite de 10 cm x 6 cm. Grande poche arri\u00e8re avec fermeture \u00e9clair \u00e0 droite et \u00e0 gauche et accessible des deux c\u00f4t\u00e9s. Une fermeture \u00e0 boucles et crochets de 10 cm x 10 cm pour les patchs est appos\u00e9e sur chaque bras et la veste a une double fermeture \u00e9clair \u00e0 l&rsquo;avant. Vous achetez un mod\u00e8le \u00e0 excellente relation qualit\u00e9-prix.<\/span><span style=\"font-weight: 400;\"><br \/>\n<\/span><span style=\"font-weight: 400;\"><br \/>\n<\/span><b>Informations du produit :<\/b><span style=\"font-weight: 400;\"><br \/>\n<\/span><\/p>\n<ul>\n<li><span style=\"font-weight: 400;\">Couleur : sable<\/span><span style=\"font-weight: 400;\"><br \/>\n<\/span><\/li>\n<li><span style=\"font-weight: 400;\">Imperm\u00e9able, coupe-vent et respirant<\/span><span style=\"font-weight: 400;\"><br \/>\n<\/span><\/li>\n<li><span style=\"font-weight: 400;\">Double fermeture \u00e9clair \u00e0 l&rsquo;avant<\/span><span style=\"font-weight: 400;\"><br \/>\n<\/span><\/li>\n<li><span style=\"font-weight: 400;\">La capuche peut \u00eatre enroul\u00e9e et rang\u00e9e<\/span><span style=\"font-weight: 400;\"><br \/>\n<\/span><\/li>\n<li><span style=\"font-weight: 400;\">Col montant<\/span><span style=\"font-weight: 400;\"><br \/>\n<\/span><\/li>\n<li><span style=\"font-weight: 400;\">2 fentes d&rsquo;a\u00e9ration \u00e0 fermeture \u00e9clair sous les aisselles<\/span><span style=\"font-weight: 400;\"><br \/>\n<\/span><\/li>\n<li><span style=\"font-weight: 400;\">2 grandes poches \u00e0 fermeture \u00e9clair \u00e0 l&rsquo;avant<\/span><span style=\"font-weight: 400;\"><br \/>\n<\/span><\/li>\n<li><span style=\"font-weight: 400;\">2 poches \u00e0 fermeture \u00e9clair sur le haut des bras<\/span><span style=\"font-weight: 400;\"><br \/>\n<\/span><\/li>\n<li><span style=\"font-weight: 400;\">1 poche \u00e0 fermeture \u00e9clair sur l&rsquo;avant-bras<\/span><span style=\"font-weight: 400;\"><br \/>\n<\/span><\/li>\n<li><span style=\"font-weight: 400;\">Grande poche arri\u00e8re accessible des deux c\u00f4t\u00e9s avec <\/span><\/li>\n<li><span style=\"font-weight: 400;\">2 \u00e0 fermeture \u00e9clair<\/span><span style=\"font-weight: 400;\"><br \/>\n<\/span><\/li>\n<li><span style=\"font-weight: 400;\">2 velcros pour bras 10 cm x 10 cm pour les patchs<\/span><span style=\"font-weight: 400;\"><br \/>\n<\/span><\/li>\n<li><span style=\"font-weight: 400;\">Mati\u00e8re : Softshell 95 % polyester, 5 % spandex, 3 couches<\/span><span style=\"font-weight: 400;\"><br \/>\n<\/span><\/li>\n<li><span style=\"font-weight: 400;\">GSM : 320 g\/m2<\/span><span style=\"font-weight: 400;\"><br \/>\n<\/span><\/li>\n<li><span style=\"font-weight: 400;\">Col et ceinture r\u00e9glables par cordon \u00e9lastique<\/span><span style=\"font-weight: 400;\"><br \/>\n<\/span><\/li>\n<li><span style=\"font-weight: 400;\">Poignets aux manches \u00e9lastiques avec velcro caoutchout\u00e9 pour le r\u00e9glage<\/span><span style=\"font-weight: 400;\"><br \/>\n<\/span><\/li>\n<li><span style=\"font-weight: 400;\">Facile d\u2019entretien<\/span><span style=\"font-weight: 400;\"><br \/>\n<\/span><\/li>\n<li><span style=\"font-weight: 400;\">Coupe : un peu plus longue \u00e0 l\u2019arri\u00e8re<\/span><span style=\"font-weight: 400;\"><br \/>\n<\/span><\/li>\n<li><span style=\"font-weight: 400;\">Tailles : S, M, L, XL et XXL sur demande<\/span><\/li>\n<\/ul>\n","protected":false},"excerpt":{"rendered":"<p><span style=\"font-weight: 400;\">Cette veste softshell fonctionnelle \u00absable\u00bb \u00e0 la coupe sportive est coupe-vent, respirante, d\u00e9perlante et tr\u00e8s confortable \u00e0 porter. La veste Softshell est un compagnon fonctionnel par tous les temps avec sa doublure polaire, vous vous sentirez au chaud m\u00eame par temps froid.<\/span><\/p>\n","protected":false},"featured_media":106221,"comment_status":"closed","ping_status":"closed","template":"","meta":{"inline_featured_image":false},"product_brand":[],"product_cat":[1602,1347,1634],"product_tag":[],"class_list":{"0":"post-106212","1":"product","2":"type-product","3":"status-publish","4":"has-post-thumbnail","6":"product_cat-vestes-en-softshell-pantalons-et-vetements-haute-visibilite","7":"product_cat-accessoires-militaires-de-chasse","8":"product_cat-vestes-and-vetements-tactiques-couleurs-de-camouflage","10":"first","11":"instock","12":"taxable","13":"shipping-taxable","14":"purchasable","15":"product-type-simple"},"_links":{"self":[{"href":"https:\/\/metal-badge.ch\/fr\/wp-json\/wp\/v2\/product\/106212","targetHints":{"allow":["GET"]}}],"collection":[{"href":"https:\/\/metal-badge.ch\/fr\/wp-json\/wp\/v2\/product"}],"about":[{"href":"https:\/\/metal-badge.ch\/fr\/wp-json\/wp\/v2\/types\/product"}],"replies":[{"embeddable":true,"href":"https:\/\/metal-badge.ch\/fr\/wp-json\/wp\/v2\/comments?post=106212"}],"wp:featuredmedia":[{"embeddable":true,"href":"https:\/\/metal-badge.ch\/fr\/wp-json\/wp\/v2\/media\/106221"}],"wp:attachment":[{"href":"https:\/\/metal-badge.ch\/fr\/wp-json\/wp\/v2\/media?parent=106212"}],"wp:term":[{"taxonomy":"product_brand","embeddable":true,"href":"https:\/\/metal-badge.ch\/fr\/wp-json\/wp\/v2\/product_brand?post=106212"},{"taxonomy":"product_cat","embeddable":true,"href":"https:\/\/metal-badge.ch\/fr\/wp-json\/wp\/v2\/product_cat?post=106212"},{"taxonomy":"product_tag","embeddable":true,"href":"https:\/\/metal-badge.ch\/fr\/wp-json\/wp\/v2\/product_tag?post=106212"}],"curies":[{"name":"wp","href":"https:\/\/api.w.org\/{rel}","templated":true}]}}