{"id":106112,"date":"2021-05-31T03:00:26","date_gmt":"2021-05-31T02:36:25","guid":{"rendered":"https:\/\/shop.metal-badge.ch\/?post_type=product&#038;p=106112"},"modified":"2021-07-21T00:36:06","modified_gmt":"2021-07-20T22:36:06","slug":"pull-et-calecon-pour-couche-de-base-en-polaire-thermique-noir","status":"publish","type":"product","link":"https:\/\/metal-badge.ch\/fr\/product\/106112\/pull-et-calecon-pour-couche-de-base-en-polaire-thermique-noir\/","title":{"rendered":"Pull et cale\u00e7on pour couche de base en polaire thermique &#8211; noir"},"content":{"rendered":"<p><span style=\"font-weight: 400;\">Pull polaire agr\u00e9ablement doux, polyvalent et chaud avec un cale\u00e7on d&rsquo;ESDY. La micropolaire souple apporte une beaucoup de chaleur par rapport au poids et est tr\u00e8s facile \u00e0 nettoyer. La polaire est donc id\u00e9ale comme couche de base. Selon le temps, le pull en laine polaire peut constituer n&rsquo;importe quelle couche dans le principe des couches d&rsquo;oignon. Alors que la fermeture \u00e9clair avant \u00e0 mi-longueur permet de r\u00e9guler rapidement la temp\u00e9rature, les boucles pour le pouce assurent que les manches ne glissent pas. Le cale\u00e7on long et confortable de la couche de base est \u00e9quip\u00e9 d&rsquo;un \u00e9lastique. Les deux pi\u00e8ces, le pull et le cale\u00e7on, sont tr\u00e8s r\u00e9sistantes et faites de micropolaire respirante.&nbsp;&nbsp;<\/span><\/p>\n<p><b>Informations du produit :&nbsp;<\/b><\/p>\n<ul>\n<li><span style=\"font-weight: 400;\">JA-09-1&nbsp;<\/span><\/li>\n<li><span style=\"font-weight: 400;\">Marque : ESDY&nbsp;<\/span><\/li>\n<li><span style=\"font-weight: 400;\">D\u00e9nomination&nbsp;: Couche de base en polaire thermique&nbsp;<\/span><\/li>\n<li><span style=\"font-weight: 400;\">Pull pour couche de base avec cale\u00e7on&nbsp;&nbsp;<\/span><\/li>\n<li><span style=\"font-weight: 400;\">Couleur : noir<\/span><\/li>\n<li><span style=\"font-weight: 400;\">Col montant chemise souple&nbsp;<\/span><\/li>\n<li><span style=\"font-weight: 400;\">Poids&nbsp;: env. 530 g (cale\u00e7on et pull ensemble)<\/span><\/li>\n<li><span style=\"font-weight: 400;\">GSM&nbsp;: 260 gsm<\/span><\/li>\n<li><span style=\"font-weight: 400;\">S\u00e8che rapidement<\/span><\/li>\n<li><span style=\"font-weight: 400;\">\u00c9vacuation rapide de l\u2019humidit\u00e9<\/span><\/li>\n<li><span style=\"font-weight: 400;\">Thermoactif<\/span><\/li>\n<li><span style=\"font-weight: 400;\">R\u00e9sistant&nbsp;&nbsp;<\/span><\/li>\n<li><span style=\"font-weight: 400;\">Coupe : normale<\/span><\/li>\n<li><span style=\"font-weight: 400;\">Fermeture \u00e9clair avant demi-longueur<\/span><\/li>\n<li><span style=\"font-weight: 400;\">Mati\u00e8re : polyester 94% \/ 6% \u00e9lasthanne&nbsp;<\/span><\/li>\n<li><span style=\"font-weight: 400;\">Tailles : M, L, XL, 2XL&nbsp;<\/span><\/li>\n<\/ul>\n<p>&nbsp;<\/p>\n<table style=\"border-collapse: collapse; width: 100%;\">\n<tbody>\n<tr>\n<td style=\"width: 20%;\"><strong>Size (cm)<\/strong><\/td>\n<td style=\"width: 20%; text-align: center;\"><strong>M<\/strong><\/td>\n<td style=\"width: 20%; text-align: center;\"><strong>L<\/strong><\/td>\n<td style=\"width: 20%; text-align: center;\"><strong>XL<\/strong><\/td>\n<td style=\"width: 20%; text-align: center;\"><strong>2XL<\/strong><\/td>\n<\/tr>\n<tr>\n<td style=\"width: 20%;\"><strong>Chest Circumference<\/strong><\/td>\n<td style=\"width: 20%; text-align: center;\">92<\/td>\n<td style=\"width: 20%; text-align: center;\">96<\/td>\n<td style=\"width: 20%; text-align: center;\">100<\/td>\n<td style=\"width: 20%; text-align: center;\">106<\/td>\n<\/tr>\n<tr>\n<td style=\"width: 20%;\"><strong>Clothes Length<\/strong><\/td>\n<td style=\"width: 20%; text-align: center;\">66<\/td>\n<td style=\"width: 20%; text-align: center;\">68<\/td>\n<td style=\"width: 20%; text-align: center;\">70<\/td>\n<td style=\"width: 20%; text-align: center;\">73<\/td>\n<\/tr>\n<tr>\n<td style=\"width: 20%;\"><strong>Sleeve Length<\/strong><\/td>\n<td style=\"width: 20%; text-align: center;\">61<\/td>\n<td style=\"width: 20%; text-align: center;\">63<\/td>\n<td style=\"width: 20%; text-align: center;\">65<\/td>\n<td style=\"width: 20%; text-align: center;\">67<\/td>\n<\/tr>\n<tr>\n<td style=\"width: 20%;\"><strong>Pants Length<\/strong><\/td>\n<td style=\"width: 20%; text-align: center;\">96<\/td>\n<td style=\"width: 20%; text-align: center;\">100<\/td>\n<td style=\"width: 20%; text-align: center;\">102<\/td>\n<td style=\"width: 20%; text-align: center;\">104<\/td>\n<\/tr>\n<tr>\n<td style=\"width: 20%; text-align: left;\"><strong>Waistline<\/strong><\/td>\n<td style=\"width: 20%; text-align: center;\">34-54<\/td>\n<td style=\"width: 20%; text-align: center;\">36-56<\/td>\n<td style=\"width: 20%; text-align: center;\">38-58<\/td>\n<td style=\"width: 20%; text-align: center;\">40-60<\/td>\n<\/tr>\n<\/tbody>\n<\/table>\n<p>&nbsp;<\/p>\n","protected":false},"excerpt":{"rendered":"<p><span style=\"font-weight: 400;\">Pull polaire agr\u00e9ablement doux, polyvalent et chaud avec un cale\u00e7on d&rsquo;ESDY. La micropolaire souple apporte une beaucoup de chaleur par rapport au poids et est tr\u00e8s facile \u00e0 nettoyer.<\/span><\/p>\n","protected":false},"featured_media":106073,"comment_status":"closed","ping_status":"closed","template":"","meta":{"inline_featured_image":false},"product_brand":[],"product_cat":[1103,2193],"product_tag":[],"class_list":{"0":"post-106112","1":"product","2":"type-product","3":"status-publish","4":"has-post-thumbnail","6":"product_cat-vetements","7":"product_cat-sousvetementsetchaussettethermiques","9":"first","10":"instock","11":"taxable","12":"shipping-taxable","13":"purchasable","14":"product-type-simple"},"_links":{"self":[{"href":"https:\/\/metal-badge.ch\/fr\/wp-json\/wp\/v2\/product\/106112","targetHints":{"allow":["GET"]}}],"collection":[{"href":"https:\/\/metal-badge.ch\/fr\/wp-json\/wp\/v2\/product"}],"about":[{"href":"https:\/\/metal-badge.ch\/fr\/wp-json\/wp\/v2\/types\/product"}],"replies":[{"embeddable":true,"href":"https:\/\/metal-badge.ch\/fr\/wp-json\/wp\/v2\/comments?post=106112"}],"wp:featuredmedia":[{"embeddable":true,"href":"https:\/\/metal-badge.ch\/fr\/wp-json\/wp\/v2\/media\/106073"}],"wp:attachment":[{"href":"https:\/\/metal-badge.ch\/fr\/wp-json\/wp\/v2\/media?parent=106112"}],"wp:term":[{"taxonomy":"product_brand","embeddable":true,"href":"https:\/\/metal-badge.ch\/fr\/wp-json\/wp\/v2\/product_brand?post=106112"},{"taxonomy":"product_cat","embeddable":true,"href":"https:\/\/metal-badge.ch\/fr\/wp-json\/wp\/v2\/product_cat?post=106112"},{"taxonomy":"product_tag","embeddable":true,"href":"https:\/\/metal-badge.ch\/fr\/wp-json\/wp\/v2\/product_tag?post=106112"}],"curies":[{"name":"wp","href":"https:\/\/api.w.org\/{rel}","templated":true}]}}