{"id":106040,"date":"2021-05-30T23:58:39","date_gmt":"2021-06-01T00:25:10","guid":{"rendered":"https:\/\/shop.metal-badge.ch\/?post_type=product&#038;p=106040"},"modified":"2021-06-01T02:25:10","modified_gmt":"2021-06-01T00:25:10","slug":"veste-noire-en-polyester-avec-capuche-detachable","status":"publish","type":"product","link":"https:\/\/metal-badge.ch\/fr\/product\/106040\/veste-noire-en-polyester-avec-capuche-detachable\/","title":{"rendered":"Veste noire en polyester avec capuche d\u00e9tachable"},"content":{"rendered":"<p><span style=\"font-weight: 400;\">Avec cette veste, vous \u00eates par\u00e9 pour les jours de grand froid. La veste est \u00e9quip\u00e9e de 4 grandes poches \u00e9tanches \u00e0 fermeture \u00e9clair. Au dos, la veste en polyester est \u00e9quip\u00e9e d&rsquo;une fente d&rsquo;a\u00e9ration dissimul\u00e9e par un filet. La capuche est \u00e9quip\u00e9e d&rsquo;un cordon \u00e9lastique et peut \u00eatre retir\u00e9e \u00e0 l&rsquo;aide d&rsquo;une fermeture \u00e9clair. Les extr\u00e9mit\u00e9s des manches de la veste sont r\u00e9glables \u00e0 l&rsquo;aide d&rsquo;un velcro. La double fermeture \u00e0 glissi\u00e8re avant est recouverte d&rsquo;un bouton-pression. Cette veste imperm\u00e9able est \u00e9quip\u00e9e d&rsquo;une poche int\u00e9rieure avec fermeture \u00e9clair. Au dos, la veste est munie d&rsquo;un filet de ventilation en maille. La veste int\u00e9rieure matelass\u00e9e peut \u00eatre enlev\u00e9e \u00e0 l&rsquo;aide d&rsquo;une fermeture \u00e9clair. La veste matelass\u00e9e cousue en duvet est \u00e9galement \u00e9quip\u00e9e de deux poches suppl\u00e9mentaires \u00e0 l&rsquo;int\u00e9rieur.<\/span><\/p>\n<p><b>Informations du produit&nbsp;<\/b><\/p>\n<ul>\n<li><span style=\"font-weight: 400;\">Mod\u00e8le : SJ004&nbsp;<\/span><\/li>\n<li><span style=\"font-weight: 400;\">Hydrofuge<\/span><\/li>\n<li><span style=\"font-weight: 400;\">Couleur : noir<\/span><\/li>\n<li><span style=\"font-weight: 400;\">Mat\u00e9riau sup\u00e9rieur&nbsp;: 100 % polyester<\/span><\/li>\n<li><span style=\"font-weight: 400;\">Rembourrage veste matelass\u00e9e&nbsp;: 100 % polyester&nbsp;<\/span><\/li>\n<li><span style=\"font-weight: 400;\">Fermeture \u00e9clair frontale : Double fermeture \u00e0 glissi\u00e8re dissimul\u00e9e par un bouton-pression<\/span><\/li>\n<li><span style=\"font-weight: 400;\">Col : Col montant<\/span><\/li>\n<li><span style=\"font-weight: 400;\">Extr\u00e9mit\u00e9s des manches r\u00e9glables par velcro<\/span><\/li>\n<li><span style=\"font-weight: 400;\">Capuche : amovible avec fermeture \u00e9clair et avec un \u00e9lastique<\/span><\/li>\n<li><span style=\"font-weight: 400;\">4 grandes poches ext\u00e9rieures imperm\u00e9ables avec fermeture \u00e9clair<\/span><\/li>\n<li><span style=\"font-weight: 400;\">1 poche \u00e0 fermeture \u00e9clair int\u00e9rieure<\/span><\/li>\n<li><span style=\"font-weight: 400;\">Veste matelass\u00e9e, int\u00e9rieur : amovible avec fermeture \u00e9clair.&nbsp;<\/span><\/li>\n<li><span style=\"font-weight: 400;\">Veste matelass\u00e9e : avec deux grandes poches zipp\u00e9es \u00e0 l&rsquo;ext\u00e9rieur et deux grandes poches \u00e0 l&rsquo;int\u00e9rieur.&nbsp;<\/span><\/li>\n<li><span style=\"font-weight: 400;\">Veste matelass\u00e9e : Extr\u00e9mit\u00e9s des manches \u00e9lastiques&nbsp;<\/span><\/li>\n<li><span style=\"font-weight: 400;\">Coupe : coupe normale<\/span><\/li>\n<\/ul>\n","protected":false},"excerpt":{"rendered":"<p><span style=\"font-weight: 400;\">Avec cette veste, vous \u00eates par\u00e9 pour les jours de grand froid. La veste est \u00e9quip\u00e9e de 4 grandes poches \u00e9tanches \u00e0 fermeture \u00e9clair. Au dos, la veste en polyester est \u00e9quip\u00e9e d&rsquo;une fente d&rsquo;a\u00e9ration dissimul\u00e9e par un filet. La capuche est \u00e9quip\u00e9e d&rsquo;un cordon \u00e9lastique et peut \u00eatre retir\u00e9e \u00e0 l&rsquo;aide d&rsquo;une fermeture \u00e9clair.<\/span><\/p>\n","protected":false},"featured_media":105949,"comment_status":"closed","ping_status":"closed","template":"","meta":{"inline_featured_image":false},"product_brand":[],"product_cat":[1103,2189,1598],"product_tag":[1765],"class_list":{"0":"post-106040","1":"product","2":"type-product","3":"status-publish","4":"has-post-thumbnail","6":"product_cat-vetements","7":"product_cat-vetementsdeloisirs","8":"product_cat-coupe-vent","9":"product_tag-sport-outdoor-fr","11":"first","12":"instock","13":"taxable","14":"shipping-taxable","15":"purchasable","16":"product-type-simple"},"_links":{"self":[{"href":"https:\/\/metal-badge.ch\/fr\/wp-json\/wp\/v2\/product\/106040","targetHints":{"allow":["GET"]}}],"collection":[{"href":"https:\/\/metal-badge.ch\/fr\/wp-json\/wp\/v2\/product"}],"about":[{"href":"https:\/\/metal-badge.ch\/fr\/wp-json\/wp\/v2\/types\/product"}],"replies":[{"embeddable":true,"href":"https:\/\/metal-badge.ch\/fr\/wp-json\/wp\/v2\/comments?post=106040"}],"wp:featuredmedia":[{"embeddable":true,"href":"https:\/\/metal-badge.ch\/fr\/wp-json\/wp\/v2\/media\/105949"}],"wp:attachment":[{"href":"https:\/\/metal-badge.ch\/fr\/wp-json\/wp\/v2\/media?parent=106040"}],"wp:term":[{"taxonomy":"product_brand","embeddable":true,"href":"https:\/\/metal-badge.ch\/fr\/wp-json\/wp\/v2\/product_brand?post=106040"},{"taxonomy":"product_cat","embeddable":true,"href":"https:\/\/metal-badge.ch\/fr\/wp-json\/wp\/v2\/product_cat?post=106040"},{"taxonomy":"product_tag","embeddable":true,"href":"https:\/\/metal-badge.ch\/fr\/wp-json\/wp\/v2\/product_tag?post=106040"}],"curies":[{"name":"wp","href":"https:\/\/api.w.org\/{rel}","templated":true}]}}