{"id":105912,"date":"2021-05-30T23:28:47","date_gmt":"2021-05-30T21:32:11","guid":{"rendered":"https:\/\/shop.metal-badge.ch\/?post_type=product&#038;p=105912"},"modified":"2021-05-30T23:32:11","modified_gmt":"2021-05-30T21:32:11","slug":"impermeable-sportif-pour-lexterieur","status":"publish","type":"product","link":"https:\/\/metal-badge.ch\/fr\/product\/105912\/impermeable-sportif-pour-lexterieur\/","title":{"rendered":"Imperm\u00e9able sportif pour l&rsquo;ext\u00e9rieur"},"content":{"rendered":"<p><span style=\"font-weight: 400;\">Cet imperm\u00e9able bleu est votre compagnon id\u00e9al, l\u00e9ger et confortable \u00e0 porter. Le mat\u00e9riau est agr\u00e9ablement doux. La veste est doubl\u00e9e en maille et ne p\u00e8se que 592 g. Des inserts de couleur anthracite sur les \u00e9paules, les manches et le dos donnent un aspect sportif. La capuche peut \u00eatre ferm\u00e9e par un cordon et rang\u00e9e dans le col lorsqu&rsquo;elle n&rsquo;est pas utilis\u00e9e. Les poignets sont fabriqu\u00e9s avec un \u00e9lastique et un velcro r\u00e9glable. Les fermetures \u00e9clair sont \u00e9tanches. La fermeture \u00e9clair principale est dissimul\u00e9e et peut \u00eatre ferm\u00e9e en plus par trois boutons pression. Deux grandes poches ext\u00e9rieures avec fermeture \u00e9clair offrent suffisamment d&rsquo;espace. Vous trouverez dans la zone de la poitrine, sur le c\u00f4t\u00e9 droit, une poche plus petite munie \u00e9galement d&rsquo;une fermeture \u00e9clair. Vous avez donc toujours votre billet ou votre carte d&rsquo;identit\u00e9 \u00e0 port\u00e9e de main.<\/span><\/p>\n<p><b>Informations sur le produit&nbsp;:<\/b><\/p>\n<ul>\n<li><span style=\"font-weight: 400;\">Couleur de la veste : Bleu &#8211; Anthracite<\/span><\/li>\n<li><span style=\"font-weight: 400;\">\u00c9tanche au vent, \u00e9tanche \u00e0 l&rsquo;eau &#8211; 2500 de colonne d&rsquo;eau<\/span><\/li>\n<li><span style=\"font-weight: 400;\">Fermeture \u00e9clair dissimul\u00e9e<\/span><\/li>\n<li><span style=\"font-weight: 400;\">Poignets avec \u00e9lastique et fermeture velcro<\/span><\/li>\n<li><span style=\"font-weight: 400;\">La capuche peut \u00eatre enroul\u00e9e confortablement dans le col et fix\u00e9e avec du velcro<\/span><\/li>\n<li><span style=\"font-weight: 400;\">3 poches ext\u00e9rieures avec fermeture \u00e9clair scell\u00e9e<\/span><\/li>\n<li><span style=\"font-weight: 400;\">Poids 592 g<\/span><\/li>\n<li><span style=\"font-weight: 400;\">Mati\u00e8re&nbsp;: 100 % polyester \/ doublure int\u00e9rieure maille<\/span><\/li>\n<li><span style=\"font-weight: 400;\">Lavage \u00e0 la main ou \u00e0 la machine \u00e0 froid<\/span><\/li>\n<li><span style=\"font-weight: 400;\">Tailles : S, M, L, XL, 2XL<\/span><\/li>\n<\/ul>\n","protected":false},"excerpt":{"rendered":"<p><span style=\"font-weight: 400;\">Cet imperm\u00e9able bleu est votre compagnon id\u00e9al, l\u00e9ger et confortable \u00e0 porter. Le mat\u00e9riau est agr\u00e9ablement doux. La veste est doubl\u00e9e en maille et ne p\u00e8se que 592 g. Des inserts de couleur anthracite sur les \u00e9paules, les manches et le dos donnent un aspect sportif.<\/span><\/p>\n","protected":false},"featured_media":105873,"comment_status":"closed","ping_status":"closed","template":"","meta":{"inline_featured_image":false},"product_brand":[],"product_cat":[1103,2189,1598,1586],"product_tag":[1765],"class_list":{"0":"post-105912","1":"product","2":"type-product","3":"status-publish","4":"has-post-thumbnail","6":"product_cat-vetements","7":"product_cat-vetementsdeloisirs","8":"product_cat-coupe-vent","9":"product_cat-protection-contre-la-pluie","10":"product_tag-sport-outdoor-fr","12":"first","13":"instock","14":"taxable","15":"shipping-taxable","16":"purchasable","17":"product-type-simple"},"_links":{"self":[{"href":"https:\/\/metal-badge.ch\/fr\/wp-json\/wp\/v2\/product\/105912","targetHints":{"allow":["GET"]}}],"collection":[{"href":"https:\/\/metal-badge.ch\/fr\/wp-json\/wp\/v2\/product"}],"about":[{"href":"https:\/\/metal-badge.ch\/fr\/wp-json\/wp\/v2\/types\/product"}],"replies":[{"embeddable":true,"href":"https:\/\/metal-badge.ch\/fr\/wp-json\/wp\/v2\/comments?post=105912"}],"wp:featuredmedia":[{"embeddable":true,"href":"https:\/\/metal-badge.ch\/fr\/wp-json\/wp\/v2\/media\/105873"}],"wp:attachment":[{"href":"https:\/\/metal-badge.ch\/fr\/wp-json\/wp\/v2\/media?parent=105912"}],"wp:term":[{"taxonomy":"product_brand","embeddable":true,"href":"https:\/\/metal-badge.ch\/fr\/wp-json\/wp\/v2\/product_brand?post=105912"},{"taxonomy":"product_cat","embeddable":true,"href":"https:\/\/metal-badge.ch\/fr\/wp-json\/wp\/v2\/product_cat?post=105912"},{"taxonomy":"product_tag","embeddable":true,"href":"https:\/\/metal-badge.ch\/fr\/wp-json\/wp\/v2\/product_tag?post=105912"}],"curies":[{"name":"wp","href":"https:\/\/api.w.org\/{rel}","templated":true}]}}