{"id":105868,"date":"2021-05-30T08:12:24","date_gmt":"2021-05-30T06:12:24","guid":{"rendered":"https:\/\/shop.metal-badge.ch\/product\/105868\/t-shirt-avec-bandes-reflechissantes-de-securite\/"},"modified":"2022-03-07T11:36:13","modified_gmt":"2022-03-07T10:36:13","slug":"t-shirt-avec-bandes-reflechissantes-de-securite","status":"publish","type":"product","link":"https:\/\/metal-badge.ch\/fr\/product\/105868\/t-shirt-avec-bandes-reflechissantes-de-securite\/","title":{"rendered":"T-shirt avec bandes r\u00e9fl\u00e9chissantes de s\u00e9curit\u00e9"},"content":{"rendered":"<p><span style=\"font-weight: 400;\">Le t-shirt \u00e0 manches courtes de haute qualit\u00e9 dans la couleur de signalisation Lemon jaune vif et noir en bas \u00e0 l&rsquo;avant.&nbsp;<\/span><\/p>\n<p><span style=\"font-weight: 400;\">Le t-shirt est muni de bandes r\u00e9fl\u00e9chissantes de s\u00e9curit\u00e9 3M tout le pourtour, les \u00e9paules et les bras. <\/span><span style=\"font-weight: 400;\"><br \/>\n<\/span><\/p>\n<ul>\n<li><span style=\"font-weight: 400;\">Certifi\u00e9 selon la norme EN 471 classe 2<\/span><\/li>\n<li><span style=\"font-weight: 400;\">Respirable et r\u00e9gulateur d&rsquo;humidit\u00e9, Micro Interlock<\/span><\/li>\n<li><span style=\"font-weight: 400;\">Bandes r\u00e9fl\u00e9chissantes de s\u00e9curit\u00e9 3M sur tout le pourtour, aux manches et aux \u00e9paules, orange et argent\u00e9<\/span><\/li>\n<li><span style=\"font-weight: 400;\">Poids mat\u00e9riel : 180 g\/m\u00b2 <\/span><span style=\"font-weight: 400;\"><br \/>\n<\/span><\/li>\n<li><span style=\"font-weight: 400;\">100 % polyester<\/span><\/li>\n<\/ul>\n<p><span style=\"font-weight: 400;\">Prix r\u00e9duit pour des commandes de plus de 50 pi\u00e8ces. Inscription sur demande. Contactez-nous.<\/span><span style=\"font-weight: 400;\"><br \/>\n<\/span><\/p>\n","protected":false},"excerpt":{"rendered":"<p><span style=\"font-weight: 400;\">Le t-shirt \u00e0 manches courtes de haute qualit\u00e9 dans la couleur de signalisation Lemon jaune vif et noir en bas \u00e0 l&rsquo;avant.&nbsp;<\/span><\/p>\n<p><span style=\"font-weight: 400;\">Le t-shirt est muni de bandes r\u00e9fl\u00e9chissantes de s\u00e9curit\u00e9 3M tout le pourtour, les \u00e9paules et les bras. <\/span><\/p>\n","protected":false},"featured_media":105857,"comment_status":"closed","ping_status":"closed","template":"","meta":{"inline_featured_image":false},"product_brand":[],"product_cat":[1103,1570,1602,1606],"product_tag":[],"class_list":{"0":"post-105868","1":"product","2":"type-product","3":"status-publish","4":"has-post-thumbnail","6":"product_cat-vetements","7":"product_cat-t-shirts-polo-shirts-fr","8":"product_cat-vestes-en-softshell-pantalons-et-vetements-haute-visibilite","9":"product_cat-vetements-haute-visibilite-et-lumineux","11":"first","12":"instock","13":"taxable","14":"shipping-taxable","15":"purchasable","16":"product-type-simple"},"_links":{"self":[{"href":"https:\/\/metal-badge.ch\/fr\/wp-json\/wp\/v2\/product\/105868","targetHints":{"allow":["GET"]}}],"collection":[{"href":"https:\/\/metal-badge.ch\/fr\/wp-json\/wp\/v2\/product"}],"about":[{"href":"https:\/\/metal-badge.ch\/fr\/wp-json\/wp\/v2\/types\/product"}],"replies":[{"embeddable":true,"href":"https:\/\/metal-badge.ch\/fr\/wp-json\/wp\/v2\/comments?post=105868"}],"wp:featuredmedia":[{"embeddable":true,"href":"https:\/\/metal-badge.ch\/fr\/wp-json\/wp\/v2\/media\/105857"}],"wp:attachment":[{"href":"https:\/\/metal-badge.ch\/fr\/wp-json\/wp\/v2\/media?parent=105868"}],"wp:term":[{"taxonomy":"product_brand","embeddable":true,"href":"https:\/\/metal-badge.ch\/fr\/wp-json\/wp\/v2\/product_brand?post=105868"},{"taxonomy":"product_cat","embeddable":true,"href":"https:\/\/metal-badge.ch\/fr\/wp-json\/wp\/v2\/product_cat?post=105868"},{"taxonomy":"product_tag","embeddable":true,"href":"https:\/\/metal-badge.ch\/fr\/wp-json\/wp\/v2\/product_tag?post=105868"}],"curies":[{"name":"wp","href":"https:\/\/api.w.org\/{rel}","templated":true}]}}