{"id":105852,"date":"2021-05-30T06:48:18","date_gmt":"2021-05-30T04:48:18","guid":{"rendered":"https:\/\/shop.metal-badge.ch\/product\/105852\/balaclava-cagoule-polizia\/"},"modified":"2021-05-30T08:04:50","modified_gmt":"2021-05-30T06:04:50","slug":"balaclava-cagoule-polizia","status":"publish","type":"product","link":"https:\/\/metal-badge.ch\/fr\/product\/105852\/balaclava-cagoule-polizia\/","title":{"rendered":"Balaclava \/ cagoule POLIZIA"},"content":{"rendered":"<p><span style=\"font-weight: 400;\">100 % coton<\/span><span style=\"font-weight: 400;\"><br \/>\n<\/span><span style=\"font-weight: 400;\">Les tailles M et L sont l\u00e9g\u00e8rement \u00e9lastiques et s&rsquo;adaptent \u00e0 la forme de la t\u00eate.<\/span><\/p>\n<p><span style=\"font-weight: 400;\"><br \/>\n<\/span><span style=\"font-weight: 400;\">Nous imprimons l&rsquo;inscription de votre choix pour les commandes de 15 pi\u00e8ces ou plus.<\/span><span style=\"font-weight: 400;\"><br \/>\n<\/span><span style=\"font-weight: 400;\">Couleur : Noir<\/span><\/p>\n","protected":false},"excerpt":{"rendered":"<p><span style=\"font-weight: 400;\">100 % coton<\/span><span style=\"font-weight: 400;\"><br \/>\n<\/span><span style=\"font-weight: 400;\">Les tailles M et L sont l\u00e9g\u00e8rement \u00e9lastiques et s&rsquo;adaptent \u00e0 la forme de la t\u00eate.<\/span><\/p>\n","protected":false},"featured_media":105841,"comment_status":"closed","ping_status":"closed","template":"","meta":{"inline_featured_image":false},"product_brand":[],"product_cat":[1103,1630],"product_tag":[],"class_list":{"0":"post-105852","1":"product","2":"type-product","3":"status-publish","4":"has-post-thumbnail","6":"product_cat-vetements","7":"product_cat-balaclavas-cagoule","9":"first","10":"instock","11":"taxable","12":"shipping-taxable","13":"purchasable","14":"product-type-simple"},"_links":{"self":[{"href":"https:\/\/metal-badge.ch\/fr\/wp-json\/wp\/v2\/product\/105852","targetHints":{"allow":["GET"]}}],"collection":[{"href":"https:\/\/metal-badge.ch\/fr\/wp-json\/wp\/v2\/product"}],"about":[{"href":"https:\/\/metal-badge.ch\/fr\/wp-json\/wp\/v2\/types\/product"}],"replies":[{"embeddable":true,"href":"https:\/\/metal-badge.ch\/fr\/wp-json\/wp\/v2\/comments?post=105852"}],"wp:featuredmedia":[{"embeddable":true,"href":"https:\/\/metal-badge.ch\/fr\/wp-json\/wp\/v2\/media\/105841"}],"wp:attachment":[{"href":"https:\/\/metal-badge.ch\/fr\/wp-json\/wp\/v2\/media?parent=105852"}],"wp:term":[{"taxonomy":"product_brand","embeddable":true,"href":"https:\/\/metal-badge.ch\/fr\/wp-json\/wp\/v2\/product_brand?post=105852"},{"taxonomy":"product_cat","embeddable":true,"href":"https:\/\/metal-badge.ch\/fr\/wp-json\/wp\/v2\/product_cat?post=105852"},{"taxonomy":"product_tag","embeddable":true,"href":"https:\/\/metal-badge.ch\/fr\/wp-json\/wp\/v2\/product_tag?post=105852"}],"curies":[{"name":"wp","href":"https:\/\/api.w.org\/{rel}","templated":true}]}}