{"id":105834,"date":"2021-05-29T09:43:29","date_gmt":"2021-05-29T07:43:29","guid":{"rendered":"https:\/\/shop.metal-badge.ch\/product\/105834\/petite-hache-polyvalente\/"},"modified":"2021-05-29T09:43:29","modified_gmt":"2021-05-29T07:43:29","slug":"petite-hache-polyvalente","status":"publish","type":"product","link":"https:\/\/metal-badge.ch\/fr\/product\/105834\/petite-hache-polyvalente\/","title":{"rendered":"Petite hache polyvalente"},"content":{"rendered":"<p><span style=\"font-weight: 400;\">Ce petit multitalent ne convainc pas seulement par son poids, mais aussi par son mat\u00e9riau et sa taille. La petite hache de survie est parfaite pour hacher du bois. La lame est en acier inoxydable, combin\u00e9e \u00e0 un manche en bois de pakka, qui offre une bonne prise en main pendant le travail. Un \u00e9tui en nylon prot\u00e8ge la hache pendant le transport et peut \u00eatre facilement attach\u00e9 \u00e0 la ceinture. Cette hache est id\u00e9ale pour le camping et les voyages en raison de son poids l\u00e9ger.&nbsp;<\/span><\/p>\n<p><b>Informations du produit :&nbsp;<\/b><\/p>\n<ul>\n<li><span style=\"font-weight: 400;\">Mod\u00e8le : Hache de camping ZD021&nbsp;<\/span><\/li>\n<li><span style=\"font-weight: 400;\">Mati\u00e8re de la poign\u00e9e&nbsp;: bois de pakka&nbsp;<\/span><\/li>\n<li><span style=\"font-weight: 400;\">Dimensions poign\u00e9e : longueur 19 cm<\/span><\/li>\n<li><span style=\"font-weight: 400;\">Dimensions de la lame de la hache : diam\u00e8tre 17 cm&nbsp; \/ largeur 13.5 cm \/ hauteur 11 cm<\/span><\/li>\n<li><span style=\"font-weight: 400;\">Poids : 350 g.&nbsp;<\/span><\/li>\n<li><span style=\"font-weight: 400;\">Mati\u00e8re&nbsp;: Acier inoxydable au carbone&nbsp;<\/span><\/li>\n<li><span style=\"font-weight: 400;\">Duret\u00e9 : 56 HRC&nbsp;<\/span><\/li>\n<li><span style=\"font-weight: 400;\">Gaine en nylon&nbsp;<\/span><\/li>\n<\/ul>\n","protected":false},"excerpt":{"rendered":"<p><span style=\"font-weight: 400;\">Ce petit multitalent ne convainc pas seulement par son poids, mais aussi par son mat\u00e9riau et sa taille. La petite hache de survie est parfaite pour hacher du bois. La lame est en acier inoxydable, combin\u00e9e \u00e0 un manche en bois de pakka, qui offre une bonne prise en main pendant le travail. Un \u00e9tui en nylon prot\u00e8ge la hache pendant le transport et peut \u00eatre facilement attach\u00e9 \u00e0 la ceinture. Cette hache est id\u00e9ale pour le camping et les voyages en raison de son poids l\u00e9ger.&nbsp;<\/span><\/p>\n","protected":false},"featured_media":105803,"comment_status":"closed","ping_status":"closed","template":"","meta":{"inline_featured_image":false},"product_brand":[],"product_cat":[1035],"product_tag":[1773],"class_list":{"0":"post-105834","1":"product","2":"type-product","3":"status-publish","4":"has-post-thumbnail","6":"product_cat-couteaux-machettes","7":"product_tag-chasse-peche","9":"first","10":"instock","11":"taxable","12":"shipping-taxable","13":"purchasable","14":"product-type-simple"},"_links":{"self":[{"href":"https:\/\/metal-badge.ch\/fr\/wp-json\/wp\/v2\/product\/105834","targetHints":{"allow":["GET"]}}],"collection":[{"href":"https:\/\/metal-badge.ch\/fr\/wp-json\/wp\/v2\/product"}],"about":[{"href":"https:\/\/metal-badge.ch\/fr\/wp-json\/wp\/v2\/types\/product"}],"replies":[{"embeddable":true,"href":"https:\/\/metal-badge.ch\/fr\/wp-json\/wp\/v2\/comments?post=105834"}],"wp:featuredmedia":[{"embeddable":true,"href":"https:\/\/metal-badge.ch\/fr\/wp-json\/wp\/v2\/media\/105803"}],"wp:attachment":[{"href":"https:\/\/metal-badge.ch\/fr\/wp-json\/wp\/v2\/media?parent=105834"}],"wp:term":[{"taxonomy":"product_brand","embeddable":true,"href":"https:\/\/metal-badge.ch\/fr\/wp-json\/wp\/v2\/product_brand?post=105834"},{"taxonomy":"product_cat","embeddable":true,"href":"https:\/\/metal-badge.ch\/fr\/wp-json\/wp\/v2\/product_cat?post=105834"},{"taxonomy":"product_tag","embeddable":true,"href":"https:\/\/metal-badge.ch\/fr\/wp-json\/wp\/v2\/product_tag?post=105834"}],"curies":[{"name":"wp","href":"https:\/\/api.w.org\/{rel}","templated":true}]}}