{"id":105653,"date":"2021-05-29T05:41:30","date_gmt":"2021-05-29T03:41:30","guid":{"rendered":"https:\/\/shop.metal-badge.ch\/product\/105653\/hache-de-combat-et-de-travail-viking-forgee-a-la-main\/"},"modified":"2021-05-29T08:13:51","modified_gmt":"2021-05-29T06:13:51","slug":"hache-de-combat-et-de-travail-viking-forgee-a-la-main-cca006","status":"publish","type":"product","link":"https:\/\/metal-badge.ch\/fr\/product\/105653\/hache-de-combat-et-de-travail-viking-forgee-a-la-main-cca006\/","title":{"rendered":"Hache de combat et de travail viking forg\u00e9e \u00e0 la main &#8211; CCA006"},"content":{"rendered":"<p><span style=\"font-weight: 400;\">Hache de combat et de travail viking forg\u00e9e \u00e0 la main en acier carbone EN45 avec un beau sujet viking grav\u00e9 \u00e0 la main sur la lame. Le manche est en bois de rose finement courb\u00e9. Ce mod\u00e8le \u00e9tait utilis\u00e9 par les Vikings comme arme de travail et de guerre.&nbsp;&nbsp;&nbsp;<\/span><\/p>\n<p><b>Informations du produit :&nbsp;<\/b><\/p>\n<ul>\n<li><span style=\"font-weight: 400;\">Mod\u00e8le : Hache barbue viking CCA006<\/span><\/li>\n<li><span style=\"font-weight: 400;\">Mati\u00e8re&nbsp;: Acier carbone EN 45<\/span><\/li>\n<li><span style=\"font-weight: 400;\">Forg\u00e9e main&nbsp;<\/span><\/li>\n<li><span style=\"font-weight: 400;\">Sujet de viking grav\u00e9 \u00e0 la main&nbsp;<\/span><\/li>\n<li><span style=\"font-weight: 400;\">Manche : bois de rose noble<\/span><\/li>\n<li><span style=\"font-weight: 400;\">Longueur : 41 cm<\/span><\/li>\n<li><span style=\"font-weight: 400;\">Poids : 590 g&nbsp;<\/span><\/li>\n<li><span style=\"font-weight: 400;\">Gaine en cuir cousue \u00e0 la main&nbsp;<\/span><\/li>\n<li><span style=\"font-weight: 400;\">Hauteur de la lame de la t\u00eate de la hache : 9.5 cm<\/span><\/li>\n<li><span style=\"font-weight: 400;\">Largeur de la t\u00eate de hache 12 cm<\/span><\/li>\n<\/ul>\n","protected":false},"excerpt":{"rendered":"<p><span style=\"font-weight: 400;\">Hache de combat et de travail viking forg\u00e9e \u00e0 la main en acier carbone EN45 avec un beau sujet viking grav\u00e9 \u00e0 la main sur la lame. Le manche est en bois de rose finement courb\u00e9. Ce mod\u00e8le \u00e9tait utilis\u00e9 par les Vikings comme arme de travail et de guerre.&nbsp;&nbsp;&nbsp;<\/span><\/p>\n","protected":false},"featured_media":105622,"comment_status":"closed","ping_status":"closed","template":"","meta":{"inline_featured_image":false},"product_brand":[],"product_cat":[1035],"product_tag":[1773],"class_list":{"0":"post-105653","1":"product","2":"type-product","3":"status-publish","4":"has-post-thumbnail","6":"product_cat-couteaux-machettes","7":"product_tag-chasse-peche","9":"first","10":"instock","11":"taxable","12":"shipping-taxable","13":"purchasable","14":"product-type-simple"},"_links":{"self":[{"href":"https:\/\/metal-badge.ch\/fr\/wp-json\/wp\/v2\/product\/105653","targetHints":{"allow":["GET"]}}],"collection":[{"href":"https:\/\/metal-badge.ch\/fr\/wp-json\/wp\/v2\/product"}],"about":[{"href":"https:\/\/metal-badge.ch\/fr\/wp-json\/wp\/v2\/types\/product"}],"replies":[{"embeddable":true,"href":"https:\/\/metal-badge.ch\/fr\/wp-json\/wp\/v2\/comments?post=105653"}],"wp:featuredmedia":[{"embeddable":true,"href":"https:\/\/metal-badge.ch\/fr\/wp-json\/wp\/v2\/media\/105622"}],"wp:attachment":[{"href":"https:\/\/metal-badge.ch\/fr\/wp-json\/wp\/v2\/media?parent=105653"}],"wp:term":[{"taxonomy":"product_brand","embeddable":true,"href":"https:\/\/metal-badge.ch\/fr\/wp-json\/wp\/v2\/product_brand?post=105653"},{"taxonomy":"product_cat","embeddable":true,"href":"https:\/\/metal-badge.ch\/fr\/wp-json\/wp\/v2\/product_cat?post=105653"},{"taxonomy":"product_tag","embeddable":true,"href":"https:\/\/metal-badge.ch\/fr\/wp-json\/wp\/v2\/product_tag?post=105653"}],"curies":[{"name":"wp","href":"https:\/\/api.w.org\/{rel}","templated":true}]}}