{"id":105617,"date":"2021-05-29T04:12:10","date_gmt":"2021-05-29T02:12:10","guid":{"rendered":"https:\/\/shop.metal-badge.ch\/product\/105617\/hache-de-jet-hache-de-combat-forgee-main-cca007\/"},"modified":"2021-05-29T04:12:10","modified_gmt":"2021-05-29T02:12:10","slug":"hache-de-jet-hache-de-combat-forgee-main-cca007","status":"publish","type":"product","link":"https:\/\/metal-badge.ch\/fr\/product\/105617\/hache-de-jet-hache-de-combat-forgee-main-cca007\/","title":{"rendered":"Hache de jet \/ hache de combat forg\u00e9e main  &#8211; CCA007"},"content":{"rendered":"<p><span style=\"font-weight: 400;\">Hache de combat et de jet forg\u00e9e \u00e0 la main en acier au carbone EN45. Le manche est en bois d&rsquo;olivier courb\u00e9.&nbsp;<\/span><\/p>\n<p><b>Informations du produit :&nbsp;<\/b><\/p>\n<ul>\n<li><span style=\"font-weight: 400;\">Mod\u00e8le : Hache de lancer CCA007<\/span><\/li>\n<li><span style=\"font-weight: 400;\">Mati\u00e8re&nbsp;: Acier carbone EN 45<\/span><\/li>\n<li><span style=\"font-weight: 400;\">Forg\u00e9e main&nbsp;<\/span><\/li>\n<li><span style=\"font-weight: 400;\">Manche&nbsp;: Bois d\u2019olivier<\/span><\/li>\n<li><span style=\"font-weight: 400;\">Longueur : 50 cm<\/span><\/li>\n<li><span style=\"font-weight: 400;\">Poids : 809 g.&nbsp;<\/span><\/li>\n<li><span style=\"font-weight: 400;\">Gaine en cuir cousue \u00e0 la main&nbsp;<\/span><\/li>\n<li><span style=\"font-weight: 400;\">Hauteur de la lame de la t\u00eate de la hache : 13 cm<\/span><\/li>\n<li><span style=\"font-weight: 400;\">Largeur de la t\u00eate de hache 16 cm<\/span><\/li>\n<\/ul>\n","protected":false},"excerpt":{"rendered":"<p><span style=\"font-weight: 400;\">Hache de combat et de jet forg\u00e9e \u00e0 la main en acier au carbone EN45. Le manche est en bois d&rsquo;olivier courb\u00e9.&nbsp;<\/span><\/p>\n","protected":false},"featured_media":105594,"comment_status":"closed","ping_status":"closed","template":"","meta":{"inline_featured_image":false},"product_brand":[],"product_cat":[1035],"product_tag":[1773],"class_list":{"0":"post-105617","1":"product","2":"type-product","3":"status-publish","4":"has-post-thumbnail","6":"product_cat-couteaux-machettes","7":"product_tag-chasse-peche","9":"first","10":"instock","11":"taxable","12":"shipping-taxable","13":"purchasable","14":"product-type-simple"},"_links":{"self":[{"href":"https:\/\/metal-badge.ch\/fr\/wp-json\/wp\/v2\/product\/105617","targetHints":{"allow":["GET"]}}],"collection":[{"href":"https:\/\/metal-badge.ch\/fr\/wp-json\/wp\/v2\/product"}],"about":[{"href":"https:\/\/metal-badge.ch\/fr\/wp-json\/wp\/v2\/types\/product"}],"replies":[{"embeddable":true,"href":"https:\/\/metal-badge.ch\/fr\/wp-json\/wp\/v2\/comments?post=105617"}],"wp:featuredmedia":[{"embeddable":true,"href":"https:\/\/metal-badge.ch\/fr\/wp-json\/wp\/v2\/media\/105594"}],"wp:attachment":[{"href":"https:\/\/metal-badge.ch\/fr\/wp-json\/wp\/v2\/media?parent=105617"}],"wp:term":[{"taxonomy":"product_brand","embeddable":true,"href":"https:\/\/metal-badge.ch\/fr\/wp-json\/wp\/v2\/product_brand?post=105617"},{"taxonomy":"product_cat","embeddable":true,"href":"https:\/\/metal-badge.ch\/fr\/wp-json\/wp\/v2\/product_cat?post=105617"},{"taxonomy":"product_tag","embeddable":true,"href":"https:\/\/metal-badge.ch\/fr\/wp-json\/wp\/v2\/product_tag?post=105617"}],"curies":[{"name":"wp","href":"https:\/\/api.w.org\/{rel}","templated":true}]}}