{"id":105589,"date":"2021-05-29T02:56:10","date_gmt":"2021-05-29T00:56:10","guid":{"rendered":"https:\/\/shop.metal-badge.ch\/product\/105589\/hache-de-lancer-hache-de-combat-forgee-main-ccd-010\/"},"modified":"2024-08-10T05:45:49","modified_gmt":"2024-08-10T03:45:49","slug":"hache-de-lancer-hache-de-combat-forgee-main-ccd-010","status":"publish","type":"product","link":"https:\/\/metal-badge.ch\/fr\/product\/105589\/hache-de-lancer-hache-de-combat-forgee-main-ccd-010\/","title":{"rendered":"Hache de lancer \/ hache de combat forg\u00e9e main  &#8211; CCD 010"},"content":{"rendered":"<p><span style=\"font-weight: 400;\">Hache de combat et de lancer viking forg\u00e9e \u00e0 la main en acier de Damas. Le manche est fabriqu\u00e9 en bois d\u2019Olivier. Ce mod\u00e8le \u00e9tait utilis\u00e9 par les Vikings comme arme de travail et de guerre.&nbsp;&nbsp;&nbsp;<\/span><\/p>\n<p><b>Informations du produit :&nbsp;<\/b><\/p>\n<ul>\n<li><span style=\"font-weight: 400;\">Mod\u00e8le : Hache de lancer CCD 010<\/span><\/li>\n<li><span style=\"font-weight: 400;\">Mati\u00e8re&nbsp;: A<\/span><span style=\"font-weight: 400;\">cier de Damas<\/span><\/li>\n<li><span style=\"font-weight: 400;\">Forg\u00e9e main&nbsp;<\/span><\/li>\n<li><span style=\"font-weight: 400;\">Manche&nbsp;: Bois d\u2019olivier<\/span><\/li>\n<li><span style=\"font-weight: 400;\">Longueur : 52.5 cm<\/span><\/li>\n<li><span style=\"font-weight: 400;\">Poids : 1950 gr.<\/span><\/li>\n<li><span style=\"font-weight: 400;\">Gaine en cuir cousue \u00e0 la main&nbsp;<\/span><\/li>\n<li><span style=\"font-weight: 400;\">Hauteur de la lame de la t\u00eate de la hache : 16 cm<\/span><\/li>\n<li><span style=\"font-weight: 400;\">Largeur&nbsp; de la lame de la t\u00eate de la hache : 27 cm<\/span><\/li>\n<\/ul>\n","protected":false},"excerpt":{"rendered":"<p><span style=\"font-weight: 400;\">Hache de combat et de lancer viking forg\u00e9e \u00e0 la main en acier de Damas. Le manche est fabriqu\u00e9 en bois d\u2019Olivier. Ce mod\u00e8le \u00e9tait utilis\u00e9 par les Vikings comme arme de travail et de guerre. &nbsp;<\/span><\/p>\n","protected":false},"featured_media":105562,"comment_status":"closed","ping_status":"closed","template":"","meta":{"inline_featured_image":false},"product_brand":[],"product_cat":[1035],"product_tag":[1773],"class_list":{"0":"post-105589","1":"product","2":"type-product","3":"status-publish","4":"has-post-thumbnail","6":"product_cat-couteaux-machettes","7":"product_tag-chasse-peche","9":"first","10":"instock","11":"taxable","12":"shipping-taxable","13":"purchasable","14":"product-type-simple"},"_links":{"self":[{"href":"https:\/\/metal-badge.ch\/fr\/wp-json\/wp\/v2\/product\/105589","targetHints":{"allow":["GET"]}}],"collection":[{"href":"https:\/\/metal-badge.ch\/fr\/wp-json\/wp\/v2\/product"}],"about":[{"href":"https:\/\/metal-badge.ch\/fr\/wp-json\/wp\/v2\/types\/product"}],"replies":[{"embeddable":true,"href":"https:\/\/metal-badge.ch\/fr\/wp-json\/wp\/v2\/comments?post=105589"}],"wp:featuredmedia":[{"embeddable":true,"href":"https:\/\/metal-badge.ch\/fr\/wp-json\/wp\/v2\/media\/105562"}],"wp:attachment":[{"href":"https:\/\/metal-badge.ch\/fr\/wp-json\/wp\/v2\/media?parent=105589"}],"wp:term":[{"taxonomy":"product_brand","embeddable":true,"href":"https:\/\/metal-badge.ch\/fr\/wp-json\/wp\/v2\/product_brand?post=105589"},{"taxonomy":"product_cat","embeddable":true,"href":"https:\/\/metal-badge.ch\/fr\/wp-json\/wp\/v2\/product_cat?post=105589"},{"taxonomy":"product_tag","embeddable":true,"href":"https:\/\/metal-badge.ch\/fr\/wp-json\/wp\/v2\/product_tag?post=105589"}],"curies":[{"name":"wp","href":"https:\/\/api.w.org\/{rel}","templated":true}]}}