{"id":105523,"date":"2021-05-28T10:14:35","date_gmt":"2021-05-28T08:14:35","guid":{"rendered":"https:\/\/shop.metal-badge.ch\/product\/105523\/shemag-shemagh-rouge\/"},"modified":"2022-12-06T02:10:34","modified_gmt":"2022-12-06T01:10:34","slug":"shemag-shemagh-rouge","status":"publish","type":"product","link":"https:\/\/metal-badge.ch\/fr\/product\/105523\/shemag-shemagh-rouge\/","title":{"rendered":"Shemag \/ Shemagh  &#8211; rouge"},"content":{"rendered":"<p><span style=\"font-weight: 400;\">De nombreuses unit\u00e9s sp\u00e9ciales du monde ont d\u00e9couvert par elles-m\u00eames le foulard palestinien ou aussi appel\u00e9 shemag ou keffieh depuis longtemps. Le shemag est \u00e9galement polyvalent pour les vastes espaces ext\u00e9rieurs. Comme protection contre le froid, voile, camouflage, accessoire \u00e0 nouer, ainsi que la protection de la t\u00eate, du cou et du visage contre la poussi\u00e8re, le sable, le soleil. En raison de la taille de 105 x 110 cm, de nombreuses variations de port sont possibles.&nbsp;<\/span><\/p>\n<p><span style=\"font-weight: 400;\">Nous proposons \u00e9galement d&rsquo;autres couleurs de ce tissu multifonctionnel.<\/span><\/p>\n<p><b>Description du produit&nbsp;:<\/b><\/p>\n<ul>\n<li><span style=\"font-weight: 400;\">\u00c9quipement multifonctionnel<\/span><\/li>\n<li><span style=\"font-weight: 400;\">Mati\u00e8re&nbsp;: 100 % coton.&nbsp;<\/span><\/li>\n<li><span style=\"font-weight: 400;\">Couleur : rouge&nbsp;<\/span><\/li>\n<li><span style=\"font-weight: 400;\">Dimensions : 105 x 110 cm chacune.<\/span><\/li>\n<li><span style=\"font-weight: 400;\">Poids : 140 g.&nbsp;<\/span><\/li>\n<\/ul>\n","protected":false},"excerpt":{"rendered":"<p><span style=\"font-weight: 400;\">De nombreuses unit\u00e9s sp\u00e9ciales du monde ont d\u00e9couvert par elles-m\u00eames le foulard palestinien ou aussi appel\u00e9 shemag ou keffieh depuis longtemps. Le shemag est \u00e9galement polyvalent pour les vastes espaces ext\u00e9rieurs. Comme protection contre le froid, voile, camouflage, accessoire \u00e0 nouer, ainsi que la protection de la t\u00eate, du cou et du visage contre la poussi\u00e8re, le sable, le soleil. En raison de la taille de 105 x 110 cm, de nombreuses variations de port sont possibles.&nbsp;<\/span><\/p>\n","protected":false},"featured_media":105500,"comment_status":"closed","ping_status":"closed","template":"","meta":{"inline_featured_image":false},"product_brand":[],"product_cat":[1626],"product_tag":[1769],"class_list":{"0":"post-105523","1":"product","2":"type-product","3":"status-publish","4":"has-post-thumbnail","6":"product_cat-shemaghs-bandanas-fr","7":"product_tag-army-survival-fr","9":"first","10":"instock","11":"taxable","12":"shipping-taxable","13":"purchasable","14":"product-type-simple"},"_links":{"self":[{"href":"https:\/\/metal-badge.ch\/fr\/wp-json\/wp\/v2\/product\/105523","targetHints":{"allow":["GET"]}}],"collection":[{"href":"https:\/\/metal-badge.ch\/fr\/wp-json\/wp\/v2\/product"}],"about":[{"href":"https:\/\/metal-badge.ch\/fr\/wp-json\/wp\/v2\/types\/product"}],"replies":[{"embeddable":true,"href":"https:\/\/metal-badge.ch\/fr\/wp-json\/wp\/v2\/comments?post=105523"}],"wp:featuredmedia":[{"embeddable":true,"href":"https:\/\/metal-badge.ch\/fr\/wp-json\/wp\/v2\/media\/105500"}],"wp:attachment":[{"href":"https:\/\/metal-badge.ch\/fr\/wp-json\/wp\/v2\/media?parent=105523"}],"wp:term":[{"taxonomy":"product_brand","embeddable":true,"href":"https:\/\/metal-badge.ch\/fr\/wp-json\/wp\/v2\/product_brand?post=105523"},{"taxonomy":"product_cat","embeddable":true,"href":"https:\/\/metal-badge.ch\/fr\/wp-json\/wp\/v2\/product_cat?post=105523"},{"taxonomy":"product_tag","embeddable":true,"href":"https:\/\/metal-badge.ch\/fr\/wp-json\/wp\/v2\/product_tag?post=105523"}],"curies":[{"name":"wp","href":"https:\/\/api.w.org\/{rel}","templated":true}]}}