{"id":105379,"date":"2021-05-28T05:13:55","date_gmt":"2021-05-28T03:13:55","guid":{"rendered":"https:\/\/shop.metal-badge.ch\/product\/105379\/sac-tactique-en-bandouliere-16-l\/"},"modified":"2021-05-28T08:11:36","modified_gmt":"2021-05-28T06:11:36","slug":"sac-tactique-en-bandouliere-16-l-camouflage","status":"publish","type":"product","link":"https:\/\/metal-badge.ch\/fr\/product\/105379\/sac-tactique-en-bandouliere-16-l-camouflage\/","title":{"rendered":"Sac tactique en bandouli\u00e8re 16 L &#8211; camouflage"},"content":{"rendered":"<p><span style=\"font-weight: 400;\">Un sac avec de nombreuses poches.&nbsp;<\/span><\/p>\n<p><span style=\"font-weight: 400;\">Sac tactique \u00e0 bandouli\u00e8re en nylon 600D, syst\u00e8me Molle, ext\u00e9rieur, en camouflage. Le sac \u00e0 bandouli\u00e8re est \u00e9quip\u00e9 d&rsquo;une bandouli\u00e8re r\u00e9glable et rembourr\u00e9e. D&rsquo;une capacit\u00e9 de 16 litres, le sac peut \u00eatre ouvert par deux fermetures \u00e9clair principales, qui offrent beaucoup d&rsquo;espace de rangement. Il y a \u00e9galement un compartiment d&rsquo;insertion de 35 cm de long et de 15 cm de large dans l&rsquo;espace de rangement. \u00c0 l&rsquo;ext\u00e9rieur, le sac est \u00e9quip\u00e9 de 3 poches \u00e0 fermeture \u00e9clair. En outre, le sac \u00e0 bandouli\u00e8re est dot\u00e9 d&rsquo;une longue poche lat\u00e9rale \u00e0 fermeture \u00e9clair. Le c\u00f4t\u00e9 du sac est \u00e9quip\u00e9 du syst\u00e8me Molle, ce qui permet d&rsquo;y attacher beaucoup de mat\u00e9riel suppl\u00e9mentaire ou des poches suppl\u00e9mentaires. Ce sac \u00e0 bandouli\u00e8re est hydrofuge, durable et tr\u00e8s r\u00e9sistant. Id\u00e9al pour toutes les activit\u00e9s de plein air.<\/span><\/p>\n<p><b>Informations du produit :&nbsp;<\/b><\/p>\n<ul>\n<li><span style=\"font-weight: 400;\">Couleur : camouflage<\/span><\/li>\n<li><span style=\"font-weight: 400;\">Poids : 680 g.<\/span><\/li>\n<li><span style=\"font-weight: 400;\">Mati\u00e8re&nbsp;: nylon 600D<\/span><\/li>\n<li><span style=\"font-weight: 400;\">Contenu : 16 litres&nbsp;<\/span><\/li>\n<li><span style=\"font-weight: 400;\">Dimensions&nbsp;:&nbsp; hauteur 53 cm x largeur 18 cm x profondeur 16 cm<\/span><span style=\"font-weight: 400;\"><br \/>\n<\/span><span style=\"font-weight: 400;\">2 poign\u00e9es de transport robustes en haut et en bas&nbsp;<\/span><\/li>\n<li><span style=\"font-weight: 400;\">1 bandouli\u00e8re rembourr\u00e9e et r\u00e9glable<\/span><\/li>\n<li><span style=\"font-weight: 400;\">3 poches avec fermeture \u00e9clair, hauteur 13 cm x largeur 13 cm x profondeur 7 cm&nbsp;<\/span><\/li>\n<li><span style=\"font-weight: 400;\">1 poche avec fermeture \u00e9clair, hauteur 47 cm x largeur 14 cm x profondeur 13 cm divis\u00e9 en deux compartiments<\/span><\/li>\n<li><span style=\"font-weight: 400;\">\u00c9quip\u00e9 avec le syst\u00e8me Molle sur les c\u00f4t\u00e9s<\/span><\/li>\n<\/ul>\n","protected":false},"excerpt":{"rendered":"<p><span style=\"font-weight: 400;\">Un sac avec de nombreuses poches.&nbsp;<\/span><\/p>\n<p><span style=\"font-weight: 400;\">Sac tactique \u00e0 bandouli\u00e8re en nylon 600D, syst\u00e8me Molle, ext\u00e9rieur, en camouflage.<\/span><\/p>\n","protected":false},"featured_media":105356,"comment_status":"closed","ping_status":"closed","template":"","meta":{"inline_featured_image":false},"product_brand":[],"product_cat":[1883,1347,1059,1255,1650],"product_tag":[],"class_list":{"0":"post-105379","1":"product","2":"type-product","3":"status-publish","4":"has-post-thumbnail","6":"product_cat-equipement","7":"product_cat-accessoires-militaires-de-chasse","8":"product_cat-sacs","9":"product_cat-sacs-a-dos-et-systemes-de-boisson","10":"product_cat-sacs-dintervention","12":"first","13":"instock","14":"taxable","15":"shipping-taxable","16":"purchasable","17":"product-type-simple"},"_links":{"self":[{"href":"https:\/\/metal-badge.ch\/fr\/wp-json\/wp\/v2\/product\/105379","targetHints":{"allow":["GET"]}}],"collection":[{"href":"https:\/\/metal-badge.ch\/fr\/wp-json\/wp\/v2\/product"}],"about":[{"href":"https:\/\/metal-badge.ch\/fr\/wp-json\/wp\/v2\/types\/product"}],"replies":[{"embeddable":true,"href":"https:\/\/metal-badge.ch\/fr\/wp-json\/wp\/v2\/comments?post=105379"}],"wp:featuredmedia":[{"embeddable":true,"href":"https:\/\/metal-badge.ch\/fr\/wp-json\/wp\/v2\/media\/105356"}],"wp:attachment":[{"href":"https:\/\/metal-badge.ch\/fr\/wp-json\/wp\/v2\/media?parent=105379"}],"wp:term":[{"taxonomy":"product_brand","embeddable":true,"href":"https:\/\/metal-badge.ch\/fr\/wp-json\/wp\/v2\/product_brand?post=105379"},{"taxonomy":"product_cat","embeddable":true,"href":"https:\/\/metal-badge.ch\/fr\/wp-json\/wp\/v2\/product_cat?post=105379"},{"taxonomy":"product_tag","embeddable":true,"href":"https:\/\/metal-badge.ch\/fr\/wp-json\/wp\/v2\/product_tag?post=105379"}],"curies":[{"name":"wp","href":"https:\/\/api.w.org\/{rel}","templated":true}]}}