{"id":105351,"date":"2021-05-27T19:22:48","date_gmt":"2021-05-27T17:22:48","guid":{"rendered":"https:\/\/shop.metal-badge.ch\/product\/105351\/sac-de-voyage-et-sac-a-dos-tout-en-un-de-qualite-superieure\/"},"modified":"2021-05-27T19:22:48","modified_gmt":"2021-05-27T17:22:48","slug":"sac-de-voyage-et-sac-a-dos-tout-en-un-de-qualite-superieure","status":"publish","type":"product","link":"https:\/\/metal-badge.ch\/fr\/product\/105351\/sac-de-voyage-et-sac-a-dos-tout-en-un-de-qualite-superieure\/","title":{"rendered":"Sac de voyage et sac \u00e0 dos \u00ab tout-en-un \u00bb de qualit\u00e9 sup\u00e9rieure."},"content":{"rendered":"<p><span style=\"font-weight: 400;\">Un sac de voyage bien pens\u00e9 et tr\u00e8s spacieux. Gr\u00e2ce au compartiment int\u00e9gr\u00e9 \u00e0 fermeture \u00e9clair pour les bretelles du sac \u00e0 dos, ce sac est particuli\u00e8rement polyvalent et confortable \u00e0 utiliser et se transforme en sac \u00e0 dos en un rien de temps. Ce sac robuste est la solution \u00ab tout-en-un \u00bb id\u00e9ale et donc un compagnon de voyage parfait. Avec le grand syst\u00e8me de compartiments, chaque objet trouve sa place. Le sac \u00e0 dos est \u00e9quip\u00e9 d&rsquo;un grand compartiment principal de 33 litres de contenu avec une poche en filet et un compartiment int\u00e9rieur. Un grand compartiment ext\u00e9rieur avec divers compartiments internes et un compartiment ext\u00e9rieur suppl\u00e9mentaire autour du sac \/ sac \u00e0 dos intelligent toujours en place. Tous les compartiments sont \u00e9quip\u00e9s d&rsquo;une double fermeture \u00e0 glissi\u00e8re durable et peuvent \u00eatre ferm\u00e9s par une serrure \u00e0 combinaison. La plaque dorsale stable assure le confort n\u00e9cessaire au transport. Le sac est adapt\u00e9 pour une utilisation comme bagage \u00e0 main. Le sac est muni d&rsquo;une bandouli\u00e8re robuste qui peut \u00e9galement \u00eatre fix\u00e9e \u00e0 l&rsquo;ext\u00e9rieur \u00e0 l&rsquo;aide d&rsquo;un mousqueton. Le sac \u00e0 dos peut \u00eatre ajust\u00e9 au volume ext\u00e9rieur gr\u00e2ce aux quatre fermetures \u00e0 clic rapides. L&rsquo;ext\u00e9rieur est \u00e9quip\u00e9 d&rsquo;une poche en filet.<\/span><\/p>\n<p><b>Informations du produit :&nbsp;<\/b><\/p>\n<ul>\n<li><span style=\"font-weight: 400;\">Compartiment ext\u00e9rieur avec acc\u00e8s rapide et rangement des objets utiles<\/span><\/li>\n<li><span style=\"font-weight: 400;\">Mat\u00e9riau &#8211; nylon tr\u00e8s robuste et hydrofuge<\/span><\/li>\n<li><span style=\"font-weight: 400;\">Support dorsal bien rembourr\u00e9 pour un port long et confortable<\/span><\/li>\n<li><span style=\"font-weight: 400;\">Bretelles r\u00e9glables avec verrouillage de s\u00e9curit\u00e9<\/span><\/li>\n<li><span style=\"font-weight: 400;\">Grand compartiment principal \u00e0 fermeture \u00e9clair de 33 L<\/span><\/li>\n<li><span style=\"font-weight: 400;\">Grand compartiment suppl\u00e9mentaire \u00e0 fermeture \u00e9clair de 17 L&nbsp;<\/span><\/li>\n<li><span style=\"font-weight: 400;\">Compartiment ext\u00e9rieur avec fermeture \u00e9clair pour de petits objets<\/span><\/li>\n<li><span style=\"font-weight: 400;\">Mati\u00e8re&nbsp;: Nylon Oxford 900 D&nbsp;<\/span><\/li>\n<li><span style=\"font-weight: 400;\">Dimensions : largeur 40 cm x hauteur 56 cm x profondeur 22 cm<\/span><\/li>\n<li><span style=\"font-weight: 400;\">Contenu : 50 litres&nbsp;<\/span><\/li>\n<li><span style=\"font-weight: 400;\">Deux poign\u00e9es de transport robustes sur le dessus et le c\u00f4t\u00e9, avec support caoutchout\u00e9<\/span><\/li>\n<li><span style=\"font-weight: 400;\">Compartiment cach\u00e9 \u00e0 fermeture \u00e9clair pour les bretelles du sac \u00e0 dos&nbsp;<\/span><\/li>\n<li><span style=\"font-weight: 400;\">Sangles de sac \u00e0 dos : Sangles ergonomiques de sac \u00e0 dos de taille r\u00e9glable.<\/span><\/li>\n<li><span style=\"font-weight: 400;\">Poches int\u00e9gr\u00e9es \u00e0 fermeture \u00e9clair des deux c\u00f4t\u00e9s de la ceinture pour les objets de valeur<\/span><\/li>\n<li><span style=\"font-weight: 400;\">Fermetures \u00e9claire : doubles fermetures \u00e9clair durables<\/span><\/li>\n<li><span style=\"font-weight: 400;\">Deux robustes anneaux en D sont fix\u00e9s \u00e0 chacune des deux bretelles.&nbsp;<\/span><\/li>\n<li><span style=\"font-weight: 400;\">Compatible comme bagage \u00e0 main<\/span><\/li>\n<li><span style=\"font-weight: 400;\">Couleur : noir&nbsp;<\/span><\/li>\n<li><span style=\"font-weight: 400;\">Poids :&nbsp; 1300 g.<\/span><\/li>\n<\/ul>\n","protected":false},"excerpt":{"rendered":"<p><span style=\"font-weight: 400;\">Un sac de voyage bien pens\u00e9 et tr\u00e8s spacieux. Gr\u00e2ce au compartiment int\u00e9gr\u00e9 \u00e0 fermeture \u00e9clair pour les bretelles du sac \u00e0 dos, ce sac est particuli\u00e8rement polyvalent et confortable \u00e0 utiliser et se transforme en sac \u00e0 dos en un rien de temps. Ce sac robuste est la solution \u00ab tout-en-un \u00bb id\u00e9ale et donc un compagnon de voyage parfait.<\/span><\/p>\n","protected":false},"featured_media":105332,"comment_status":"closed","ping_status":"closed","template":"","meta":{"inline_featured_image":false},"product_brand":[],"product_cat":[1883,1255],"product_tag":[1777],"class_list":{"0":"post-105351","1":"product","2":"type-product","3":"status-publish","4":"has-post-thumbnail","6":"product_cat-equipement","7":"product_cat-sacs-a-dos-et-systemes-de-boisson","8":"product_tag-camping-voyage","10":"first","11":"instock","12":"taxable","13":"shipping-taxable","14":"purchasable","15":"product-type-simple"},"_links":{"self":[{"href":"https:\/\/metal-badge.ch\/fr\/wp-json\/wp\/v2\/product\/105351","targetHints":{"allow":["GET"]}}],"collection":[{"href":"https:\/\/metal-badge.ch\/fr\/wp-json\/wp\/v2\/product"}],"about":[{"href":"https:\/\/metal-badge.ch\/fr\/wp-json\/wp\/v2\/types\/product"}],"replies":[{"embeddable":true,"href":"https:\/\/metal-badge.ch\/fr\/wp-json\/wp\/v2\/comments?post=105351"}],"wp:featuredmedia":[{"embeddable":true,"href":"https:\/\/metal-badge.ch\/fr\/wp-json\/wp\/v2\/media\/105332"}],"wp:attachment":[{"href":"https:\/\/metal-badge.ch\/fr\/wp-json\/wp\/v2\/media?parent=105351"}],"wp:term":[{"taxonomy":"product_brand","embeddable":true,"href":"https:\/\/metal-badge.ch\/fr\/wp-json\/wp\/v2\/product_brand?post=105351"},{"taxonomy":"product_cat","embeddable":true,"href":"https:\/\/metal-badge.ch\/fr\/wp-json\/wp\/v2\/product_cat?post=105351"},{"taxonomy":"product_tag","embeddable":true,"href":"https:\/\/metal-badge.ch\/fr\/wp-json\/wp\/v2\/product_tag?post=105351"}],"curies":[{"name":"wp","href":"https:\/\/api.w.org\/{rel}","templated":true}]}}