{"id":105284,"date":"2021-05-25T17:41:52","date_gmt":"2021-05-25T15:41:52","guid":{"rendered":"https:\/\/shop.metal-badge.ch\/product\/105284\/sac-a-dos-pour-ordinateur-portable\/"},"modified":"2021-05-25T18:00:52","modified_gmt":"2021-05-25T16:00:52","slug":"sac-a-dos-pour-ordinateur-portable-vert-fluo","status":"publish","type":"product","link":"https:\/\/metal-badge.ch\/fr\/product\/105284\/sac-a-dos-pour-ordinateur-portable-vert-fluo\/","title":{"rendered":"Sac \u00e0 dos pour ordinateur portable &#8211; vert fluo\u00a0"},"content":{"rendered":"<p><span style=\"font-weight: 400;\">Sac \u00e0 dos haut de gamme pour les affaires et le temps libre.<\/span><\/p>\n<p><span style=\"font-weight: 400;\">Sac \u00e0 dos sportif et l\u00e9ger pour ordinateur portable, pour les affaires et les loisirs, avec un grand volume de rangement. Port USB avec sortie sur le sac \u00e0 dos. Le c\u00e2ble USB de 65 cm de long est inclus.&nbsp;<\/span><\/p>\n<p><span style=\"font-weight: 400;\">Un grand compartiment principal zipp\u00e9 avec un compartiment suppl\u00e9mentaire pour ordinateur portable et une prise de sortie prot\u00e9g\u00e9e sur le sac \u00e0 dos. Le deuxi\u00e8me compartiment \u00e0 fermeture \u00e9clair offre \u00e9galement suffisamment d&rsquo;espace de rangement pour des accessoires suppl\u00e9mentaires. De plus, le sac \u00e0 dos est \u00e9quip\u00e9 d&rsquo;un compartiment ext\u00e9rieur \u00e0 fermeture \u00e9clair ainsi que d&rsquo;une poche \u00e0 acc\u00e8s rapide avec fermeture \u00e0 clic et de deux poches lat\u00e9rales en filet. Le sac \u00e0 dos en nylon taffetas pr\u00e9sente un beau design et un confort agr\u00e9able \u00e0 porter. Le sac \u00e0 dos est \u00e9galement id\u00e9al comme bagage \u00e0 main.&nbsp;<\/span><\/p>\n<p><b>Informations du produit :&nbsp;<\/b><\/p>\n<ul>\n<li><span style=\"font-weight: 400;\">Compartiment ext\u00e9rieur avec acc\u00e8s rapide et rangement des objets utiles<\/span><\/li>\n<li><span style=\"font-weight: 400;\">Mat\u00e9riau &#8211; nylon tr\u00e8s robuste et hydrofuge<\/span><\/li>\n<li><span style=\"font-weight: 400;\">Avec prise de sortie pour c\u00e2ble UBS prot\u00e9g\u00e9e contre l&rsquo;eau et la poussi\u00e8re<\/span><\/li>\n<li><span style=\"font-weight: 400;\">Support dorsal bien rembourr\u00e9 pour un port long et confortable<\/span><\/li>\n<li><span style=\"font-weight: 400;\">Bretelles r\u00e9glables avec verrouillage de s\u00e9curit\u00e9<\/span><\/li>\n<li><span style=\"font-weight: 400;\">Poign\u00e9e de transport sup\u00e9rieure&nbsp;<\/span><\/li>\n<li><span style=\"font-weight: 400;\">Petit compartiment \u00e0 fermeture \u00e9clair sur le dessus pour divers petits accessoires<\/span><\/li>\n<li><span style=\"font-weight: 400;\">Grand compartiment principal \u00e0 fermeture \u00e9clair<\/span><\/li>\n<li><span style=\"font-weight: 400;\">Compartiment suppl\u00e9mentaire \u00e0 fermeture \u00e9clair<\/span><\/li>\n<li><span style=\"font-weight: 400;\">Mati\u00e8re&nbsp;: nylon&nbsp;<\/span><\/li>\n<li><span style=\"font-weight: 400;\">Dimensions : largeur 29 cm x hauteur 53 cm x profondeur 22 cm<\/span><\/li>\n<li><span style=\"font-weight: 400;\">Contenu : 37 litres&nbsp;<\/span><\/li>\n<li><span style=\"font-weight: 400;\">Couleur : vert fluo&nbsp;<\/span><\/li>\n<li><span style=\"font-weight: 400;\">Poids :&nbsp; 530 g&nbsp;<\/span><\/li>\n<li><span style=\"font-weight: 400;\">Avec USB \/ c\u00e2ble de 65 cm de long <\/span><\/li>\n<\/ul>\n","protected":false},"excerpt":{"rendered":"<p><span style=\"font-weight: 400;\">Sac \u00e0 dos haut de gamme pour les affaires et le temps libre.<\/span><\/p>\n<p><span style=\"font-weight: 400;\">Sac \u00e0 dos sportif et l\u00e9ger pour ordinateur portable, pour les affaires et les loisirs, avec un grand volume de rangement. Port USB avec sortie sur le sac \u00e0 dos. Le c\u00e2ble USB de 65 cm de long est inclus.&nbsp;<\/span><\/p>\n","protected":false},"featured_media":105261,"comment_status":"closed","ping_status":"closed","template":"","meta":{"inline_featured_image":false},"product_brand":[],"product_cat":[1255,1883],"product_tag":[1777],"class_list":{"0":"post-105284","1":"product","2":"type-product","3":"status-publish","4":"has-post-thumbnail","6":"product_cat-sacs-a-dos-et-systemes-de-boisson","7":"product_cat-equipement","8":"product_tag-camping-voyage","10":"first","11":"instock","12":"taxable","13":"shipping-taxable","14":"purchasable","15":"product-type-simple"},"_links":{"self":[{"href":"https:\/\/metal-badge.ch\/fr\/wp-json\/wp\/v2\/product\/105284","targetHints":{"allow":["GET"]}}],"collection":[{"href":"https:\/\/metal-badge.ch\/fr\/wp-json\/wp\/v2\/product"}],"about":[{"href":"https:\/\/metal-badge.ch\/fr\/wp-json\/wp\/v2\/types\/product"}],"replies":[{"embeddable":true,"href":"https:\/\/metal-badge.ch\/fr\/wp-json\/wp\/v2\/comments?post=105284"}],"wp:featuredmedia":[{"embeddable":true,"href":"https:\/\/metal-badge.ch\/fr\/wp-json\/wp\/v2\/media\/105261"}],"wp:attachment":[{"href":"https:\/\/metal-badge.ch\/fr\/wp-json\/wp\/v2\/media?parent=105284"}],"wp:term":[{"taxonomy":"product_brand","embeddable":true,"href":"https:\/\/metal-badge.ch\/fr\/wp-json\/wp\/v2\/product_brand?post=105284"},{"taxonomy":"product_cat","embeddable":true,"href":"https:\/\/metal-badge.ch\/fr\/wp-json\/wp\/v2\/product_cat?post=105284"},{"taxonomy":"product_tag","embeddable":true,"href":"https:\/\/metal-badge.ch\/fr\/wp-json\/wp\/v2\/product_tag?post=105284"}],"curies":[{"name":"wp","href":"https:\/\/api.w.org\/{rel}","templated":true}]}}