{"id":105186,"date":"2021-05-24T16:46:17","date_gmt":"2021-05-24T14:46:17","guid":{"rendered":"https:\/\/shop.metal-badge.ch\/product\/105186\/camelbak-sac-a-dos-de-boisson-citron-noir\/"},"modified":"2021-05-24T16:46:17","modified_gmt":"2021-05-24T14:46:17","slug":"camelbak-sac-a-dos-de-boisson-citron-noir","status":"publish","type":"product","link":"https:\/\/metal-badge.ch\/fr\/product\/105186\/camelbak-sac-a-dos-de-boisson-citron-noir\/","title":{"rendered":"Camelbak \/ Sac \u00e0 dos de boisson citron \/ noir"},"content":{"rendered":"<p><span style=\"font-weight: 400;\">Ce sac \u00e0 dos de boisson a tout ce qu&rsquo;on peut attendre d&rsquo;un sac \u00e0 dos. Il est l\u00e9ger, robuste, a un design fin et offre encore assez d&rsquo;espace pour une poche de boisson de 2,5 litres, des collations, des outils et des v\u00eatements l\u00e9gers. Ce sac \u00e0 dos de boisson est \u00e9quip\u00e9 d&rsquo;un grand compartiment ext\u00e9rieur avec fermeture \u00e9clair. Le grand compartiment ext\u00e9rieur est \u00e9quip\u00e9 de diverses poches et d&rsquo;une poche en filet avec fermeture \u00e9clair \u00e0 l&rsquo;int\u00e9rieur. A l&rsquo;ext\u00e9rieur se trouve un autre compartiment \u00e0 fermeture \u00e9clair. Le sac \u00e0 dos est \u00e9quip\u00e9 d&rsquo;un Air Channel et d&rsquo;un cordon dorsal Air Mesh respirant pour un ajustement parfait et confortable. Les sangles des hanches et des \u00e9paules sont r\u00e9glables. Une poche de boisson de 2,5 litres est \u00e9galement comprise. Id\u00e9al pour le jogging, la randonn\u00e9e, le v\u00e9lo et toutes les activit\u00e9s de plein air.<\/span><span style=\"font-weight: 400;\"><br \/>\n<\/span><span style=\"font-weight: 400;\"><br \/>\n<\/span><b>Informations du produit :<\/b><span style=\"font-weight: 400;\"><br \/>\n<\/span><\/p>\n<ul>\n<li><span style=\"font-weight: 400;\">Cat\u00e9gorie&nbsp;: Sac \u00e0 dos avec syst\u00e8me de boisson<\/span><span style=\"font-weight: 400;\"><br \/>\n<\/span><\/li>\n<li><span style=\"font-weight: 400;\">Supports pour tube de boisson des deux c\u00f4t\u00e9s<\/span><span style=\"font-weight: 400;\"><br \/>\n<\/span><\/li>\n<li><span style=\"font-weight: 400;\">Compartiments pour outils, cl\u00e9s ou t\u00e9l\u00e9phone portable<\/span><span style=\"font-weight: 400;\"><br \/>\n<\/span><\/li>\n<li><span style=\"font-weight: 400;\">Dimensions&nbsp;: hauteur 46 cm x largeur 23 cm<\/span><span style=\"font-weight: 400;\"><br \/>\n<\/span><\/li>\n<li><span style=\"font-weight: 400;\">Volume total : 8 L<\/span><span style=\"font-weight: 400;\"><br \/>\n<\/span><\/li>\n<li><span style=\"font-weight: 400;\">Poche de boisson : Contenu de 2,5 litres<\/span><span style=\"font-weight: 400;\"><br \/>\n<\/span><\/li>\n<li><span style=\"font-weight: 400;\">Poign\u00e9e de port<\/span><span style=\"font-weight: 400;\"><br \/>\n<\/span><\/li>\n<li><span style=\"font-weight: 400;\">Mati\u00e8re : Nylon<\/span><span style=\"font-weight: 400;\"><br \/>\n<\/span><\/li>\n<li><span style=\"font-weight: 400;\">Couleur : jaune fluo \/ noir<\/span><span style=\"font-weight: 400;\"><br \/>\n<\/span><\/li>\n<li><span style=\"font-weight: 400;\">Poids : 390 g<\/span><span style=\"font-weight: 400;\"><br \/>\n<\/span><\/li>\n<li><span style=\"font-weight: 400;\">avec poche et tuyau de boisson avec valve de morsure<\/span><\/li>\n<\/ul>\n","protected":false},"excerpt":{"rendered":"<p><span style=\"font-weight: 400;\">Ce sac \u00e0 dos de boisson a tout ce qu&rsquo;on peut attendre d&rsquo;un sac \u00e0 dos. Il est l\u00e9ger, robuste, a un design fin et offre encore assez d&rsquo;espace pour une poche de boisson de 2,5 litres, des collations, des outils et des v\u00eatements l\u00e9gers. Ce sac \u00e0 dos de boisson est \u00e9quip\u00e9 d&rsquo;un grand compartiment ext\u00e9rieur avec fermeture \u00e9clair.<\/span><\/p>\n","protected":false},"featured_media":105159,"comment_status":"closed","ping_status":"closed","template":"","meta":{"inline_featured_image":false},"product_brand":[],"product_cat":[1883,1255],"product_tag":[1777],"class_list":{"0":"post-105186","1":"product","2":"type-product","3":"status-publish","4":"has-post-thumbnail","6":"product_cat-equipement","7":"product_cat-sacs-a-dos-et-systemes-de-boisson","8":"product_tag-camping-voyage","10":"first","11":"instock","12":"taxable","13":"shipping-taxable","14":"purchasable","15":"product-type-simple"},"_links":{"self":[{"href":"https:\/\/metal-badge.ch\/fr\/wp-json\/wp\/v2\/product\/105186","targetHints":{"allow":["GET"]}}],"collection":[{"href":"https:\/\/metal-badge.ch\/fr\/wp-json\/wp\/v2\/product"}],"about":[{"href":"https:\/\/metal-badge.ch\/fr\/wp-json\/wp\/v2\/types\/product"}],"replies":[{"embeddable":true,"href":"https:\/\/metal-badge.ch\/fr\/wp-json\/wp\/v2\/comments?post=105186"}],"wp:featuredmedia":[{"embeddable":true,"href":"https:\/\/metal-badge.ch\/fr\/wp-json\/wp\/v2\/media\/105159"}],"wp:attachment":[{"href":"https:\/\/metal-badge.ch\/fr\/wp-json\/wp\/v2\/media?parent=105186"}],"wp:term":[{"taxonomy":"product_brand","embeddable":true,"href":"https:\/\/metal-badge.ch\/fr\/wp-json\/wp\/v2\/product_brand?post=105186"},{"taxonomy":"product_cat","embeddable":true,"href":"https:\/\/metal-badge.ch\/fr\/wp-json\/wp\/v2\/product_cat?post=105186"},{"taxonomy":"product_tag","embeddable":true,"href":"https:\/\/metal-badge.ch\/fr\/wp-json\/wp\/v2\/product_tag?post=105186"}],"curies":[{"name":"wp","href":"https:\/\/api.w.org\/{rel}","templated":true}]}}