{"id":105106,"date":"2021-05-24T14:59:56","date_gmt":"2021-05-24T12:59:56","guid":{"rendered":"https:\/\/shop.metal-badge.ch\/product\/105106\/pantalon-de-pluie-haute-visibilite-jaune-avec-bandes-reflechissantes-impermeable\/"},"modified":"2021-05-24T14:59:56","modified_gmt":"2021-05-24T12:59:56","slug":"pantalon-de-pluie-haute-visibilite-jaune-avec-bandes-reflechissantes-impermeable","status":"publish","type":"product","link":"https:\/\/metal-badge.ch\/fr\/product\/105106\/pantalon-de-pluie-haute-visibilite-jaune-avec-bandes-reflechissantes-impermeable\/","title":{"rendered":"Pantalon de pluie haute visibilit\u00e9 jaune avec bandes r\u00e9fl\u00e9chissantes, imperm\u00e9able"},"content":{"rendered":"<p><span style=\"font-weight: 400;\">Ce pantalon de pluie haute visibilit\u00e9 en polyester 300 D avec rev\u00eatement PU est 100 % imperm\u00e9able et coupe-vent. Quatre bandes r\u00e9fl\u00e9chissantes 3M de 5 cm de large, de couleur argent\u00e9e, conformes \u00e0 la norme EN 471, am\u00e9liorent la s\u00e9curit\u00e9. <\/span><span style=\"font-weight: 400;\">Ourlet \u00e9lastique en bas avec une fermeture \u00e9clair de 20 cm de long pour agrandir le pantalon ou le raccourcir. <\/span><span style=\"font-weight: 400;\">Ce pantalon de pluie a des coutures \u00e9tanches pour une protection compl\u00e8te contre le vent et la pluie.<\/span><\/p>\n<p><b>Caract\u00e9ristiques :&nbsp;<\/b><\/p>\n<ul>\n<li><span style=\"font-weight: 400;\">1 grande poche int\u00e9rieure ventil\u00e9e \u00e0 fermeture \u00e9clair au dos.&nbsp;<\/span><\/li>\n<li><span style=\"font-weight: 400;\">2 grandes ouvertures lat\u00e9rales avec bouton poussoir sans poches int\u00e9rieures&nbsp;<\/span><\/li>\n<li><span style=\"font-weight: 400;\">Braguette avec une fermeture \u00e9clair YKK de 20 cm recouverte d&rsquo;une patte&nbsp;<\/span><\/li>\n<li><span style=\"font-weight: 400;\">Ceinture enti\u00e8rement \u00e9lastique avec cordon de serrage r\u00e9glable pour un confort maximal<\/span><\/li>\n<li><span style=\"font-weight: 400;\">Ourlet inf\u00e9rieur \u00e9lastique avec fermeture \u00e9clair de 20 cm pour l&rsquo;agrandissement du pantalon&nbsp;&nbsp;&nbsp;<\/span><\/li>\n<li><span style=\"font-weight: 400;\">Coutures scell\u00e9es<\/span><\/li>\n<li><span style=\"font-weight: 400;\">100 % \u00e9tanche au vent et \u00e0 l&rsquo;eau&nbsp;<\/span><\/li>\n<li><span style=\"font-weight: 400;\">Mati\u00e8re&nbsp;: polyester 300 D avec rev\u00eatement PU&nbsp;<\/span><\/li>\n<li><span style=\"font-weight: 400;\">Couleur : jaune \/ noir&nbsp;<\/span><\/li>\n<li><span style=\"font-weight: 400;\">Bandes r\u00e9fl\u00e9chissantes 3M pour une bonne visibilit\u00e9 selon la norme EN 471<\/span><\/li>\n<li><span style=\"font-weight: 400;\">Tailles : XS, S, M, L, XL, 2XL&nbsp;<\/span><\/li>\n<\/ul>\n","protected":false},"excerpt":{"rendered":"<p><span style=\"font-weight: 400;\">Ce pantalon de pluie haute visibilit\u00e9 en polyester 300 D avec rev\u00eatement PU est 100 % imperm\u00e9able et coupe-vent. Quatre bandes r\u00e9fl\u00e9chissantes 3M de 5 cm de large, de couleur argent\u00e9e, conformes \u00e0 la norme EN 471, am\u00e9liorent la s\u00e9curit\u00e9. <\/span><span style=\"font-weight: 400;\">Ourlet \u00e9lastique en bas avec une fermeture \u00e9clair de 20 cm de long pour agrandir le pantalon ou le raccourcir. <\/span><span style=\"font-weight: 400;\">Ce pantalon de pluie a des coutures \u00e9tanches pour une protection compl\u00e8te contre le vent et la pluie.<\/span><\/p>\n","protected":false},"featured_media":105087,"comment_status":"closed","ping_status":"closed","template":"","meta":{"inline_featured_image":false},"product_brand":[],"product_cat":[1103,1614,1586],"product_tag":[],"class_list":{"0":"post-105106","1":"product","2":"type-product","3":"status-publish","4":"has-post-thumbnail","6":"product_cat-vetements","7":"product_cat-pantalons-et-shorts","8":"product_cat-protection-contre-la-pluie","10":"first","11":"instock","12":"taxable","13":"shipping-taxable","14":"purchasable","15":"product-type-simple"},"_links":{"self":[{"href":"https:\/\/metal-badge.ch\/fr\/wp-json\/wp\/v2\/product\/105106","targetHints":{"allow":["GET"]}}],"collection":[{"href":"https:\/\/metal-badge.ch\/fr\/wp-json\/wp\/v2\/product"}],"about":[{"href":"https:\/\/metal-badge.ch\/fr\/wp-json\/wp\/v2\/types\/product"}],"replies":[{"embeddable":true,"href":"https:\/\/metal-badge.ch\/fr\/wp-json\/wp\/v2\/comments?post=105106"}],"wp:featuredmedia":[{"embeddable":true,"href":"https:\/\/metal-badge.ch\/fr\/wp-json\/wp\/v2\/media\/105087"}],"wp:attachment":[{"href":"https:\/\/metal-badge.ch\/fr\/wp-json\/wp\/v2\/media?parent=105106"}],"wp:term":[{"taxonomy":"product_brand","embeddable":true,"href":"https:\/\/metal-badge.ch\/fr\/wp-json\/wp\/v2\/product_brand?post=105106"},{"taxonomy":"product_cat","embeddable":true,"href":"https:\/\/metal-badge.ch\/fr\/wp-json\/wp\/v2\/product_cat?post=105106"},{"taxonomy":"product_tag","embeddable":true,"href":"https:\/\/metal-badge.ch\/fr\/wp-json\/wp\/v2\/product_tag?post=105106"}],"curies":[{"name":"wp","href":"https:\/\/api.w.org\/{rel}","templated":true}]}}