{"id":104927,"date":"2021-05-21T07:07:34","date_gmt":"2021-05-21T05:07:34","guid":{"rendered":"https:\/\/shop.metal-badge.ch\/product\/104927\/tire-fleche-4-doigts-avec-porte-cles\/"},"modified":"2021-05-21T07:07:34","modified_gmt":"2021-05-21T05:07:34","slug":"tire-fleche-4-doigts-avec-porte-cles","status":"publish","type":"product","link":"https:\/\/metal-badge.ch\/fr\/product\/104927\/tire-fleche-4-doigts-avec-porte-cles\/","title":{"rendered":"Tire-fl\u00e8che 4 doigts avec porte-cl\u00e9s"},"content":{"rendered":"<p><span style=\"font-weight: 400;\">Le caoutchouc du tire-fl\u00e8che repose parfaitement dans la main et assure une traction confortable des fl\u00e8ches. Avec ce tire-fl\u00e8che 4 doigts, prise optimale et de forme ergonomique, les fl\u00e8ches peuvent \u00eatre saisies avec l&rsquo;ouverture en forme de V du profil de mani\u00e8re tr\u00e8s pratique.&nbsp;<\/span><\/p>\n<p><b>Donn\u00e9es&nbsp;:&nbsp;<\/b><\/p>\n<ul>\n<li><span style=\"font-weight: 400;\">Mati\u00e8re&nbsp;: Caoutchouc massif&nbsp;<\/span><\/li>\n<li><span style=\"font-weight: 400;\">Prise optimale ergonomique quatre doigts<\/span><\/li>\n<li><span style=\"font-weight: 400;\">Les fl\u00e8ches sont doucement retir\u00e9es de la cible<\/span><\/li>\n<li><span style=\"font-weight: 400;\">Confortable \u00e0 porter et toujours \u00e0 port\u00e9e de main avec le porte-cl\u00e9s<\/span><\/li>\n<li><span style=\"font-weight: 400;\">Couleur : noir<\/span><\/li>\n<li><span style=\"font-weight: 400;\">Dimensions : longueur 8,5 cm x largeur 3,2 cm<\/span><\/li>\n<li><span style=\"font-weight: 400;\">Poids : 80 g.&nbsp;<\/span><\/li>\n<\/ul>\n","protected":false},"excerpt":{"rendered":"<p><span style=\"font-weight: 400;\">Le caoutchouc du tire-fl\u00e8che repose parfaitement dans la main et assure une traction confortable des fl\u00e8ches. Avec ce tire-fl\u00e8che 4 doigts, prise optimale et de forme ergonomique, les fl\u00e8ches peuvent \u00eatre saisies avec l&rsquo;ouverture en forme de V du profil de mani\u00e8re tr\u00e8s pratique.&nbsp;<\/span><\/p>\n","protected":false},"featured_media":104912,"comment_status":"closed","ping_status":"closed","template":"","meta":{"inline_featured_image":false},"product_brand":[],"product_cat":[1475],"product_tag":[1773],"class_list":{"0":"post-104927","1":"product","2":"type-product","3":"status-publish","4":"has-post-thumbnail","6":"product_cat-tir-a-larc-arbalete-sarbacane","7":"product_tag-chasse-peche","9":"first","10":"instock","11":"taxable","12":"shipping-taxable","13":"purchasable","14":"product-type-simple"},"_links":{"self":[{"href":"https:\/\/metal-badge.ch\/fr\/wp-json\/wp\/v2\/product\/104927","targetHints":{"allow":["GET"]}}],"collection":[{"href":"https:\/\/metal-badge.ch\/fr\/wp-json\/wp\/v2\/product"}],"about":[{"href":"https:\/\/metal-badge.ch\/fr\/wp-json\/wp\/v2\/types\/product"}],"replies":[{"embeddable":true,"href":"https:\/\/metal-badge.ch\/fr\/wp-json\/wp\/v2\/comments?post=104927"}],"wp:featuredmedia":[{"embeddable":true,"href":"https:\/\/metal-badge.ch\/fr\/wp-json\/wp\/v2\/media\/104912"}],"wp:attachment":[{"href":"https:\/\/metal-badge.ch\/fr\/wp-json\/wp\/v2\/media?parent=104927"}],"wp:term":[{"taxonomy":"product_brand","embeddable":true,"href":"https:\/\/metal-badge.ch\/fr\/wp-json\/wp\/v2\/product_brand?post=104927"},{"taxonomy":"product_cat","embeddable":true,"href":"https:\/\/metal-badge.ch\/fr\/wp-json\/wp\/v2\/product_cat?post=104927"},{"taxonomy":"product_tag","embeddable":true,"href":"https:\/\/metal-badge.ch\/fr\/wp-json\/wp\/v2\/product_tag?post=104927"}],"curies":[{"name":"wp","href":"https:\/\/api.w.org\/{rel}","templated":true}]}}