{"id":104828,"date":"2021-05-20T18:40:19","date_gmt":"2021-05-20T16:40:19","guid":{"rendered":"https:\/\/shop.metal-badge.ch\/product\/104828\/spray-au-poivre-pfeffer-ko\/"},"modified":"2021-05-20T18:40:19","modified_gmt":"2021-05-20T16:40:19","slug":"spray-au-poivre-pfeffer-ko","status":"publish","type":"product","link":"https:\/\/metal-badge.ch\/fr\/product\/104828\/spray-au-poivre-pfeffer-ko\/","title":{"rendered":"Spray au poivre PFEFFER-KO"},"content":{"rendered":"<p><span style=\"font-weight: 400;\">Le fiable spray au poivre KO au format de poche pratique est le <\/span><b>spray de d\u00e9fense<\/b><span style=\"font-weight: 400;\"> par excellence <\/span><b>contre les animaux<\/b><span style=\"font-weight: 400;\">. Avec sa pince ceinture pratique, le spray de d\u00e9fense vous accompagner partout. Que ce soit pour faire du jogging dans les bois, dans un garage souterrain ou dans une ruelle sombre. Si vous avez un spray au poivre KO dans votre poche, vous avez \u00e0 port\u00e9e de main une aide s\u00fbre dans les situations d&rsquo;urgence. Cela est valable non seulement vous-m\u00eame, mais aussi votre compagnon \u00e0 quatre pattes que vous pouvez prot\u00e9ger efficacement avec le spray au poivre KO, car m\u00eame votre fid\u00e8le compagnon peut \u00eatre victime d&rsquo;attaques par d&rsquo;autres animaux.<\/span><span style=\"font-weight: 400;\"><br \/>\n<\/span><span style=\"font-weight: 400;\"><br \/>\n<\/span><span style=\"font-weight: 400;\">Le spray au poivre KO est commercialis\u00e9 dans un flacon pratique de <\/span><b>15 ml<\/b><span style=\"font-weight: 400;\"> qui se glisse dans tous les sacs \u00e0 main et toutes les poches. Un petit flacon pour un grand effet : le jet a une port\u00e9e de 4 m\u00e8tres et peut \u00eatre pulv\u00e9ris\u00e9 rapidement. En cas d&rsquo;urgence, le spray au poivre KO peut \u00eatre sorti de la poche et pulv\u00e9ris\u00e9 directement en appuyant sur la g\u00e2chette dans la direction du danger : pas de capuchon \u00e0 enlever ou \u00e0 d\u00e9verrouiller ! Le bouchon est \u00e9quip\u00e9 d&rsquo;une petite s\u00e9curit\u00e9 \u00e0 l&rsquo;int\u00e9rieur pour \u00e9viter toute pulv\u00e9risation accidentelle.<\/span><span style=\"font-weight: 400;\"><br \/>\n<\/span><span style=\"font-weight: 400;\"><br \/>\n<\/span><b>Remarque :<\/b><span style=\"font-weight: 400;\"> Le spray au poivre KO, avec 11 % d&rsquo;OC (ol\u00e9or\u00e9sine de Capsicum), est l&rsquo;un des sprays de d\u00e9fense les plus puissants au monde !&nbsp;<\/span><\/p>\n<p><b>Les avantages du spray au poivre KO en un coup d&rsquo;\u0153il :<\/b><\/p>\n<ul>\n<li style=\"font-weight: 400;\" aria-level=\"1\"><span style=\"font-weight: 400;\">non nocif la sant\u00e9 mais tr\u00e8s efficace<\/span><\/li>\n<li style=\"font-weight: 400;\" aria-level=\"1\"><span style=\"font-weight: 400;\">pratique en format rouge \u00e0 l\u00e8vres<\/span><\/li>\n<li style=\"font-weight: 400;\" aria-level=\"1\"><span style=\"font-weight: 400;\">l&rsquo;utilisation du spray au poivre KO est g\u00e9n\u00e9ralement approuv\u00e9e en Suisse, en Autriche, en France et aux \u00c9tats-Unis<\/span><\/li>\n<li style=\"font-weight: 400;\" aria-level=\"1\"><span style=\"font-weight: 400;\">effet large et jet puissant<\/span><\/li>\n<li style=\"font-weight: 400;\" aria-level=\"1\"><span style=\"font-weight: 400;\">11 % de CO (ol\u00e9or\u00e9sine de Capsicum)<\/span><\/li>\n<li style=\"font-weight: 400;\" aria-level=\"1\"><span style=\"font-weight: 400;\">extr\u00eamement efficace<\/span><\/li>\n<li style=\"font-weight: 400;\" aria-level=\"1\"><span style=\"font-weight: 400;\">2 variantes disponibles<\/span><\/li>\n<li style=\"font-weight: 400;\" aria-level=\"1\"><span style=\"font-weight: 400;\">fabriqu\u00e9s en Allemagne (pas d&rsquo;importation d&rsquo;Extr\u00eame-Orient)<\/span><\/li>\n<\/ul>\n<p><b>Propri\u00e9t\u00e9s du spray au poivre KO<\/b><\/p>\n<ul>\n<li style=\"font-weight: 400;\" aria-level=\"1\"><span style=\"font-weight: 400;\">Contenu : 15 ml<\/span><\/li>\n<li style=\"font-weight: 400;\" aria-level=\"1\"><span style=\"font-weight: 400;\">contient 11 % de CO (ol\u00e9or\u00e9sine de Capsicum)<\/span><\/li>\n<li style=\"font-weight: 400;\" aria-level=\"1\"><span style=\"font-weight: 400;\">Port\u00e9e : jusqu\u2019\u00e0 4 m<\/span><\/li>\n<li style=\"font-weight: 400;\" aria-level=\"1\"><span style=\"font-weight: 400;\">Dur\u00e9e de pulv\u00e9risation : environ 2 secondes<\/span><\/li>\n<\/ul>\n","protected":false},"excerpt":{"rendered":"<p><span style=\"font-weight: 400;\">Le fiable spray au poivre KO au format de poche pratique est le <\/span><b>spray de d\u00e9fense<\/b><span style=\"font-weight: 400;\"> par excellence <\/span><b>contre les animaux<\/b><span style=\"font-weight: 400;\">. Avec sa pince ceinture pratique, le spray de d\u00e9fense vous accompagner partout. Que ce soit pour faire du jogging dans les bois, dans un garage souterrain ou dans une ruelle sombre. <\/span><\/p>\n","protected":false},"featured_media":104821,"comment_status":"closed","ping_status":"closed","template":"","meta":{"inline_featured_image":false},"product_brand":[],"product_cat":[887,1946],"product_tag":[1781],"class_list":{"0":"post-104828","1":"product","2":"type-product","3":"status-publish","4":"has-post-thumbnail","6":"product_cat-accessoires","7":"product_cat-organisations-lumiere-bleue-securite","8":"product_tag-police-securite","10":"first","11":"instock","12":"taxable","13":"shipping-taxable","14":"purchasable","15":"product-type-simple"},"_links":{"self":[{"href":"https:\/\/metal-badge.ch\/fr\/wp-json\/wp\/v2\/product\/104828","targetHints":{"allow":["GET"]}}],"collection":[{"href":"https:\/\/metal-badge.ch\/fr\/wp-json\/wp\/v2\/product"}],"about":[{"href":"https:\/\/metal-badge.ch\/fr\/wp-json\/wp\/v2\/types\/product"}],"replies":[{"embeddable":true,"href":"https:\/\/metal-badge.ch\/fr\/wp-json\/wp\/v2\/comments?post=104828"}],"wp:featuredmedia":[{"embeddable":true,"href":"https:\/\/metal-badge.ch\/fr\/wp-json\/wp\/v2\/media\/104821"}],"wp:attachment":[{"href":"https:\/\/metal-badge.ch\/fr\/wp-json\/wp\/v2\/media?parent=104828"}],"wp:term":[{"taxonomy":"product_brand","embeddable":true,"href":"https:\/\/metal-badge.ch\/fr\/wp-json\/wp\/v2\/product_brand?post=104828"},{"taxonomy":"product_cat","embeddable":true,"href":"https:\/\/metal-badge.ch\/fr\/wp-json\/wp\/v2\/product_cat?post=104828"},{"taxonomy":"product_tag","embeddable":true,"href":"https:\/\/metal-badge.ch\/fr\/wp-json\/wp\/v2\/product_tag?post=104828"}],"curies":[{"name":"wp","href":"https:\/\/api.w.org\/{rel}","templated":true}]}}