{"id":104800,"date":"2021-05-20T17:44:04","date_gmt":"2021-05-20T15:44:04","guid":{"rendered":"https:\/\/shop.metal-badge.ch\/product\/104800\/etui-en-nylon-noir-pour-couteaux-de-poche\/"},"modified":"2021-05-20T17:44:04","modified_gmt":"2021-05-20T15:44:04","slug":"etui-en-nylon-noir-pour-couteaux-de-poche","status":"publish","type":"product","link":"https:\/\/metal-badge.ch\/fr\/product\/104800\/etui-en-nylon-noir-pour-couteaux-de-poche\/","title":{"rendered":"\u00c9tui en nylon noir pour couteaux de poche"},"content":{"rendered":"<p><span style=\"font-weight: 400;\">\u00c9tui en nylon dur pr\u00e9form\u00e9 pour couteaux de poche en noir.<\/span><\/p>\n<p><span style=\"font-weight: 400;\">L&rsquo;\u00e9tui est muni d&rsquo;un passant de ceinture et peut \u00eatre ferm\u00e9 par une solide fermeture velcro.<\/span><\/p>\n<ul>\n<li><span style=\"font-weight: 400;\">Poids : 30 g&nbsp;<\/span><\/li>\n<li><span style=\"font-weight: 400;\">Couleur : noir<\/span><\/li>\n<li><span style=\"font-weight: 400;\">Mati\u00e8re&nbsp;: Coque rigide en nylon<\/span><\/li>\n<li><span style=\"font-weight: 400;\">Dimensions : hauteur 12 cm \/ largeur 3,3 cm \/ profondeur 2 cm<\/span><\/li>\n<li><span style=\"font-weight: 400;\">Passant de ceinture 6 cm<\/span><\/li>\n<\/ul>\n","protected":false},"excerpt":{"rendered":"<p><span style=\"font-weight: 400;\">\u00c9tui en nylon dur pr\u00e9form\u00e9 pour couteaux de poche en noir.<\/span><\/p>\n<p><span style=\"font-weight: 400;\">L&rsquo;\u00e9tui est muni d&rsquo;un passant de ceinture et peut \u00eatre ferm\u00e9 par une solide fermeture velcro.<\/span><\/p>\n","protected":false},"featured_media":104793,"comment_status":"closed","ping_status":"closed","template":"","meta":{"inline_featured_image":false},"product_brand":[],"product_cat":[887,1035],"product_tag":[],"class_list":{"0":"post-104800","1":"product","2":"type-product","3":"status-publish","4":"has-post-thumbnail","6":"product_cat-accessoires","7":"product_cat-couteaux-machettes","9":"first","10":"instock","11":"taxable","12":"shipping-taxable","13":"purchasable","14":"product-type-simple"},"_links":{"self":[{"href":"https:\/\/metal-badge.ch\/fr\/wp-json\/wp\/v2\/product\/104800","targetHints":{"allow":["GET"]}}],"collection":[{"href":"https:\/\/metal-badge.ch\/fr\/wp-json\/wp\/v2\/product"}],"about":[{"href":"https:\/\/metal-badge.ch\/fr\/wp-json\/wp\/v2\/types\/product"}],"replies":[{"embeddable":true,"href":"https:\/\/metal-badge.ch\/fr\/wp-json\/wp\/v2\/comments?post=104800"}],"wp:featuredmedia":[{"embeddable":true,"href":"https:\/\/metal-badge.ch\/fr\/wp-json\/wp\/v2\/media\/104793"}],"wp:attachment":[{"href":"https:\/\/metal-badge.ch\/fr\/wp-json\/wp\/v2\/media?parent=104800"}],"wp:term":[{"taxonomy":"product_brand","embeddable":true,"href":"https:\/\/metal-badge.ch\/fr\/wp-json\/wp\/v2\/product_brand?post=104800"},{"taxonomy":"product_cat","embeddable":true,"href":"https:\/\/metal-badge.ch\/fr\/wp-json\/wp\/v2\/product_cat?post=104800"},{"taxonomy":"product_tag","embeddable":true,"href":"https:\/\/metal-badge.ch\/fr\/wp-json\/wp\/v2\/product_tag?post=104800"}],"curies":[{"name":"wp","href":"https:\/\/api.w.org\/{rel}","templated":true}]}}