{"id":104787,"date":"2021-05-20T17:27:48","date_gmt":"2021-05-20T15:27:48","guid":{"rendered":"https:\/\/shop.metal-badge.ch\/product\/104787\/couteau-de-chasse-de-jl\/"},"modified":"2021-05-20T17:27:48","modified_gmt":"2021-05-20T15:27:48","slug":"couteau-de-chasse-de-jl","status":"publish","type":"product","link":"https:\/\/metal-badge.ch\/fr\/product\/104787\/couteau-de-chasse-de-jl\/","title":{"rendered":"Couteau de chasse de JL"},"content":{"rendered":"<p><span style=\"font-weight: 400;\">Couteau \u00e0 lame fixe id\u00e9al pour l&rsquo;utilisation en ext\u00e9rieur, par exemple pour la chasse, la p\u00eache ou le camping. Livr\u00e9 avec une gaine en nylon avec passant de ceinture.<\/span><\/p>\n<p><b>Informations du produit :<\/b><\/p>\n<ul>\n<li><span style=\"font-weight: 400;\">Marque : JL <\/span><\/li>\n<li><span style=\"font-weight: 400;\">Type&nbsp;: Couteau \u00e0 lame fixe<\/span><\/li>\n<li><span style=\"font-weight: 400;\">Couleur de la poign\u00e9e : noir&nbsp;&nbsp;<\/span><\/li>\n<li><span style=\"font-weight: 400;\">Mat\u00e9riel de la poign\u00e9e : plastique \/ fibres de verre<\/span><\/li>\n<li><span style=\"font-weight: 400;\">Couleur de la lame : argent\u00e9 \/ noir&nbsp;<\/span><\/li>\n<li><span style=\"font-weight: 400;\">Longueur totale&nbsp;: 30 cm<\/span><span style=\"font-weight: 400;\"><br \/>\n<\/span><\/li>\n<li><span style=\"font-weight: 400;\">Longueur de la poign\u00e9e : 14 cm<\/span><span style=\"font-weight: 400;\"><br \/>\n<\/span><\/li>\n<li><span style=\"font-weight: 400;\">\u00c9paisseur de la poign\u00e9e : 2,0 cm<\/span><span style=\"font-weight: 400;\"><br \/>\n<\/span><\/li>\n<li><span style=\"font-weight: 400;\">Longueur de la lame : 16 cm <\/span><span style=\"font-weight: 400;\"><br \/>\n<\/span><\/li>\n<li><span style=\"font-weight: 400;\">\u00c9paisseur de la lame : 5,0 mm<\/span><span style=\"font-weight: 400;\"><br \/>\n<\/span><\/li>\n<li><span style=\"font-weight: 400;\">Largeur de la lame : 4,0 cm<\/span><span style=\"font-weight: 400;\"><br \/>\n<\/span><\/li>\n<li><span style=\"font-weight: 400;\">Poids : 340 g<\/span><\/li>\n<li><span style=\"font-weight: 400;\">Lame : acier inoxydable&nbsp;<\/span><\/li>\n<li><span style=\"font-weight: 400;\">Duret\u00e9 de la lame : 58-60 HRC<\/span><\/li>\n<li><span style=\"font-weight: 400;\">Le prix comprend la gaine en nylon<\/span><\/li>\n<\/ul>\n","protected":false},"excerpt":{"rendered":"<p><span style=\"font-weight: 400;\">Couteau \u00e0 lame fixe id\u00e9al pour l&rsquo;utilisation en ext\u00e9rieur, par exemple pour la chasse, la p\u00eache ou le camping. Livr\u00e9 avec une gaine en nylon avec passant de ceinture.<\/span><\/p>\n","protected":false},"featured_media":104768,"comment_status":"closed","ping_status":"closed","template":"","meta":{"inline_featured_image":false},"product_brand":[],"product_cat":[1035],"product_tag":[1773],"class_list":{"0":"post-104787","1":"product","2":"type-product","3":"status-publish","4":"has-post-thumbnail","6":"product_cat-couteaux-machettes","7":"product_tag-chasse-peche","9":"first","10":"instock","11":"taxable","12":"shipping-taxable","13":"purchasable","14":"product-type-simple"},"_links":{"self":[{"href":"https:\/\/metal-badge.ch\/fr\/wp-json\/wp\/v2\/product\/104787","targetHints":{"allow":["GET"]}}],"collection":[{"href":"https:\/\/metal-badge.ch\/fr\/wp-json\/wp\/v2\/product"}],"about":[{"href":"https:\/\/metal-badge.ch\/fr\/wp-json\/wp\/v2\/types\/product"}],"replies":[{"embeddable":true,"href":"https:\/\/metal-badge.ch\/fr\/wp-json\/wp\/v2\/comments?post=104787"}],"wp:featuredmedia":[{"embeddable":true,"href":"https:\/\/metal-badge.ch\/fr\/wp-json\/wp\/v2\/media\/104768"}],"wp:attachment":[{"href":"https:\/\/metal-badge.ch\/fr\/wp-json\/wp\/v2\/media?parent=104787"}],"wp:term":[{"taxonomy":"product_brand","embeddable":true,"href":"https:\/\/metal-badge.ch\/fr\/wp-json\/wp\/v2\/product_brand?post=104787"},{"taxonomy":"product_cat","embeddable":true,"href":"https:\/\/metal-badge.ch\/fr\/wp-json\/wp\/v2\/product_cat?post=104787"},{"taxonomy":"product_tag","embeddable":true,"href":"https:\/\/metal-badge.ch\/fr\/wp-json\/wp\/v2\/product_tag?post=104787"}],"curies":[{"name":"wp","href":"https:\/\/api.w.org\/{rel}","templated":true}]}}