{"id":104762,"date":"2021-05-20T16:58:27","date_gmt":"2021-05-20T14:58:27","guid":{"rendered":"https:\/\/shop.metal-badge.ch\/product\/104762\/couteau-de-poche-survie-de-gerber\/"},"modified":"2021-05-20T16:58:27","modified_gmt":"2021-05-20T14:58:27","slug":"couteau-de-poche-survie-de-gerber","status":"publish","type":"product","link":"https:\/\/metal-badge.ch\/fr\/product\/104762\/couteau-de-poche-survie-de-gerber\/","title":{"rendered":"Couteau de poche survie de Gerber"},"content":{"rendered":"<p><span style=\"font-weight: 400;\">Ce couteau de poche de haute qualit\u00e9 de Gerber est parfait pour les p\u00eacheurs, les chasseurs, le camping, les voyages, la survie, avec un manche noir en ABS caoutchout\u00e9 \u00e0 excellente tenue. Le verrouillage Frame Lock peut \u00eatre d\u00e9bloqu\u00e9 en appuyant sur la partie inf\u00e9rieure du manche et en repliant la lame. Ce couteau est livr\u00e9 avec une jolie pochette en nylon avec passant de ceinture.&nbsp;<\/span><\/p>\n<p><b>Informations du produit :<\/b><\/p>\n<ul>\n<li><span style=\"font-weight: 400;\">Marque : Gerber<\/span><span style=\"font-weight: 400;\"><br \/>\n<\/span><\/li>\n<li><span style=\"font-weight: 400;\">Type : Couteau pliable<\/span><span style=\"font-weight: 400;\"><br \/>\n<\/span><\/li>\n<li><span style=\"font-weight: 400;\">Couleur : Manche : noir<\/span><\/li>\n<li><span style=\"font-weight: 400;\">Couleur : Lame argent\u00e9e<\/span><span style=\"font-weight: 400;\"><br \/>\n<\/span><\/li>\n<li><span style=\"font-weight: 400;\">Longueur totale 20,5 cm<\/span><span style=\"font-weight: 400;\"><br \/>\n<\/span><\/li>\n<li><span style=\"font-weight: 400;\">Longueur de la poign\u00e9e : 10,5 cm<\/span><span style=\"font-weight: 400;\"><br \/>\n<\/span><\/li>\n<li><span style=\"font-weight: 400;\">\u00c9paisseur de la poign\u00e9e : 2,0 cm<\/span><span style=\"font-weight: 400;\"><br \/>\n<\/span><\/li>\n<li><span style=\"font-weight: 400;\">Longueur de la lame : 9,0 cm <\/span><span style=\"font-weight: 400;\"><br \/>\n<\/span><\/li>\n<li><span style=\"font-weight: 400;\">\u00c9paisseur de la lame : 0,34 cm<\/span><span style=\"font-weight: 400;\"><br \/>\n<\/span><\/li>\n<li><span style=\"font-weight: 400;\">\u00c9paisseur de la lame&nbsp;: 58 HRC<\/span><span style=\"font-weight: 400;\"><br \/>\n<\/span><\/li>\n<li><span style=\"font-weight: 400;\">Largeur de la lame : 3,0 cm<\/span><span style=\"font-weight: 400;\"><br \/>\n<\/span><\/li>\n<li><span style=\"font-weight: 400;\">Poids : 186 g<\/span><\/li>\n<li><span style=\"font-weight: 400;\">Mat\u00e9riel de la poign\u00e9e : L&rsquo;ABS caoutchout\u00e9 tient parfaitement dans la main&nbsp;<\/span><span style=\"font-weight: 400;\">Mati\u00e8re de la lame : <\/span><span style=\"font-weight: 400;\">Titane<\/span><span style=\"font-weight: 400;\"><br \/>\n<\/span><\/li>\n<li><span style=\"font-weight: 400;\">Lame: acier inoxydable 5Cr13<\/span><span style=\"font-weight: 400;\"><br \/>\n<\/span><\/li>\n<li><span style=\"font-weight: 400;\">Arr\u00eat : Frame lock&nbsp; <\/span><\/li>\n<\/ul>\n","protected":false},"excerpt":{"rendered":"<p><span style=\"font-weight: 400;\">Ce couteau de poche de haute qualit\u00e9 de Gerber est parfait pour les p\u00eacheurs, les chasseurs, le camping, les voyages, la survie, avec un manche noir en ABS caoutchout\u00e9 \u00e0 excellente tenue. Le verrouillage Frame Lock peut \u00eatre d\u00e9bloqu\u00e9 en appuyant sur la partie inf\u00e9rieure du manche et en repliant la lame. Ce couteau est livr\u00e9 avec une jolie pochette en nylon avec passant de ceinture.&nbsp;<\/span><\/p>\n","protected":false},"featured_media":104731,"comment_status":"closed","ping_status":"closed","template":"","meta":{"inline_featured_image":false},"product_brand":[],"product_cat":[1035],"product_tag":[1773],"class_list":{"0":"post-104762","1":"product","2":"type-product","3":"status-publish","4":"has-post-thumbnail","6":"product_cat-couteaux-machettes","7":"product_tag-chasse-peche","9":"first","10":"instock","11":"taxable","12":"shipping-taxable","13":"purchasable","14":"product-type-simple"},"_links":{"self":[{"href":"https:\/\/metal-badge.ch\/fr\/wp-json\/wp\/v2\/product\/104762","targetHints":{"allow":["GET"]}}],"collection":[{"href":"https:\/\/metal-badge.ch\/fr\/wp-json\/wp\/v2\/product"}],"about":[{"href":"https:\/\/metal-badge.ch\/fr\/wp-json\/wp\/v2\/types\/product"}],"replies":[{"embeddable":true,"href":"https:\/\/metal-badge.ch\/fr\/wp-json\/wp\/v2\/comments?post=104762"}],"wp:featuredmedia":[{"embeddable":true,"href":"https:\/\/metal-badge.ch\/fr\/wp-json\/wp\/v2\/media\/104731"}],"wp:attachment":[{"href":"https:\/\/metal-badge.ch\/fr\/wp-json\/wp\/v2\/media?parent=104762"}],"wp:term":[{"taxonomy":"product_brand","embeddable":true,"href":"https:\/\/metal-badge.ch\/fr\/wp-json\/wp\/v2\/product_brand?post=104762"},{"taxonomy":"product_cat","embeddable":true,"href":"https:\/\/metal-badge.ch\/fr\/wp-json\/wp\/v2\/product_cat?post=104762"},{"taxonomy":"product_tag","embeddable":true,"href":"https:\/\/metal-badge.ch\/fr\/wp-json\/wp\/v2\/product_tag?post=104762"}],"curies":[{"name":"wp","href":"https:\/\/api.w.org\/{rel}","templated":true}]}}