{"id":104612,"date":"2021-05-12T07:31:59","date_gmt":"2021-05-12T05:31:59","guid":{"rendered":"https:\/\/shop.metal-badge.ch\/product\/104612\/the-labels-have-a-velcro-fastener-at-the-back-the-lettering-is-reflecting-black-white-the-following-plates-are-available-immediately\/"},"modified":"2021-05-12T07:45:56","modified_gmt":"2021-05-12T05:45:56","slug":"ordnungsdienst-etiquette-de-marquage","status":"publish","type":"product","link":"https:\/\/metal-badge.ch\/fr\/product\/104612\/ordnungsdienst-etiquette-de-marquage\/","title":{"rendered":"ORDNUNGSDIENST Etiquette de marquage"},"content":{"rendered":"<p><b>\u00c9tiquette de marquage pour v\u00eatements avec velcro \u00e0 l&rsquo;arri\u00e8re.<\/b><\/p>\n<p><span style=\"font-weight: 400;\">L&rsquo;\u00e9tiquette est pourvue d&rsquo;un velcro \u00e0 l&rsquo;arri\u00e8re. L&rsquo;\u00e9tiquette est r\u00e9fl\u00e9chissante en noir \/ blanc. Les \u00e9tiquetes suivantes peuvent \u00eatre livr\u00e9es d\u00e8s maintenant.<\/span><span style=\"font-weight: 400;\"><br \/>\n<\/span><span style=\"font-weight: 400;\"><br \/>\n<\/span><span style=\"font-weight: 400;\">Taille de l&rsquo;\u00e9tiquette : grande : 10 cm x 30 cm \/ petite : 4 cm x 12 cm<\/span><span style=\"font-weight: 400;\"><br \/>\n<\/span><span style=\"font-weight: 400;\">Couleur :&nbsp; noir \/ blanc&nbsp;<\/span><\/p>\n<p><span style=\"font-weight: 400;\">Contactez-nous pour des inscriptions sur demande.<\/span><\/p>\n","protected":false},"excerpt":{"rendered":"<p><span style=\"font-weight: 400;\">L&rsquo;\u00e9tiquette est pourvue d&rsquo;un velcro \u00e0 l&rsquo;arri\u00e8re. L&rsquo;\u00e9tiquette est r\u00e9fl\u00e9chissante en noir \/ blanc. Les \u00e9tiquetes suivantes peuvent \u00eatre livr\u00e9es d\u00e8s maintenant.<\/span><\/p>\n","protected":false},"featured_media":104605,"comment_status":"closed","ping_status":"closed","template":"","meta":{"inline_featured_image":false},"product_brand":[],"product_cat":[2182,1666],"product_tag":[],"class_list":{"0":"post-104612","1":"product","2":"type-product","3":"status-publish","4":"has-post-thumbnail","6":"product_cat-etiquette-de-marquage","7":"product_cat-signes-etiquettes-velcro","9":"first","10":"instock","11":"taxable","12":"shipping-taxable","13":"purchasable","14":"product-type-simple"},"_links":{"self":[{"href":"https:\/\/metal-badge.ch\/fr\/wp-json\/wp\/v2\/product\/104612","targetHints":{"allow":["GET"]}}],"collection":[{"href":"https:\/\/metal-badge.ch\/fr\/wp-json\/wp\/v2\/product"}],"about":[{"href":"https:\/\/metal-badge.ch\/fr\/wp-json\/wp\/v2\/types\/product"}],"replies":[{"embeddable":true,"href":"https:\/\/metal-badge.ch\/fr\/wp-json\/wp\/v2\/comments?post=104612"}],"wp:featuredmedia":[{"embeddable":true,"href":"https:\/\/metal-badge.ch\/fr\/wp-json\/wp\/v2\/media\/104605"}],"wp:attachment":[{"href":"https:\/\/metal-badge.ch\/fr\/wp-json\/wp\/v2\/media?parent=104612"}],"wp:term":[{"taxonomy":"product_brand","embeddable":true,"href":"https:\/\/metal-badge.ch\/fr\/wp-json\/wp\/v2\/product_brand?post=104612"},{"taxonomy":"product_cat","embeddable":true,"href":"https:\/\/metal-badge.ch\/fr\/wp-json\/wp\/v2\/product_cat?post=104612"},{"taxonomy":"product_tag","embeddable":true,"href":"https:\/\/metal-badge.ch\/fr\/wp-json\/wp\/v2\/product_tag?post=104612"}],"curies":[{"name":"wp","href":"https:\/\/api.w.org\/{rel}","templated":true}]}}