{"id":104500,"date":"2021-05-11T08:02:04","date_gmt":"2021-05-11T06:02:04","guid":{"rendered":"https:\/\/shop.metal-badge.ch\/product\/104500\/einsatzleitung-etiquette-de-marquage\/"},"modified":"2025-07-24T17:50:27","modified_gmt":"2025-07-24T15:50:27","slug":"einsatzleitung-etiquette-de-marquage","status":"publish","type":"product","link":"https:\/\/metal-badge.ch\/fr\/product\/104500\/einsatzleitung-etiquette-de-marquage\/","title":{"rendered":"EINSATZLEITUNG Etiquette de marquage"},"content":{"rendered":"<p><b>\u00c9tiquette de marquage pour v\u00eatements avec velcro \u00e0 l&rsquo;arri\u00e8re.<\/b><\/p>\n<p><span style=\"font-weight: 400;\">L&rsquo;\u00e9tiquette est pourvue d&rsquo;un velcro \u00e0 l&rsquo;arri\u00e8re. L&rsquo;\u00e9tiquette est r\u00e9fl\u00e9chissante en noir \/ blanc. Les \u00e9tiquetes suivantes peuvent \u00eatre livr\u00e9es d\u00e8s maintenant.<\/span><span style=\"font-weight: 400;\"><br \/>\n<\/span><span style=\"font-weight: 400;\"><br \/>\n<\/span><span style=\"font-weight: 400;\">Taille de l&rsquo;\u00e9tiquette : grande : 10 cm x 30 cm \/ petite : 4 cm x 12 cm<\/span><span style=\"font-weight: 400;\"><br \/>\n<\/span><span style=\"font-weight: 400;\">Couleur : Noir \/ blanc<\/span><\/p>\n<p><span style=\"font-weight: 400;\">Contactez-nous pour des inscriptions sur demande.<\/span><\/p>\n","protected":false},"excerpt":{"rendered":"<p><span style=\"font-weight: 400;\">L&rsquo;\u00e9tiquette est pourvue d&rsquo;un velcro \u00e0 l&rsquo;arri\u00e8re. L&rsquo;\u00e9tiquette est r\u00e9fl\u00e9chissante en noir \/ blanc. Les \u00e9tiquetes suivantes peuvent \u00eatre livr\u00e9es d\u00e8s maintenant.<\/span><\/p>\n","protected":false},"featured_media":104493,"comment_status":"closed","ping_status":"closed","template":"","meta":{"inline_featured_image":false},"product_brand":[],"product_cat":[2182,1666],"product_tag":[],"class_list":{"0":"post-104500","1":"product","2":"type-product","3":"status-publish","4":"has-post-thumbnail","6":"product_cat-etiquette-de-marquage","7":"product_cat-signes-etiquettes-velcro","9":"first","10":"instock","11":"taxable","12":"shipping-taxable","13":"purchasable","14":"product-type-simple"},"_links":{"self":[{"href":"https:\/\/metal-badge.ch\/fr\/wp-json\/wp\/v2\/product\/104500","targetHints":{"allow":["GET"]}}],"collection":[{"href":"https:\/\/metal-badge.ch\/fr\/wp-json\/wp\/v2\/product"}],"about":[{"href":"https:\/\/metal-badge.ch\/fr\/wp-json\/wp\/v2\/types\/product"}],"replies":[{"embeddable":true,"href":"https:\/\/metal-badge.ch\/fr\/wp-json\/wp\/v2\/comments?post=104500"}],"wp:featuredmedia":[{"embeddable":true,"href":"https:\/\/metal-badge.ch\/fr\/wp-json\/wp\/v2\/media\/104493"}],"wp:attachment":[{"href":"https:\/\/metal-badge.ch\/fr\/wp-json\/wp\/v2\/media?parent=104500"}],"wp:term":[{"taxonomy":"product_brand","embeddable":true,"href":"https:\/\/metal-badge.ch\/fr\/wp-json\/wp\/v2\/product_brand?post=104500"},{"taxonomy":"product_cat","embeddable":true,"href":"https:\/\/metal-badge.ch\/fr\/wp-json\/wp\/v2\/product_cat?post=104500"},{"taxonomy":"product_tag","embeddable":true,"href":"https:\/\/metal-badge.ch\/fr\/wp-json\/wp\/v2\/product_tag?post=104500"}],"curies":[{"name":"wp","href":"https:\/\/api.w.org\/{rel}","templated":true}]}}