{"id":104335,"date":"2021-05-06T10:34:42","date_gmt":"2021-05-06T12:46:02","guid":{"rendered":"https:\/\/shop.metal-badge.ch\/?post_type=product&#038;p=104335"},"modified":"2021-05-06T15:12:38","modified_gmt":"2021-05-06T13:12:38","slug":"carte-cadeau-electronique","status":"publish","type":"product","link":"https:\/\/metal-badge.ch\/fr\/product\/104335\/carte-cadeau-electronique\/","title":{"rendered":"Carte cadeau \u00e9lectronique"},"content":{"rendered":"<p>Vous \u00eates \u00e0 la recherche d&rsquo;un cadeau appropri\u00e9 ? Alors notre carte cadeau \u00e9lectronique est faite pour vous ! Le destinataire recevra un courriel avec la carte-cadeau \u00e9lectronique que vous avez s\u00e9lectionn\u00e9e et vous recevrez une confirmation.<\/p>\n<p>Vous pr\u00e9f\u00e9rez une carte cadeau physique au format carte de cr\u00e9dit pour faire vos achats dans notre showroom ? Dans ce cas, c&rsquo;est notre <a href=\"https:\/\/metal-badge.ch\/product\/103577\/geschenkkarte-50-chf\/\">carte cadeau de 50 CHF<\/a> qu&rsquo;il vous faut !<\/p>\n","protected":false},"excerpt":{"rendered":"<p>D\u00e9finissez le montant de la carte cadeau \u00e9lectronique, indiquez le destinataire de la carte cadeau (v\u00e9rifiez que l&rsquo;adresse \u00e9lectronique est exacte) et ajoutez \u00e9ventuellement un message.<\/p>\n<p>Le destinataire recevra la carte cadeau \u00e9lectronique pour notre boutique en ligne par e-mail et vous recevrez un e-mail de confirmation de notre part.<\/p>\n","protected":false},"featured_media":104354,"comment_status":"closed","ping_status":"closed","template":"","meta":{"inline_featured_image":false},"product_brand":[],"product_cat":[1489,2212,1493],"product_tag":[1890,2204],"class_list":{"0":"post-104335","1":"product","2":"type-product","3":"status-publish","4":"has-post-thumbnail","6":"product_cat-metal-badge-fr","7":"product_cat-cadeaux-adequates","8":"product_cat-security-factory-fr","9":"product_tag-cadeaux","10":"product_tag-cadeaux-adequates","12":"first","13":"instock","14":"virtual","15":"sold-individually","16":"product-type-simple"},"_links":{"self":[{"href":"https:\/\/metal-badge.ch\/fr\/wp-json\/wp\/v2\/product\/104335","targetHints":{"allow":["GET"]}}],"collection":[{"href":"https:\/\/metal-badge.ch\/fr\/wp-json\/wp\/v2\/product"}],"about":[{"href":"https:\/\/metal-badge.ch\/fr\/wp-json\/wp\/v2\/types\/product"}],"replies":[{"embeddable":true,"href":"https:\/\/metal-badge.ch\/fr\/wp-json\/wp\/v2\/comments?post=104335"}],"wp:featuredmedia":[{"embeddable":true,"href":"https:\/\/metal-badge.ch\/fr\/wp-json\/wp\/v2\/media\/104354"}],"wp:attachment":[{"href":"https:\/\/metal-badge.ch\/fr\/wp-json\/wp\/v2\/media?parent=104335"}],"wp:term":[{"taxonomy":"product_brand","embeddable":true,"href":"https:\/\/metal-badge.ch\/fr\/wp-json\/wp\/v2\/product_brand?post=104335"},{"taxonomy":"product_cat","embeddable":true,"href":"https:\/\/metal-badge.ch\/fr\/wp-json\/wp\/v2\/product_cat?post=104335"},{"taxonomy":"product_tag","embeddable":true,"href":"https:\/\/metal-badge.ch\/fr\/wp-json\/wp\/v2\/product_tag?post=104335"}],"curies":[{"name":"wp","href":"https:\/\/api.w.org\/{rel}","templated":true}]}}