{"id":104212,"date":"2021-05-05T07:31:33","date_gmt":"2021-05-05T05:31:33","guid":{"rendered":"https:\/\/shop.metal-badge.ch\/?post_type=product&#038;p=104212"},"modified":"2021-09-25T04:00:47","modified_gmt":"2021-09-25T02:00:47","slug":"veste-police-noire-capuche-en-polyester-avec-fermeture-eclair","status":"publish","type":"product","link":"https:\/\/metal-badge.ch\/fr\/product\/104212\/veste-police-noire-capuche-en-polyester-avec-fermeture-eclair\/","title":{"rendered":"Veste POLICE noire, capuche en polyester avec fermeture \u00e9clair"},"content":{"rendered":"<p><span style=\"font-weight: 400;\">La veste noire en polyester impressionne par sa coupe moderne. Avec sa capuche \u00e0 fermeture \u00e9clair, c&rsquo;est un v\u00eatement indispensable pour tous les employ\u00e9s du secteur de la police et de la s\u00e9curit\u00e9. L&rsquo;inscription r\u00e9fl\u00e9chissante facilement lisible sur le dos et la poitrine vous rend tr\u00e8s visible de jour comme de nuit. La veste est en outre \u00e9quip\u00e9e de bandes r\u00e9fl\u00e9chissantes des deux c\u00f4t\u00e9s des manches. Le tissu imperm\u00e9able en nylon\/polyester vous garde agr\u00e9ablement au chaud m\u00eame par temps froid. La capuche peut \u00eatre retir\u00e9e \u00e0 l&rsquo;aide d&rsquo;une fermeture \u00e9clair. \u00c0 l&rsquo;ext\u00e9rieur, la veste est \u00e9quip\u00e9e de deux grandes poches lat\u00e9rales \u00e0 fermeture \u00e9clair. De plus, il y a deux grandes poches de poitrine \u00e0 l&rsquo;ext\u00e9rieur, ainsi qu&rsquo;une poche \u00e0 tirette avec une fermeture \u00e9clair \u00e9tanche. La fermeture \u00e9clair frontale YKK est commod\u00e9ment recouverte d&rsquo;une bande velcro. Un rabat rond en velcro de 7,5 cm de diam\u00e8tre est cousu sur le bras droit et permet la fixation de diff\u00e9rents patchs. L&rsquo;int\u00e9rieur de la veste est \u00e9quip\u00e9 d&rsquo;une doublure matelass\u00e9e et d&rsquo;une grande poche \u00e0 velcro.&nbsp;<\/span><\/p>\n<p><b>Informations du produit<\/b><\/p>\n<ul>\n<li><span style=\"font-weight: 400;\">Couleur : noir<\/span><\/li>\n<li><span style=\"font-weight: 400;\">Mati\u00e8re&nbsp;: Polyester \/ Nylon&nbsp;<\/span><\/li>\n<li><span style=\"font-weight: 400;\">Doublure matelass\u00e9e<\/span><\/li>\n<li><span style=\"font-weight: 400;\">Capuche d\u00e9tachable &nbsp;<\/span><\/li>\n<li><span style=\"font-weight: 400;\">Fermeture \u00e9clair sur l&rsquo;avant : dissimul\u00e9e par une bande velcro<\/span><\/li>\n<li><span style=\"font-weight: 400;\">Fermeture \u00e9clair avant YKK<\/span><\/li>\n<li><span style=\"font-weight: 400;\">Deux grandes poches \u00e0 fermeture \u00e9clair sur les c\u00f4t\u00e9s&nbsp;<\/span><\/li>\n<li><span style=\"font-weight: 400;\">Deux grandes poches sur la poitrine avec fermeture velcro<\/span><\/li>\n<li><span style=\"font-weight: 400;\">Poche poitrine avec fermeture \u00e9clair imperm\u00e9able&nbsp;&nbsp;<\/span><\/li>\n<li><span style=\"font-weight: 400;\">Patch pelucheux sur le haut du bras droit de 7,5 cm de diam\u00e8tre pour fixer les patchs avec velcro<\/span><\/li>\n<li><span style=\"font-weight: 400;\">Bandes r\u00e9fl\u00e9chissantes sur les deux c\u00f4t\u00e9s des manches<\/span><\/li>\n<li><span style=\"font-weight: 400;\">Inscription r\u00e9fl\u00e9chissante au recto et au verso<\/span><\/li>\n<li><span style=\"font-weight: 400;\">Poche int\u00e9rieure avec fermeture velcro<\/span><\/li>\n<li><span style=\"font-weight: 400;\">Poignets \u00e9lastiques avec velcro pour l&rsquo;ajustement<\/span><\/li>\n<li><span style=\"font-weight: 400;\">Ceinture \u00e9lastique&nbsp;<\/span><\/li>\n<li><span style=\"font-weight: 400;\">Col droit pliable 8 cm&nbsp;&nbsp;<\/span><\/li>\n<li><span style=\"font-weight: 400;\">Choix d&rsquo;inscriptions : POLICE, POLIZEI, POLIZIA<\/span><\/li>\n<li><span style=\"font-weight: 400;\">Tailles : S, M, L, XL&nbsp;<\/span><\/li>\n<li><span style=\"font-weight: 400;\">Poids : 220 GSM <\/span><\/li>\n<\/ul>\n","protected":false},"excerpt":{"rendered":"<p><span style=\"font-weight: 400;\">La veste noire en polyester impressionne par sa coupe moderne. Avec sa capuche \u00e0 fermeture \u00e9clair, c&rsquo;est un v\u00eatement indispensable pour tous les employ\u00e9s du secteur de la police et de la s\u00e9curit\u00e9. L&rsquo;inscription r\u00e9fl\u00e9chissante facilement lisible sur le dos et la poitrine vous rend tr\u00e8s visible de jour comme de nuit.<\/span><\/p>\n","protected":false},"featured_media":104216,"comment_status":"closed","ping_status":"closed","template":"","meta":{"inline_featured_image":false},"product_brand":[],"product_cat":[1602,1634],"product_tag":[],"class_list":{"0":"post-104212","1":"product","2":"type-product","3":"status-publish","4":"has-post-thumbnail","6":"product_cat-vestes-en-softshell-pantalons-et-vetements-haute-visibilite","7":"product_cat-vestes-and-vetements-tactiques-couleurs-de-camouflage","9":"first","10":"instock","11":"taxable","12":"shipping-taxable","13":"purchasable","14":"product-type-simple"},"_links":{"self":[{"href":"https:\/\/metal-badge.ch\/fr\/wp-json\/wp\/v2\/product\/104212","targetHints":{"allow":["GET"]}}],"collection":[{"href":"https:\/\/metal-badge.ch\/fr\/wp-json\/wp\/v2\/product"}],"about":[{"href":"https:\/\/metal-badge.ch\/fr\/wp-json\/wp\/v2\/types\/product"}],"replies":[{"embeddable":true,"href":"https:\/\/metal-badge.ch\/fr\/wp-json\/wp\/v2\/comments?post=104212"}],"wp:featuredmedia":[{"embeddable":true,"href":"https:\/\/metal-badge.ch\/fr\/wp-json\/wp\/v2\/media\/104216"}],"wp:attachment":[{"href":"https:\/\/metal-badge.ch\/fr\/wp-json\/wp\/v2\/media?parent=104212"}],"wp:term":[{"taxonomy":"product_brand","embeddable":true,"href":"https:\/\/metal-badge.ch\/fr\/wp-json\/wp\/v2\/product_brand?post=104212"},{"taxonomy":"product_cat","embeddable":true,"href":"https:\/\/metal-badge.ch\/fr\/wp-json\/wp\/v2\/product_cat?post=104212"},{"taxonomy":"product_tag","embeddable":true,"href":"https:\/\/metal-badge.ch\/fr\/wp-json\/wp\/v2\/product_tag?post=104212"}],"curies":[{"name":"wp","href":"https:\/\/api.w.org\/{rel}","templated":true}]}}