{"id":104208,"date":"2021-05-05T06:57:51","date_gmt":"2021-05-05T04:57:51","guid":{"rendered":"https:\/\/shop.metal-badge.ch\/product\/104208\/parka-avec-polaire-bleu-marine\/"},"modified":"2022-10-08T18:53:12","modified_gmt":"2022-10-08T16:53:12","slug":"parka-avec-polaire-bleu-marine","status":"publish","type":"product","link":"https:\/\/metal-badge.ch\/fr\/product\/104208\/parka-avec-polaire-bleu-marine\/","title":{"rendered":"Parka avec polaire bleu marine"},"content":{"rendered":"<p><span style=\"font-weight: 400;\">Parka \u00e9l\u00e9gante bleu marine avec polaire int\u00e9rieur amovible. La veste rembourr\u00e9e pour plus de chaleur et de confort pendant les mois froids de l&rsquo;hiver. La polaire int\u00e9rieure grise est s\u00e9parable de la veste par une fermeture \u00e9clair et peut \u00eatre port\u00e9e s\u00e9par\u00e9ment.&nbsp;<\/span><\/p>\n<p><span style=\"font-weight: 400;\">La veste en polyester est doubl\u00e9e \u00e0 l&rsquo;int\u00e9rieur d&rsquo;un tissu \u00e0 mailles respirant avec une grande poche int\u00e9rieure. La veste \u00e0 col haut qui peut \u00eatre port\u00e9e sans la doublure int\u00e9rieure offre une protection optimale contre le vent et les intemp\u00e9ries. Elle est ferm\u00e9e par une double fermeture \u00e9clair YKK et une patte de boutonnage. La parka est de coupe longue et tombe donc l\u00e9g\u00e8rement sur les hanches. La veste peut \u00eatre ajust\u00e9e \u00e0 la taille et aux hanches \u00e0 l&rsquo;aide d&rsquo;un \u00e9lastique.&nbsp;<\/span><\/p>\n<p><span style=\"font-weight: 400;\">Notre parka est \u00e9quip\u00e9e de 6 grandes poches \u00e0 fermeture \u00e9clair sur le devant pour un espace de rangement important, qui est \u00e9galement recouvert d&rsquo;une bande de protection avec fermeture \u00e0 bouton-pression.&nbsp;<\/span><\/p>\n<p><span style=\"font-weight: 400;\">3 velcro pelucheux sont fournis afin que diff\u00e9rentes \u00e9tiquettes puissent \u00eatre fix\u00e9es sur la veste. Velcro arri\u00e8re : 30 cm x 10 cm, Velcro ronde sur le bras droit d&rsquo;un diam\u00e8tre de 9,5 cm et, \u00e0 l&rsquo;avant \u00e0 droite sur la plaquette de la poitrine, velcro pour le nom de 10 cm x 2,5 cm. Nous mettons une large gamme d\u2019inscriptions velcro \u00e0 votre disposition. Contactez-nous !<\/span><\/p>\n<p><b>Informations du produit :<\/b><\/p>\n<ul>\n<li><span style=\"font-weight: 400;\">Mod\u00e8le : Parka avec polaire int\u00e9rieure<\/span><\/li>\n<li><span style=\"font-weight: 400;\">Mati\u00e8re&nbsp;: 100 % polyester&nbsp;<\/span><\/li>\n<li><span style=\"font-weight: 400;\">R\u00e9sistante au vent et aux intemp\u00e9ries&nbsp;<\/span><\/li>\n<li><span style=\"font-weight: 400;\">Polaire int\u00e9rieure amovible<\/span><\/li>\n<li><span style=\"font-weight: 400;\">Couleur : bleu marine<\/span><\/li>\n<li><span style=\"font-weight: 400;\">R\u00e9glable au moyen d&rsquo;un \u00e9lastique aux hanches et \u00e0 la taille<\/span><\/li>\n<li><span style=\"font-weight: 400;\">6 grandes poches \u00e0 fermeture \u00e9clair avec beaucoup d&rsquo;espace de rangement&nbsp;<\/span><\/li>\n<li><span style=\"font-weight: 400;\">1 grande poche int\u00e9rieure avec velcro<\/span><\/li>\n<li><span style=\"font-weight: 400;\">3 velcros pelucheux avec inscriptions<\/span><\/li>\n<li><span style=\"font-weight: 400;\">Col montant&nbsp;<\/span><\/li>\n<li><span style=\"font-weight: 400;\">Coupe et longueur : coupe longue sur les hanches<\/span><\/li>\n<li><span style=\"font-weight: 400;\">Poignets r\u00e9glables par velcro<\/span><\/li>\n<li><span style=\"font-weight: 400;\">Double fermeture \u00e0 glissi\u00e8re YKK avec boutons-pression dissimul\u00e9s<\/span><\/li>\n<li><span style=\"font-weight: 400;\">Poids : 1100 g&nbsp;<\/span><\/li>\n<li><span style=\"font-weight: 400;\">Tailles : S, M, L, XL, 2XL&nbsp;<\/span><\/li>\n<\/ul>\n<table style=\"width: 100.37621375037425%; height: 260px;\" cellspacing=\"0\" cellpadding=\"0\">\n<tbody>\n<tr>\n<td style=\"width: 34.42622950819672%;\" valign=\"top\"><b>Tableau des tailles :<\/b><\/td>\n<td style=\"width: 0.546448087431694%;\" valign=\"top\">&nbsp;<\/td>\n<td style=\"text-align: center; width: 13.387978142076504%;\" valign=\"top\"><strong>Small<\/strong><\/td>\n<td style=\"text-align: center; width: 19.398907103825135%;\" valign=\"top\"><strong>Medium<\/strong><\/td>\n<td style=\"text-align: center; width: 13.387978142076504%;\" valign=\"top\"><strong>Large<\/strong><\/td>\n<td style=\"text-align: center; width: 8.469945355191257%;\" valign=\"top\"><strong>XL<\/strong><\/td>\n<td style=\"text-align: center; width: 9.836065573770492%;\" valign=\"top\"><strong>2XL<\/strong><\/td>\n<\/tr>\n<tr>\n<td style=\"width: 34.42622950819672%;\" valign=\"top\"><strong>A:Du col \u00e0 la taille :<\/strong><\/td>\n<td style=\"width: 0.546448087431694%;\" valign=\"top\">&nbsp;<\/td>\n<td style=\"text-align: center; width: 13.387978142076504%;\" valign=\"top\">90 cm<\/td>\n<td style=\"text-align: center; width: 19.398907103825135%;\" valign=\"top\">91 cm<\/td>\n<td style=\"text-align: center; width: 13.387978142076504%;\" valign=\"top\">93 cm<\/td>\n<td style=\"text-align: center; width: 8.469945355191257%;\" valign=\"top\">94 cm<\/td>\n<td style=\"text-align: center; width: 9.836065573770492%;\" valign=\"top\">95 cm<\/td>\n<\/tr>\n<tr>\n<td style=\"width: 34.42622950819672%;\" valign=\"top\"><strong>B: D&rsquo;une aisselle \u00e0 l&rsquo;autre :<\/strong><\/td>\n<td style=\"width: 0.546448087431694%;\" valign=\"top\">&nbsp;<\/td>\n<td style=\"text-align: center; width: 13.387978142076504%;\" valign=\"top\">70 cm<\/td>\n<td style=\"text-align: center; width: 19.398907103825135%;\" valign=\"top\">72 cm<\/td>\n<td style=\"text-align: center; width: 13.387978142076504%;\" valign=\"top\">75 cm<\/td>\n<td style=\"text-align: center; width: 8.469945355191257%;\" valign=\"top\">77.5 cm<\/td>\n<td style=\"text-align: center; width: 9.836065573770492%;\" valign=\"top\">80 cm<\/td>\n<\/tr>\n<tr>\n<td style=\"width: 34.42622950819672%;\" valign=\"top\"><strong>C: Longueur des bras:<\/strong><\/td>\n<td style=\"width: 0.546448087431694%;\" valign=\"top\">&nbsp;<\/td>\n<td style=\"text-align: center; width: 13.387978142076504%;\" valign=\"top\">76 cm<\/td>\n<td style=\"text-align: center; width: 19.398907103825135%;\" valign=\"top\">78 cm<\/td>\n<td style=\"text-align: center; width: 13.387978142076504%;\" valign=\"top\">80 cm<\/td>\n<td style=\"text-align: center; width: 8.469945355191257%;\" valign=\"top\">82 cm<\/td>\n<td style=\"text-align: center; width: 9.836065573770492%;\" valign=\"top\">84 cm<\/td>\n<\/tr>\n<\/tbody>\n<\/table>\n<p>&nbsp;<\/p>\n<p>&nbsp;<\/p>\n","protected":false},"excerpt":{"rendered":"<p><span style=\"font-weight: 400;\">Parka \u00e9l\u00e9gante bleu marine avec polaire int\u00e9rieur amovible. La veste rembourr\u00e9e pour plus de chaleur et de confort pendant les mois froids de l&rsquo;hiver. La polaire int\u00e9rieure grise est s\u00e9parable de la veste par une fermeture \u00e9clair et peut \u00eatre port\u00e9e s\u00e9par\u00e9ment.&nbsp;<\/span><\/p>\n","protected":false},"featured_media":104141,"comment_status":"closed","ping_status":"closed","template":"","meta":{"inline_featured_image":false},"product_brand":[],"product_cat":[1602,1634],"product_tag":[],"class_list":{"0":"post-104208","1":"product","2":"type-product","3":"status-publish","4":"has-post-thumbnail","6":"product_cat-vestes-en-softshell-pantalons-et-vetements-haute-visibilite","7":"product_cat-vestes-and-vetements-tactiques-couleurs-de-camouflage","9":"first","10":"instock","11":"taxable","12":"shipping-taxable","13":"purchasable","14":"product-type-simple"},"_links":{"self":[{"href":"https:\/\/metal-badge.ch\/fr\/wp-json\/wp\/v2\/product\/104208","targetHints":{"allow":["GET"]}}],"collection":[{"href":"https:\/\/metal-badge.ch\/fr\/wp-json\/wp\/v2\/product"}],"about":[{"href":"https:\/\/metal-badge.ch\/fr\/wp-json\/wp\/v2\/types\/product"}],"replies":[{"embeddable":true,"href":"https:\/\/metal-badge.ch\/fr\/wp-json\/wp\/v2\/comments?post=104208"}],"wp:featuredmedia":[{"embeddable":true,"href":"https:\/\/metal-badge.ch\/fr\/wp-json\/wp\/v2\/media\/104141"}],"wp:attachment":[{"href":"https:\/\/metal-badge.ch\/fr\/wp-json\/wp\/v2\/media?parent=104208"}],"wp:term":[{"taxonomy":"product_brand","embeddable":true,"href":"https:\/\/metal-badge.ch\/fr\/wp-json\/wp\/v2\/product_brand?post=104208"},{"taxonomy":"product_cat","embeddable":true,"href":"https:\/\/metal-badge.ch\/fr\/wp-json\/wp\/v2\/product_cat?post=104208"},{"taxonomy":"product_tag","embeddable":true,"href":"https:\/\/metal-badge.ch\/fr\/wp-json\/wp\/v2\/product_tag?post=104208"}],"curies":[{"name":"wp","href":"https:\/\/api.w.org\/{rel}","templated":true}]}}