{"id":104104,"date":"2021-05-05T03:26:59","date_gmt":"2021-05-05T01:27:00","guid":{"rendered":"https:\/\/shop.metal-badge.ch\/?post_type=product&#038;p=104104"},"modified":"2021-05-05T06:53:31","modified_gmt":"2021-05-05T04:53:31","slug":"veste-fonctionnelle-softshell-noire-security","status":"publish","type":"product","link":"https:\/\/metal-badge.ch\/fr\/product\/104104\/veste-fonctionnelle-softshell-noire-security\/","title":{"rendered":"Veste fonctionnelle softshell noire \u00ab SECURITY \u00bb"},"content":{"rendered":"<p><span style=\"font-weight: 400;\">Veste softshell noire \u00e0 coupe classique et sportive avec impression&nbsp;<\/span><span style=\"font-weight: 400;\">\u00ab SECURITY \u00bb en jaune dans le dos, sur la manche droite et \u00e0 gauche sur la poitrine. <\/span><span style=\"font-weight: 400;\">Notre membrane de haute qualit\u00e9 est coupe-vent, imperm\u00e9able jusqu&rsquo;\u00e0 4 000 mm et extr\u00eamement respirante. Ainsi, notre veste en softshell vous garde bien au sec et au chaud. Les fermetures \u00e9clair sont imperm\u00e9ables et \u00e9largissent le champ d&rsquo;utilisation de cette veste fonctionnelle. La veste est \u00e9quip\u00e9e de deux g\u00e9n\u00e9reuses poches lat\u00e9rales \u00e0 fermeture \u00e9clair et d&rsquo;une poche de manche sur la gauche. Les poignets, le col et la ceinture sont en polyester souple et \u00e9lastique.&nbsp;<\/span><\/p>\n<p><b>Caract\u00e9ristiques du produit :&nbsp;<\/b><\/p>\n<ul>\n<li><span style=\"font-weight: 400;\">Couleur : noir<\/span><\/li>\n<li><span style=\"font-weight: 400;\">\u00c9tanche<\/span><\/li>\n<li><span style=\"font-weight: 400;\">Coupe-vent&nbsp;<\/span><\/li>\n<li><span style=\"font-weight: 400;\">Thermoactif<\/span><\/li>\n<li><span style=\"font-weight: 400;\">Mati\u00e8re&nbsp;: Softshell avec 94 % de polyester et 6 % d&rsquo;\u00e9lasthanne&nbsp;<\/span><\/li>\n<li><span style=\"font-weight: 400;\">Fourrure de fibres comme couche interne<\/span><\/li>\n<li><span style=\"font-weight: 400;\">Imprim\u00e9 : SECURITY en jaune dans le dos, sur la poitrine et le bras droit<\/span><\/li>\n<li><span style=\"font-weight: 400;\">Les poignets, le col et la ceinture en polyester souple et \u00e9lastique<\/span><\/li>\n<li><span style=\"font-weight: 400;\">Fermetures \u00e9clair&nbsp;: \u00e9tanche YKK&nbsp;<\/span><\/li>\n<li><span style=\"font-weight: 400;\">Lavable \u00e0 30 degr\u00e9s<\/span><\/li>\n<li><span style=\"font-weight: 400;\">Poids : 300 gsm&nbsp;<\/span><\/li>\n<li><span style=\"font-weight: 400;\">Tailles : S, M, L, XL, 2XL&nbsp;<\/span><\/li>\n<li><span style=\"font-weight: 400;\">Sur demande, nous pouvons \u00e9galement produire des plus grandes tailles<\/span><\/li>\n<\/ul>\n","protected":false},"excerpt":{"rendered":"<p><span style=\"font-weight: 400;\">Veste softshell noire \u00e0 coupe classique et sportive avec impression&nbsp;<\/span><span style=\"font-weight: 400;\">\u00ab SECURITY \u00bb en jaune dans le dos, sur la manche droite et \u00e0 gauche sur la poitrine.<\/span><\/p>\n","protected":false},"featured_media":104108,"comment_status":"closed","ping_status":"closed","template":"","meta":{"inline_featured_image":false},"product_brand":[],"product_cat":[1602,1634,1606],"product_tag":[],"class_list":{"0":"post-104104","1":"product","2":"type-product","3":"status-publish","4":"has-post-thumbnail","6":"product_cat-vestes-en-softshell-pantalons-et-vetements-haute-visibilite","7":"product_cat-vestes-and-vetements-tactiques-couleurs-de-camouflage","8":"product_cat-vetements-haute-visibilite-et-lumineux","10":"first","11":"instock","12":"taxable","13":"shipping-taxable","14":"purchasable","15":"product-type-simple"},"_links":{"self":[{"href":"https:\/\/metal-badge.ch\/fr\/wp-json\/wp\/v2\/product\/104104","targetHints":{"allow":["GET"]}}],"collection":[{"href":"https:\/\/metal-badge.ch\/fr\/wp-json\/wp\/v2\/product"}],"about":[{"href":"https:\/\/metal-badge.ch\/fr\/wp-json\/wp\/v2\/types\/product"}],"replies":[{"embeddable":true,"href":"https:\/\/metal-badge.ch\/fr\/wp-json\/wp\/v2\/comments?post=104104"}],"wp:featuredmedia":[{"embeddable":true,"href":"https:\/\/metal-badge.ch\/fr\/wp-json\/wp\/v2\/media\/104108"}],"wp:attachment":[{"href":"https:\/\/metal-badge.ch\/fr\/wp-json\/wp\/v2\/media?parent=104104"}],"wp:term":[{"taxonomy":"product_brand","embeddable":true,"href":"https:\/\/metal-badge.ch\/fr\/wp-json\/wp\/v2\/product_brand?post=104104"},{"taxonomy":"product_cat","embeddable":true,"href":"https:\/\/metal-badge.ch\/fr\/wp-json\/wp\/v2\/product_cat?post=104104"},{"taxonomy":"product_tag","embeddable":true,"href":"https:\/\/metal-badge.ch\/fr\/wp-json\/wp\/v2\/product_tag?post=104104"}],"curies":[{"name":"wp","href":"https:\/\/api.w.org\/{rel}","templated":true}]}}