{"id":103952,"date":"2021-05-04T23:19:23","date_gmt":"2021-05-04T21:19:23","guid":{"rendered":"https:\/\/shop.metal-badge.ch\/product\/103952\/pull-over-a-capuche-hoodie-noir-avec-impression-dog-handler\/"},"modified":"2021-05-04T23:19:23","modified_gmt":"2021-05-04T21:19:23","slug":"pull-over-a-capuche-hoodie-noir-avec-impression-dog-handler","status":"publish","type":"product","link":"https:\/\/metal-badge.ch\/fr\/product\/103952\/pull-over-a-capuche-hoodie-noir-avec-impression-dog-handler\/","title":{"rendered":"Pull-over \u00e0 capuche \/ hoodie noir avec impression Dog Handler"},"content":{"rendered":"<p><span style=\"font-weight: 400;\">Sweat \u00e0 capuche agr\u00e9ablement doux avec fermeture \u00e9clair. La capuche comporte un long cordon noir. La fermeture \u00e9clair YKK est noire \u00e9galement. Deux grandes poches lat\u00e9rales compl\u00e8tent ce sweat-shirt sportif \u00e0 capuche. Enfin, un ourlet \u00e9lastique se trouve aux hanches et aux manches. Mati\u00e8re 75 % coton, 25 % polyester Impression r\u00e9fl\u00e9chissante grise \u00ab Dog Handler \u00bb sur le dos, la poitrine et les deux manches.&nbsp;&nbsp;<\/span><\/p>\n<p><b>Informations sur le produit&nbsp;:&nbsp;<\/b><\/p>\n<ul>\n<li><span style=\"font-weight: 400;\">Ajustement : serr\u00e9<\/span><span style=\"font-weight: 400;\"><br \/>\n<\/span><\/li>\n<li><span style=\"font-weight: 400;\">Capuche&nbsp;<\/span><\/li>\n<li><span style=\"font-weight: 400;\">Doublure int\u00e9rieure en polaire noire&nbsp;<\/span><\/li>\n<li><span style=\"font-weight: 400;\">Ourlet \u00e9lastique sur les manches et aux hanches&nbsp;<\/span><\/li>\n<li><span style=\"font-weight: 400;\">Deux grandes poches&nbsp;<\/span><\/li>\n<li><span style=\"font-weight: 400;\">Instructions d&rsquo;entretien : Lavage en machine \u00e0 40 degr\u00e9s&nbsp;<\/span><\/li>\n<li><span style=\"font-weight: 400;\">Couleur : noir<\/span><\/li>\n<li><span style=\"font-weight: 400;\">Fermeture \u00e9clair&nbsp;: YKK&nbsp;<\/span><\/li>\n<li><span style=\"font-weight: 400;\">320 GSM<\/span><\/li>\n<li><span style=\"font-weight: 400;\">Mati\u00e8re&nbsp;: 75 % coton, 25 % polyester<\/span><\/li>\n<li><span style=\"font-weight: 400;\">Impression : Dog Handler, r\u00e9fl\u00e9chissant&nbsp;&nbsp;<\/span><\/li>\n<li><span style=\"font-weight: 400;\">Tailles : S, M, L, XL, 2XL <\/span><\/li>\n<\/ul>\n","protected":false},"excerpt":{"rendered":"<p>Sweat \u00e0 capuche agr\u00e9ablement doux avec fermeture \u00e9clair. La capuche comporte un long cordon noir. La fermeture \u00e9clair YKK est noire \u00e9galement. Deux grandes poches lat\u00e9rales compl\u00e8tent ce sweat-shirt sportif \u00e0 capuche. Enfin, un ourlet \u00e9lastique se trouve aux hanches et aux manches. Mati\u00e8re 75 % coton, 25 % polyester Impression r\u00e9fl\u00e9chissante grise \u00ab Dog [&hellip;]<\/p>\n","protected":false},"featured_media":103921,"comment_status":"closed","ping_status":"closed","template":"","meta":{"inline_featured_image":false},"product_brand":[],"product_cat":[1582],"product_tag":[],"class_list":{"0":"post-103952","1":"product","2":"type-product","3":"status-publish","4":"has-post-thumbnail","6":"product_cat-sweats-a-capuche","8":"first","9":"instock","10":"taxable","11":"shipping-taxable","12":"purchasable","13":"product-type-simple"},"_links":{"self":[{"href":"https:\/\/metal-badge.ch\/fr\/wp-json\/wp\/v2\/product\/103952","targetHints":{"allow":["GET"]}}],"collection":[{"href":"https:\/\/metal-badge.ch\/fr\/wp-json\/wp\/v2\/product"}],"about":[{"href":"https:\/\/metal-badge.ch\/fr\/wp-json\/wp\/v2\/types\/product"}],"replies":[{"embeddable":true,"href":"https:\/\/metal-badge.ch\/fr\/wp-json\/wp\/v2\/comments?post=103952"}],"wp:featuredmedia":[{"embeddable":true,"href":"https:\/\/metal-badge.ch\/fr\/wp-json\/wp\/v2\/media\/103921"}],"wp:attachment":[{"href":"https:\/\/metal-badge.ch\/fr\/wp-json\/wp\/v2\/media?parent=103952"}],"wp:term":[{"taxonomy":"product_brand","embeddable":true,"href":"https:\/\/metal-badge.ch\/fr\/wp-json\/wp\/v2\/product_brand?post=103952"},{"taxonomy":"product_cat","embeddable":true,"href":"https:\/\/metal-badge.ch\/fr\/wp-json\/wp\/v2\/product_cat?post=103952"},{"taxonomy":"product_tag","embeddable":true,"href":"https:\/\/metal-badge.ch\/fr\/wp-json\/wp\/v2\/product_tag?post=103952"}],"curies":[{"name":"wp","href":"https:\/\/api.w.org\/{rel}","templated":true}]}}