{"id":103887,"date":"2021-05-04T16:54:54","date_gmt":"2021-05-04T14:54:54","guid":{"rendered":"https:\/\/shop.metal-badge.ch\/product\/103887\/pantalon-de-trekking-stretch-noir-marron\/"},"modified":"2021-05-04T16:54:54","modified_gmt":"2021-05-04T14:54:54","slug":"pantalon-de-trekking-stretch-noir-marron","status":"publish","type":"product","link":"https:\/\/metal-badge.ch\/fr\/product\/103887\/pantalon-de-trekking-stretch-noir-marron\/","title":{"rendered":"Pantalon de trekking stretch noir \/ marron"},"content":{"rendered":"<p><span style=\"font-weight: 400;\">Pantalon l\u00e9ger, fonctionnel et durable avec deux grandes poches arri\u00e8re \u00e0 fermeture \u00e9clair et deux grandes poches lat\u00e9rales orange \u00e0 fermeture \u00e9clair. Le pantalon s\u00e8che rapidement, est respirant, coupe-vent et d\u00e9perlant et offre une bonne libert\u00e9 de mouvement gr\u00e2ce \u00e0 la fonction stretch. Avec ce pantalon, vous pouvez affronter m\u00eame les terrains les plus difficiles. La ceinture est comprise.&nbsp;&nbsp;&nbsp;<\/span><\/p>\n<p><b>Informations du produit :&nbsp;<\/b><\/p>\n<ul>\n<li><span style=\"font-weight: 400;\">Pantalon fonctionnel extensible homme et femme<\/span><\/li>\n<li><span style=\"font-weight: 400;\">Ceinture \u00e9lastique<\/span><\/li>\n<li><span style=\"font-weight: 400;\">La ceinture est comprise&nbsp;<\/span><\/li>\n<li><span style=\"font-weight: 400;\">2 poches revolver avec fermeture \u00e9clair<\/span><\/li>\n<li><span style=\"font-weight: 400;\">2 poches lat\u00e9rales \u00e0 l&rsquo;avant avec fermeture \u00e9clair (orange)<\/span><\/li>\n<li><span style=\"font-weight: 400;\">Bon ajustement<\/span><\/li>\n<li><span style=\"font-weight: 400;\">S\u00e8che rapidement<\/span><\/li>\n<li><span style=\"font-weight: 400;\">Coupe-vent et \u00e9tanche<\/span><\/li>\n<li><span style=\"font-weight: 400;\">Poids&nbsp;: environ 230 g (taille L)<\/span><\/li>\n<li><span style=\"font-weight: 400;\">GSM&nbsp;:<\/span><\/li>\n<li><span style=\"font-weight: 400;\">facile d\u2019entretien Lavable en machine, non repassable&nbsp;<\/span><\/li>\n<li><span style=\"font-weight: 400;\">Couleur : noir \/ brun&nbsp;<\/span><\/li>\n<li><span style=\"font-weight: 400;\">Mati\u00e8re&nbsp;: 92 % polyester \/ 8 % \u00e9lasthanne<\/span><\/li>\n<li><span style=\"font-weight: 400;\">Tailles : S, M, L, XL, 2XL, 3XL\n<p><\/span><\/li>\n<\/ul>\n<table class=\"t1\" style=\"width: 65.58359621451105%; height: 397px;\" cellspacing=\"0\" cellpadding=\"0\">\n<tbody>\n<tr>\n<td class=\"td1\" style=\"text-align: center;\" valign=\"top\">\n<p class=\"p1\"><b>Sizes<\/b><\/p>\n<\/td>\n<td class=\"td1\" style=\"text-align: center;\" valign=\"top\">\n<p class=\"p1\"><b>Length (cm)<\/b><\/p>\n<\/td>\n<td class=\"td1\" style=\"text-align: center;\" valign=\"top\">\n<p class=\"p1\"><b>Waist (cm)<\/b><\/p>\n<\/td>\n<td class=\"td1\" style=\"text-align: center;\" valign=\"top\">\n<p class=\"p1\"><b>Hip (cm)<\/b><\/p>\n<\/td>\n<\/tr>\n<tr>\n<td class=\"td1\" style=\"text-align: center;\" valign=\"top\">\n<p class=\"p1\"><b>S<\/b><\/p>\n<\/td>\n<td class=\"td1\" style=\"text-align: center;\" valign=\"top\">\n<p class=\"p1\">98<\/p>\n<\/td>\n<td class=\"td1\" style=\"text-align: center;\" valign=\"top\">\n<p class=\"p1\">72 &#8211; 90<\/p>\n<\/td>\n<td class=\"td1\" style=\"text-align: center;\" valign=\"top\">\n<p class=\"p1\">96<\/p>\n<\/td>\n<\/tr>\n<tr>\n<td class=\"td1\" style=\"text-align: center;\" valign=\"top\">\n<p class=\"p1\"><b>M<\/b><\/p>\n<\/td>\n<td class=\"td1\" style=\"text-align: center;\" valign=\"top\">\n<p class=\"p1\">100<\/p>\n<\/td>\n<td class=\"td1\" style=\"text-align: center;\" valign=\"top\">\n<p class=\"p1\">74 &#8211; 93<\/p>\n<\/td>\n<td class=\"td1\" style=\"text-align: center;\" valign=\"top\">\n<p class=\"p1\">100<\/p>\n<\/td>\n<\/tr>\n<tr>\n<td class=\"td1\" style=\"text-align: center;\" valign=\"top\">\n<p class=\"p1\"><b>L<\/b><\/p>\n<\/td>\n<td class=\"td1\" style=\"text-align: center;\" valign=\"top\">\n<p class=\"p1\">102<\/p>\n<\/td>\n<td class=\"td1\" style=\"text-align: center;\" valign=\"top\">\n<p class=\"p1\">78 &#8211; 98<\/p>\n<\/td>\n<td class=\"td1\" style=\"text-align: center;\" valign=\"top\">\n<p class=\"p1\">104<\/p>\n<\/td>\n<\/tr>\n<tr>\n<td class=\"td1\" style=\"text-align: center;\" valign=\"top\">\n<p class=\"p1\"><b>XL<\/b><\/p>\n<\/td>\n<td class=\"td1\" style=\"text-align: center;\" valign=\"top\">\n<p class=\"p1\">104<\/p>\n<\/td>\n<td class=\"td1\" style=\"text-align: center;\" valign=\"top\">\n<p class=\"p1\">78 &#8211; 100<\/p>\n<\/td>\n<td class=\"td1\" style=\"text-align: center;\" valign=\"top\">\n<p class=\"p1\">108<\/p>\n<\/td>\n<\/tr>\n<tr>\n<td class=\"td1\" style=\"text-align: center;\" valign=\"top\">\n<p class=\"p1\"><b>2XL<\/b><\/p>\n<\/td>\n<td class=\"td1\" style=\"text-align: center;\" valign=\"top\">\n<p class=\"p1\">108<\/p>\n<\/td>\n<td class=\"td1\" style=\"text-align: center;\" valign=\"top\">\n<p class=\"p1\">80 &#8211; 103<\/p>\n<\/td>\n<td class=\"td1\" style=\"text-align: center;\" valign=\"top\">\n<p class=\"p1\">112<\/p>\n<\/td>\n<\/tr>\n<tr>\n<td class=\"td1\" style=\"text-align: center;\" valign=\"top\">\n<p class=\"p1\"><b>3XL<\/b><\/p>\n<\/td>\n<td class=\"td1\" style=\"text-align: center;\" valign=\"top\">\n<p class=\"p1\">108<\/p>\n<\/td>\n<td class=\"td1\" style=\"text-align: center;\" valign=\"top\">\n<p class=\"p1\">82 &#8211; 106<\/p>\n<\/td>\n<td class=\"td1\" style=\"text-align: center;\" valign=\"top\">\n<p class=\"p1\">114<\/p>\n<\/td>\n<\/tr>\n<\/tbody>\n<\/table>\n","protected":false},"excerpt":{"rendered":"<p><span style=\"font-weight: 400;\">Pantalon l\u00e9ger, fonctionnel et durable avec deux grandes poches arri\u00e8re \u00e0 fermeture \u00e9clair et deux grandes poches lat\u00e9rales orange \u00e0 fermeture \u00e9clair. Le pantalon s\u00e8che rapidement, est respirant, coupe-vent et d\u00e9perlant et offre une bonne libert\u00e9 de mouvement gr\u00e2ce \u00e0 la fonction stretch. Avec ce pantalon, vous pouvez affronter m\u00eame les terrains les plus difficiles. La ceinture est comprise.&nbsp;&nbsp;&nbsp;<\/span><\/p>\n","protected":false},"featured_media":103860,"comment_status":"closed","ping_status":"closed","template":"","meta":{"inline_featured_image":false},"product_brand":[],"product_cat":[1614],"product_tag":[],"class_list":{"0":"post-103887","1":"product","2":"type-product","3":"status-publish","4":"has-post-thumbnail","6":"product_cat-pantalons-et-shorts","8":"first","9":"instock","10":"taxable","11":"shipping-taxable","12":"purchasable","13":"product-type-simple"},"_links":{"self":[{"href":"https:\/\/metal-badge.ch\/fr\/wp-json\/wp\/v2\/product\/103887","targetHints":{"allow":["GET"]}}],"collection":[{"href":"https:\/\/metal-badge.ch\/fr\/wp-json\/wp\/v2\/product"}],"about":[{"href":"https:\/\/metal-badge.ch\/fr\/wp-json\/wp\/v2\/types\/product"}],"replies":[{"embeddable":true,"href":"https:\/\/metal-badge.ch\/fr\/wp-json\/wp\/v2\/comments?post=103887"}],"wp:featuredmedia":[{"embeddable":true,"href":"https:\/\/metal-badge.ch\/fr\/wp-json\/wp\/v2\/media\/103860"}],"wp:attachment":[{"href":"https:\/\/metal-badge.ch\/fr\/wp-json\/wp\/v2\/media?parent=103887"}],"wp:term":[{"taxonomy":"product_brand","embeddable":true,"href":"https:\/\/metal-badge.ch\/fr\/wp-json\/wp\/v2\/product_brand?post=103887"},{"taxonomy":"product_cat","embeddable":true,"href":"https:\/\/metal-badge.ch\/fr\/wp-json\/wp\/v2\/product_cat?post=103887"},{"taxonomy":"product_tag","embeddable":true,"href":"https:\/\/metal-badge.ch\/fr\/wp-json\/wp\/v2\/product_tag?post=103887"}],"curies":[{"name":"wp","href":"https:\/\/api.w.org\/{rel}","templated":true}]}}