{"id":103840,"date":"2021-05-04T09:10:20","date_gmt":"2021-05-04T07:10:20","guid":{"rendered":"https:\/\/shop.metal-badge.ch\/product\/103840\/veste-fonctionnelle-triple-fonction-capuche-doublure-polaire-partielle\/"},"modified":"2021-05-04T09:10:20","modified_gmt":"2021-05-04T07:10:20","slug":"veste-fonctionnelle-triple-fonction-capuche-doublure-polaire-partielle","status":"publish","type":"product","link":"https:\/\/metal-badge.ch\/fr\/product\/103840\/veste-fonctionnelle-triple-fonction-capuche-doublure-polaire-partielle\/","title":{"rendered":"Veste fonctionnelle, triple fonction, capuche, doublure polaire partielle"},"content":{"rendered":"<p><span style=\"font-weight: 400;\">Veste fonctionnelle de couleur olive avec trois grandes poches \u00e9tanches \u00e0 fermeture \u00e9clair. Les fermetures \u00e9clair imperm\u00e9ables sont jaunes et \u00e9quip\u00e9es d&rsquo;une glissi\u00e8re prolong\u00e9e. Cette veste fonctionnelle est coupe-vent, respirante et d\u00e9perlante comporte une capuche amovible et r\u00e9glable. La veste peut \u00eatre ouverte confortablement par le bas et par le haut gr\u00e2ce \u00e0 la double fermeture \u00e9clair avant et recouverte de la bande de fermeture avec un bouton-pression. Les poignets \u00e9lastiques sont r\u00e9glables \u00e0 l&rsquo;aide de velcros L&rsquo;ourlet est r\u00e9glable avec un \u00e9lastique, \u00e0 l&rsquo;int\u00e9rieur. <\/span><span style=\"font-weight: 400;\">Gr\u00e2ce \u00e0 sa fonction 3 en 1, la polaire int\u00e9rieure chaude et la veste ext\u00e9rieure coupe-vent et d\u00e9perlante en polyester peuvent \u00eatre port\u00e9es s\u00e9par\u00e9ment ou \u00eatre zipp\u00e9es ensemble. Vous \u00eates donc parfaitement \u00e9quip\u00e9 pour faire face \u00e0 tous les temps. La polaire int\u00e9rieure olive comporte deux grandes poches \u00e0 tirettes. <\/span><span style=\"font-weight: 400;\"><br \/>\n<\/span><\/p>\n<p><b>Informations du produit :&nbsp;<\/b><\/p>\n<ul>\n<li><span style=\"font-weight: 400;\">Mod\u00e8le : Veste mode 3 en 1 avec polaire int\u00e9rieur amovible<\/span><\/li>\n<li><span style=\"font-weight: 400;\">Mati\u00e8re&nbsp;: Veste int\u00e9rieure 100 % polyester \/ veste int\u00e9rieure : polaire&nbsp;&nbsp;<\/span><\/li>\n<li><span style=\"font-weight: 400;\">Lavable : 40 degr\u00e9s<\/span><\/li>\n<li><span style=\"font-weight: 400;\">Couleur : olive \/ gris<\/span><\/li>\n<li><span style=\"font-weight: 400;\">capuche amovible et r\u00e9glable en largeur<\/span><\/li>\n<li><span style=\"font-weight: 400;\">ventilation aux aisselles<\/span><\/li>\n<li><span style=\"font-weight: 400;\">hydrofuge, coupe-vent, respirant&nbsp;<\/span><\/li>\n<li><span style=\"font-weight: 400;\">Doublure en polaire chaude&nbsp;<\/span><\/li>\n<li><span style=\"font-weight: 400;\">La polaire peut \u00eatre enlev\u00e9e par une fermeture \u00e9clair et port\u00e9e s\u00e9par\u00e9ment&nbsp;&nbsp;<\/span><\/li>\n<li><span style=\"font-weight: 400;\">Double fermeture \u00e9clair sur toute la longueur avec bande de protection<\/span><\/li>\n<li><span style=\"font-weight: 400;\">3 grandes poches ext\u00e9rieures imperm\u00e9ables avec fermeture \u00e9clair<\/span><\/li>\n<li><span style=\"font-weight: 400;\">2 grandes poches \u00e0 fermeture \u00e9clair sur la polaire&nbsp;<\/span><\/li>\n<li><span style=\"font-weight: 400;\">Poignets \u00e9lastiques r\u00e9glables<\/span><\/li>\n<li><span style=\"font-weight: 400;\">Ceinture r\u00e9glable avec un cordon \u00e9lastique<\/span><\/li>\n<li><span style=\"font-weight: 400;\">Poids : 1280 g&nbsp;<\/span><\/li>\n<li><span style=\"font-weight: 400;\">Tailles : M, L, XL, 2XL<\/span><\/li>\n<\/ul>\n","protected":false},"excerpt":{"rendered":"<p><span style=\"font-weight: 400;\">Veste fonctionnelle de couleur olive avec trois grandes poches \u00e9tanches \u00e0 fermeture \u00e9clair. Les fermetures \u00e9clair imperm\u00e9ables sont jaunes et \u00e9quip\u00e9es d&rsquo;une glissi\u00e8re prolong\u00e9e. Cette veste fonctionnelle est coupe-vent, respirante et d\u00e9perlante comporte une capuche amovible et r\u00e9glable. <\/span><\/p>\n","protected":false},"featured_media":103777,"comment_status":"closed","ping_status":"closed","template":"","meta":{"inline_featured_image":false},"product_brand":[],"product_cat":[2189,1610],"product_tag":[],"class_list":{"0":"post-103840","1":"product","2":"type-product","3":"status-publish","4":"has-post-thumbnail","6":"product_cat-vetementsdeloisirs","7":"product_cat-veste-en-polaire","9":"first","10":"instock","11":"taxable","12":"shipping-taxable","13":"purchasable","14":"product-type-simple"},"_links":{"self":[{"href":"https:\/\/metal-badge.ch\/fr\/wp-json\/wp\/v2\/product\/103840","targetHints":{"allow":["GET"]}}],"collection":[{"href":"https:\/\/metal-badge.ch\/fr\/wp-json\/wp\/v2\/product"}],"about":[{"href":"https:\/\/metal-badge.ch\/fr\/wp-json\/wp\/v2\/types\/product"}],"replies":[{"embeddable":true,"href":"https:\/\/metal-badge.ch\/fr\/wp-json\/wp\/v2\/comments?post=103840"}],"wp:featuredmedia":[{"embeddable":true,"href":"https:\/\/metal-badge.ch\/fr\/wp-json\/wp\/v2\/media\/103777"}],"wp:attachment":[{"href":"https:\/\/metal-badge.ch\/fr\/wp-json\/wp\/v2\/media?parent=103840"}],"wp:term":[{"taxonomy":"product_brand","embeddable":true,"href":"https:\/\/metal-badge.ch\/fr\/wp-json\/wp\/v2\/product_brand?post=103840"},{"taxonomy":"product_cat","embeddable":true,"href":"https:\/\/metal-badge.ch\/fr\/wp-json\/wp\/v2\/product_cat?post=103840"},{"taxonomy":"product_tag","embeddable":true,"href":"https:\/\/metal-badge.ch\/fr\/wp-json\/wp\/v2\/product_tag?post=103840"}],"curies":[{"name":"wp","href":"https:\/\/api.w.org\/{rel}","templated":true}]}}