{"id":103676,"date":"2021-05-04T07:09:56","date_gmt":"2021-05-04T05:09:56","guid":{"rendered":"https:\/\/shop.metal-badge.ch\/product\/103676\/veste-coupe-vent-pour-homme-impermeable\/"},"modified":"2021-05-04T08:28:17","modified_gmt":"2021-05-04T06:28:17","slug":"veste-coupe-vent-pour-homme-impermeable-bleu","status":"publish","type":"product","link":"https:\/\/metal-badge.ch\/fr\/product\/103676\/veste-coupe-vent-pour-homme-impermeable-bleu\/","title":{"rendered":"Veste coupe-vent pour homme imperm\u00e9able &#8211; bleu"},"content":{"rendered":"<p><span style=\"font-weight: 400;\">Une veste particuli\u00e8rement l\u00e9g\u00e8re, hydrofuge et coupe-vent. La capuche est int\u00e9gr\u00e9e dans le col et poss\u00e8de un cordon \u00e9lastique. Fermeture \u00e9clair sur toute la longueur, deux grandes poches lat\u00e9rales avec fermeture \u00e9clair. Extr\u00e9mit\u00e9s des manches \u00e9lastiques qui ferment bien. Ceinture avec cordon \u00e9lastique r\u00e9glable. La veste est faite en nylon avec un rev\u00eatement AC. La veste coupe-vent ultral\u00e9g\u00e8re, qui ne p\u00e8se que 150 grammes, s&rsquo;enroule tr\u00e8s facilement et trouve sa place dans toutes les poches de pantalon. Avec sa coupe qui assure une bonne libert\u00e9 de mouvement, cette veste d&rsquo;entra\u00eenement convient pour le jogging, la course \u00e0 pied en montagne ou au bord de la mer. Un coupe-vent id\u00e9al.&nbsp;&nbsp;<\/span><\/p>\n<p><b>Informations du produit :<\/b><\/p>\n<ul>\n<li><span style=\"font-weight: 400;\">Coupe-vent CP1-153<\/span><\/li>\n<li><span style=\"font-weight: 400;\">Mati\u00e8re&nbsp;: 100 % nylon ripstop avec rev\u00eatement AC<\/span><\/li>\n<li><span style=\"font-weight: 400;\">Couleur : bleu<\/span><\/li>\n<li><span style=\"font-weight: 400;\">Peut \u00eatre rang\u00e9 dans le col avec une capuche&nbsp;<\/span><\/li>\n<li><span style=\"font-weight: 400;\">Capuche : avec cordon de serrage pour le r\u00e9glage<\/span><\/li>\n<li><span style=\"font-weight: 400;\">Protection contre le vent : r\u00e9sistant au vent&nbsp;<\/span><\/li>\n<li><span style=\"font-weight: 400;\">Protection contre la pluie : hydrofuge<\/span><\/li>\n<li><span style=\"font-weight: 400;\">Coupe moderne avec une bonne libert\u00e9 de mouvement<\/span><\/li>\n<li><span style=\"font-weight: 400;\">Poids : 160 g, ultral\u00e9ger<\/span><\/li>\n<li><span style=\"font-weight: 400;\">Manches \u00e0 droite et \u00e0 gauche \u00e0 l&rsquo;ext\u00e9rieur : Patch pelucheux pour la fixation de logos, etc. largeur 9 cm x 6 cm de hauteur<\/span><\/li>\n<li><span style=\"font-weight: 400;\">Deux grandes poches ext\u00e9rieures avec fermeture \u00e9clair&nbsp;<\/span><\/li>\n<li><span style=\"font-weight: 400;\">Extr\u00e9mit\u00e9s des manches \u00e9lastiques qui ferment bien<\/span><\/li>\n<li><span style=\"font-weight: 400;\">Ceinture avec cordon \u00e9lastique r\u00e9glable&nbsp;<\/span><\/li>\n<li><span style=\"font-weight: 400;\">Tailles : S, M, L, XL, 2XL, 3XL<\/span><\/li>\n<\/ul>\n<table style=\"width: 69.11912353347272%; height: 256px;\" cellspacing=\"0\" cellpadding=\"0\">\n<tbody>\n<tr>\n<td style=\"width: 30.70739549839228%;\" valign=\"top\">&nbsp;<\/td>\n<td style=\"width: 10.128617363344052%; text-align: center;\" valign=\"top\"><b>S<\/b><\/td>\n<td style=\"width: 9.807073954983924%; text-align: center;\" valign=\"top\"><b>M<\/b><\/td>\n<td style=\"width: 9.967845659163988%; text-align: center;\" valign=\"top\"><b>L<\/b><\/td>\n<td style=\"width: 10.610932475884244%; text-align: center;\" valign=\"top\"><b>XL<\/b><\/td>\n<td style=\"width: 14.14790996784566%; text-align: center;\" valign=\"top\"><b>2XL<\/b><\/td>\n<td style=\"width: 14.469453376205788%; text-align: center;\" valign=\"top\"><b>3XL<\/b><\/td>\n<\/tr>\n<tr>\n<td style=\"width: 30.70739549839228%;\" valign=\"top\"><b>Length<\/b><\/td>\n<td style=\"width: 10.128617363344052%; text-align: center;\" valign=\"top\">71<\/td>\n<td style=\"width: 9.807073954983924%; text-align: center;\" valign=\"top\">73<\/td>\n<td style=\"width: 9.967845659163988%; text-align: center;\" valign=\"top\">75<\/td>\n<td style=\"width: 10.610932475884244%; text-align: center;\" valign=\"top\">77<\/td>\n<td style=\"width: 14.14790996784566%; text-align: center;\" valign=\"top\">79<\/td>\n<td style=\"width: 14.469453376205788%; text-align: center;\" valign=\"top\">81<\/td>\n<\/tr>\n<tr>\n<td style=\"width: 30.70739549839228%;\" valign=\"top\"><b>Shoulder<\/b><\/td>\n<td style=\"width: 10.128617363344052%; text-align: center;\" valign=\"top\">47<\/td>\n<td style=\"width: 9.807073954983924%; text-align: center;\" valign=\"top\">48<\/td>\n<td style=\"width: 9.967845659163988%; text-align: center;\" valign=\"top\">49<\/td>\n<td style=\"width: 10.610932475884244%; text-align: center;\" valign=\"top\">50<\/td>\n<td style=\"width: 14.14790996784566%; text-align: center;\" valign=\"top\">51<\/td>\n<td style=\"width: 14.469453376205788%; text-align: center;\" valign=\"top\">52<\/td>\n<\/tr>\n<tr>\n<td style=\"width: 30.70739549839228%;\" valign=\"top\"><b>Chest<\/b><\/td>\n<td style=\"width: 10.128617363344052%; text-align: center;\" valign=\"top\">110<\/td>\n<td style=\"width: 9.807073954983924%; text-align: center;\" valign=\"top\">114<\/td>\n<td style=\"width: 9.967845659163988%; text-align: center;\" valign=\"top\">118<\/td>\n<td style=\"width: 10.610932475884244%; text-align: center;\" valign=\"top\">122<\/td>\n<td style=\"width: 14.14790996784566%; text-align: center;\" valign=\"top\">126<\/td>\n<td style=\"width: 14.469453376205788%; text-align: center;\" valign=\"top\">130<\/td>\n<\/tr>\n<tr>\n<td style=\"width: 30.70739549839228%;\" valign=\"top\"><b>Sleeve<\/b><\/td>\n<td style=\"width: 10.128617363344052%; text-align: center;\" valign=\"top\">62<\/td>\n<td style=\"width: 9.807073954983924%; text-align: center;\" valign=\"top\">63<\/td>\n<td style=\"width: 9.967845659163988%; text-align: center;\" valign=\"top\">64<\/td>\n<td style=\"width: 10.610932475884244%; text-align: center;\" valign=\"top\">65<\/td>\n<td style=\"width: 14.14790996784566%; text-align: center;\" valign=\"top\">66<\/td>\n<td style=\"width: 14.469453376205788%; text-align: center;\" valign=\"top\">67<\/td>\n<\/tr>\n<\/tbody>\n<\/table>\n","protected":false},"excerpt":{"rendered":"<p><span style=\"font-weight: 400;\">Une veste particuli\u00e8rement l\u00e9g\u00e8re, hydrofuge et coupe-vent. La capuche est int\u00e9gr\u00e9e dans le col et poss\u00e8de un cordon \u00e9lastique. Fermeture \u00e9clair sur toute la longueur, deux grandes poches lat\u00e9rales avec fermeture \u00e9clair. Extr\u00e9mit\u00e9s des manches \u00e9lastiques qui ferment bien. Ceinture avec cordon \u00e9lastique r\u00e9glable. La veste est faite en nylon avec un rev\u00eatement AC. La veste coupe-vent ultral\u00e9g\u00e8re, qui ne p\u00e8se que 150 grammes, s&rsquo;enroule tr\u00e8s facilement et trouve sa place dans toutes les poches de pantalon. Avec sa coupe qui assure une bonne libert\u00e9 de mouvement, cette veste d&rsquo;entra\u00eenement convient pour le jogging, la course \u00e0 pied en montagne ou au bord de la mer. Un coupe-vent id\u00e9al.&nbsp;&nbsp;<\/span><\/p>\n","protected":false},"featured_media":103633,"comment_status":"closed","ping_status":"closed","template":"","meta":{"inline_featured_image":false},"product_brand":[],"product_cat":[1598],"product_tag":[1765],"class_list":{"0":"post-103676","1":"product","2":"type-product","3":"status-publish","4":"has-post-thumbnail","6":"product_cat-coupe-vent","7":"product_tag-sport-outdoor-fr","9":"first","10":"instock","11":"taxable","12":"shipping-taxable","13":"purchasable","14":"product-type-simple"},"_links":{"self":[{"href":"https:\/\/metal-badge.ch\/fr\/wp-json\/wp\/v2\/product\/103676","targetHints":{"allow":["GET"]}}],"collection":[{"href":"https:\/\/metal-badge.ch\/fr\/wp-json\/wp\/v2\/product"}],"about":[{"href":"https:\/\/metal-badge.ch\/fr\/wp-json\/wp\/v2\/types\/product"}],"replies":[{"embeddable":true,"href":"https:\/\/metal-badge.ch\/fr\/wp-json\/wp\/v2\/comments?post=103676"}],"wp:featuredmedia":[{"embeddable":true,"href":"https:\/\/metal-badge.ch\/fr\/wp-json\/wp\/v2\/media\/103633"}],"wp:attachment":[{"href":"https:\/\/metal-badge.ch\/fr\/wp-json\/wp\/v2\/media?parent=103676"}],"wp:term":[{"taxonomy":"product_brand","embeddable":true,"href":"https:\/\/metal-badge.ch\/fr\/wp-json\/wp\/v2\/product_brand?post=103676"},{"taxonomy":"product_cat","embeddable":true,"href":"https:\/\/metal-badge.ch\/fr\/wp-json\/wp\/v2\/product_cat?post=103676"},{"taxonomy":"product_tag","embeddable":true,"href":"https:\/\/metal-badge.ch\/fr\/wp-json\/wp\/v2\/product_tag?post=103676"}],"curies":[{"name":"wp","href":"https:\/\/api.w.org\/{rel}","templated":true}]}}