{"id":103537,"date":"2021-05-02T07:43:20","date_gmt":"2021-05-02T05:43:20","guid":{"rendered":"https:\/\/shop.metal-badge.ch\/product\/103537\/lampe-de-poche-de-velo-led-bleu\/"},"modified":"2021-05-02T07:43:20","modified_gmt":"2021-05-02T05:43:20","slug":"lampe-de-poche-de-velo-led-bleu","status":"publish","type":"product","link":"https:\/\/metal-badge.ch\/fr\/product\/103537\/lampe-de-poche-de-velo-led-bleu\/","title":{"rendered":"Lampe de poche de v\u00e9lo LED  &#8211; bleu"},"content":{"rendered":"<p><span style=\"font-weight: 400;\">Lampe de poche magn\u00e9tique &#8211; Petite lampe de poche LED super brillante avec mousqueton. Id\u00e9al sur le v\u00e9lo sur un sac \u00e0 dos, un porte-cl\u00e9s, etc.&nbsp;<\/span><\/p>\n<p><span style=\"font-weight: 400;\">La lumi\u00e8re LED est \u00e9quip\u00e9e de 3 modes. Lumi\u00e8re rouge clignotante, rouge fixe et blanche. LED brillante avec pile bouton.&nbsp;<\/span><\/p>\n<p><b>Informations du produit :&nbsp;<\/b><\/p>\n<ul>\n<li><span style=\"font-weight: 400;\">Mod\u00e8le : Lampe LED avec aimant<\/span><\/li>\n<li><span style=\"font-weight: 400;\">Pile incluse : Pile bouton CR2032&nbsp;<\/span><\/li>\n<li><span style=\"font-weight: 400;\">3 modes : mode clignotant rouge \/ rouge fixe \/ blanc brillant&nbsp;<\/span><\/li>\n<li><span style=\"font-weight: 400;\">80 lumen<\/span><\/li>\n<li><span style=\"font-weight: 400;\">Couleurs : bleu&nbsp;<\/span><\/li>\n<\/ul>\n<p>&nbsp;<\/p>\n","protected":false},"excerpt":{"rendered":"<p><span style=\"font-weight: 400;\">Lampe de poche magn\u00e9tique &#8211; Petite lampe de poche LED super brillante avec mousqueton. Id\u00e9al sur le v\u00e9lo sur un sac \u00e0 dos, un porte-cl\u00e9s, etc.&nbsp;<\/span><\/p>\n<p><span style=\"font-weight: 400;\">La lumi\u00e8re LED est \u00e9quip\u00e9e de 3 modes. Lumi\u00e8re rouge clignotante, rouge fixe et blanche. LED brillante avec pile bouton.&nbsp;<\/span><\/p>\n","protected":false},"featured_media":103502,"comment_status":"closed","ping_status":"closed","template":"","meta":{"inline_featured_image":false},"product_brand":[],"product_cat":[1343],"product_tag":[],"class_list":{"0":"post-103537","1":"product","2":"type-product","3":"status-publish","4":"has-post-thumbnail","6":"product_cat-lampes-lampes-de-poche","8":"first","9":"instock","10":"taxable","11":"shipping-taxable","12":"purchasable","13":"product-type-simple"},"_links":{"self":[{"href":"https:\/\/metal-badge.ch\/fr\/wp-json\/wp\/v2\/product\/103537","targetHints":{"allow":["GET"]}}],"collection":[{"href":"https:\/\/metal-badge.ch\/fr\/wp-json\/wp\/v2\/product"}],"about":[{"href":"https:\/\/metal-badge.ch\/fr\/wp-json\/wp\/v2\/types\/product"}],"replies":[{"embeddable":true,"href":"https:\/\/metal-badge.ch\/fr\/wp-json\/wp\/v2\/comments?post=103537"}],"wp:featuredmedia":[{"embeddable":true,"href":"https:\/\/metal-badge.ch\/fr\/wp-json\/wp\/v2\/media\/103502"}],"wp:attachment":[{"href":"https:\/\/metal-badge.ch\/fr\/wp-json\/wp\/v2\/media?parent=103537"}],"wp:term":[{"taxonomy":"product_brand","embeddable":true,"href":"https:\/\/metal-badge.ch\/fr\/wp-json\/wp\/v2\/product_brand?post=103537"},{"taxonomy":"product_cat","embeddable":true,"href":"https:\/\/metal-badge.ch\/fr\/wp-json\/wp\/v2\/product_cat?post=103537"},{"taxonomy":"product_tag","embeddable":true,"href":"https:\/\/metal-badge.ch\/fr\/wp-json\/wp\/v2\/product_tag?post=103537"}],"curies":[{"name":"wp","href":"https:\/\/api.w.org\/{rel}","templated":true}]}}