{"id":103497,"date":"2021-05-02T06:29:28","date_gmt":"2021-05-02T04:29:28","guid":{"rendered":"https:\/\/shop.metal-badge.ch\/product\/103497\/pantalons-de-chasse-dexterieur-wildtail\/"},"modified":"2021-05-02T06:29:28","modified_gmt":"2021-05-02T04:29:28","slug":"pantalons-de-chasse-dexterieur-wildtail","status":"publish","type":"product","link":"https:\/\/metal-badge.ch\/fr\/product\/103497\/pantalons-de-chasse-dexterieur-wildtail\/","title":{"rendered":"Pantalons de chasse d&rsquo;ext\u00e9rieur Wildtail"},"content":{"rendered":"<p><span style=\"font-weight: 400;\">Pantalon de chasse d&rsquo;ext\u00e9rieur \u00e0 la coupe fantastique, avec des renforcements et un tissu en nylon r\u00e9sistant \u00e0 l&rsquo;abrasion qui a \u00e9galement des propri\u00e9t\u00e9s hydrofuges. D&rsquo;un look unique, et gr\u00e2ce \u00e0 sa coupe ing\u00e9nieuse, ce pantalon de chasse d&rsquo;ext\u00e9rieur offre <\/span><span style=\"font-weight: 400;\">un tr\u00e8s grand confort de port<\/span><span style=\"font-weight: 400;\">.<\/span><\/p>\n<p><span style=\"font-weight: 400;\">Le pantalon fonctionnel de chasse et de randonn\u00e9e de Wildtail, avec sa taille \u00e0 bande \u00e9lastique, \u00e9quip\u00e9 de deux poches lat\u00e9rales sur les jambes avec fermeture \u00e9clair \u00e9tanche, deux grandes poches arri\u00e8re avec fermeture \u00e9clair \u00e9tanche et deux grandes poches lat\u00e9rales \u00e0 l&rsquo;avant. Renforcements sur les fessiers et le bas des jambes ainsi que sur les poches. <\/span><\/p>\n<p><span style=\"font-weight: 400;\">Ces zones sont constitu\u00e9es d&rsquo;un rev\u00eatement en nylon r\u00e9sistant \u00e0 l&rsquo;abrasion et hautement hydrofuge. Les poignets des jambes sont \u00e9lastiques et r\u00e9glables par velcro. Ce pantalon d&rsquo;ext\u00e9rieur durable peut \u00eatre transform\u00e9 en short en un instant gr\u00e2ce aux fermetures \u00e9clair des deux jambes.&nbsp;<\/span><\/p>\n<p><b>Informations du produit :<\/b><\/p>\n<ul>\n<li><span style=\"font-weight: 400;\">Marque : Wildtail<\/span><\/li>\n<li><span style=\"font-weight: 400;\">Couleur : olive \/ noir&nbsp;<\/span><\/li>\n<li><span style=\"font-weight: 400;\">Mati\u00e8re&nbsp;: Coton \/ nylon&nbsp;<\/span><\/li>\n<li><span style=\"font-weight: 400;\">Boucles de ceinture 6 cm&nbsp;<\/span><\/li>\n<li><span style=\"font-weight: 400;\">Rev\u00eatement sup\u00e9rieur en nylon hautement hydrofuge et r\u00e9sistant \u00e0 l&rsquo;abrasion<\/span><\/li>\n<li><span style=\"font-weight: 400;\">Confortable&nbsp;<\/span><\/li>\n<li><span style=\"font-weight: 400;\">Poids : 220 gsm \u2013 250 gsm<\/span><\/li>\n<li><span style=\"font-weight: 400;\">Poches aux jambes et au dos avec fermeture \u00e9clair YKK \u00e9tanche<\/span><\/li>\n<li><span style=\"font-weight: 400;\">Libert\u00e9 de mouvement optimale<\/span><\/li>\n<li><span style=\"font-weight: 400;\">Poignets ajustables et \u00e9lastiques<\/span><\/li>\n<li><span style=\"font-weight: 400;\">Pattes de pantalon d\u00e9tachables&nbsp;<\/span><\/li>\n<li><span style=\"font-weight: 400;\">Deux grandes poches avant<\/span><\/li>\n<li><span style=\"font-weight: 400;\">Deux grandes poches arri\u00e8re avec fermeture \u00e9clair \u00e9tanche Dimensions : largeur 15 cm x hauteur 18 cm<\/span><\/li>\n<li><span style=\"font-weight: 400;\">Deux grandes poches sur les jambes avec fermeture \u00e9clair \u00e9tanche Dimensions : largeur 15 cm x hauteur 18 cm<\/span><\/li>\n<li><span style=\"font-weight: 400;\">Taille \u00e9lastique<\/span><\/li>\n<li><span style=\"font-weight: 400;\">Saisons : printemps, \u00e9t\u00e9, automne<\/span><\/li>\n<li><span style=\"font-weight: 400;\">Tailles : S, M, L, XL, 2XL, 3XL <\/span><\/li>\n<\/ul>\n","protected":false},"excerpt":{"rendered":"<p><span style=\"font-weight: 400;\">Pantalon de chasse d&rsquo;ext\u00e9rieur \u00e0 la coupe fantastique, avec des renforcements et un tissu en nylon r\u00e9sistant \u00e0 l&rsquo;abrasion qui a \u00e9galement des propri\u00e9t\u00e9s hydrofuges. D&rsquo;un look unique, et gr\u00e2ce \u00e0 sa coupe ing\u00e9nieuse, ce pantalon de chasse d&rsquo;ext\u00e9rieur offre <\/span><span style=\"font-weight: 400;\">un tr\u00e8s grand confort de port<\/span><span style=\"font-weight: 400;\">.<\/span><\/p>\n","protected":false},"featured_media":103458,"comment_status":"closed","ping_status":"closed","template":"","meta":{"inline_featured_image":false},"product_brand":[],"product_cat":[1614,1602],"product_tag":[],"class_list":{"0":"post-103497","1":"product","2":"type-product","3":"status-publish","4":"has-post-thumbnail","6":"product_cat-pantalons-et-shorts","7":"product_cat-vestes-en-softshell-pantalons-et-vetements-haute-visibilite","9":"first","10":"instock","11":"taxable","12":"shipping-taxable","13":"purchasable","14":"product-type-simple"},"_links":{"self":[{"href":"https:\/\/metal-badge.ch\/fr\/wp-json\/wp\/v2\/product\/103497","targetHints":{"allow":["GET"]}}],"collection":[{"href":"https:\/\/metal-badge.ch\/fr\/wp-json\/wp\/v2\/product"}],"about":[{"href":"https:\/\/metal-badge.ch\/fr\/wp-json\/wp\/v2\/types\/product"}],"replies":[{"embeddable":true,"href":"https:\/\/metal-badge.ch\/fr\/wp-json\/wp\/v2\/comments?post=103497"}],"wp:featuredmedia":[{"embeddable":true,"href":"https:\/\/metal-badge.ch\/fr\/wp-json\/wp\/v2\/media\/103458"}],"wp:attachment":[{"href":"https:\/\/metal-badge.ch\/fr\/wp-json\/wp\/v2\/media?parent=103497"}],"wp:term":[{"taxonomy":"product_brand","embeddable":true,"href":"https:\/\/metal-badge.ch\/fr\/wp-json\/wp\/v2\/product_brand?post=103497"},{"taxonomy":"product_cat","embeddable":true,"href":"https:\/\/metal-badge.ch\/fr\/wp-json\/wp\/v2\/product_cat?post=103497"},{"taxonomy":"product_tag","embeddable":true,"href":"https:\/\/metal-badge.ch\/fr\/wp-json\/wp\/v2\/product_tag?post=103497"}],"curies":[{"name":"wp","href":"https:\/\/api.w.org\/{rel}","templated":true}]}}